{"id":2,"date":"2021-10-15T08:57:22","date_gmt":"2021-10-15T08:57:22","guid":{"rendered":"https:\/\/www.henrikskovvvs.dk\/?page_id=2"},"modified":"2026-01-16T13:57:40","modified_gmt":"2026-01-16T13:57:40","slug":"forside","status":"publish","type":"page","link":"https:\/\/www.henrikskovvvs.dk\/","title":{"rendered":"Forside"},"content":{"rendered":"<div class=\"slideshow-container\"><div class=\"mySlides fade\"><img decoding=\"async\" style=\"width:100%\" src=\"https:\/\/www.henrikskovvvs.dk\/wp-content\/uploads\/2022\/07\/220609_5167_JJ_Henrik_Skov_VVS_0026.jpg\" ><div><div class=\"text\"><h2>Vi har gjort os umage hver dag i over 20 \u00e5r, og det g\u00f8r vi ogs\u00e5 hos dig!<\/h2><\/div><\/div><\/div><div class=\"mySlides fade\"><img decoding=\"async\" style=\"width:100%\" src=\"https:\/\/www.henrikskovvvs.dk\/wp-content\/uploads\/2022\/07\/220609_5167_JJ_Henrik_Skov_VVS_0029.jpg\" ><div><div class=\"text\"><h2>Vi har gjort os umage hver dag i over 20 \u00e5r, og det g\u00f8r vi ogs\u00e5 hos dig!<\/h2><\/div><\/div><\/div><div class=\"hero-nav\"><div><a class=\"prev icon-arrow\" onclick=\"plusSlides(-1)\"><\/a>\n\t\t<a class=\"next icon-arrow\" onclick=\"plusSlides(1)\"><\/a><\/div><\/div><div class=\"hero-dots\"><span class=\"dot\" onclick=\"currentSlide(2)\"><\/span><span class=\"dot\" onclick=\"currentSlide(2)\"><\/span><\/div><\/div>\n\n\n\n<div class=\"wp-block-group alignfull\"><div class=\"wp-block-group__inner-container is-layout-flow wp-block-group-is-layout-flow\">\n<div class=\"wp-block-columns alignwide is-layout-flex wp-container-core-columns-is-layout-9d6595d7 wp-block-columns-is-layout-flex\">\n<div class=\"wp-block-column is-layout-flow wp-block-column-is-layout-flow\">\n<p class=\"mb-0 mt-0 has-light-blue-color has-text-color\" style=\"font-size:1.5rem\">Henrik Skov VVS<\/p>\n\n\n\n<h2 class=\"wp-block-heading has-dark-blue-color has-text-color\" style=\"font-size:3.5rem\">Din lokale VVS&#8217;er<\/h2>\n\n\n\n<p class=\"has-light-blue-color has-text-color\" style=\"font-size:1.4rem\">Vi er professionelle fagfolk, og vi st\u00e5r for service, kvalitet og ordentlighed uanset, om du skal have moderniseret dit badev\u00e6relse eller have installeret en ny varmecentral. Vi er 19 dygtige VVS\u2019ere med ekspertise inden for alle omr\u00e5der af VVS.<\/p>\n\n\n\n<div class=\"wp-block-buttons is-layout-flex wp-block-buttons-is-layout-flex\">\n<div class=\"wp-block-button\"><a class=\"wp-block-button__link has-dark-blue-background-color has-background wp-element-button\" href=\"https:\/\/www.henrikskovvvs.dk\/index.php\/vvs\/\">G\u00e5 til VVS<\/a><\/div>\n<\/div>\n<\/div>\n\n\n\n<div class=\"wp-block-column is-layout-flow wp-block-column-is-layout-flow\"><\/div>\n<\/div>\n<\/div><\/div>\n\n\n\n<div class=\"wp-block-group alignfull offset-right has-light-blue-background-color has-background\"><div class=\"wp-block-group__inner-container is-layout-flow wp-block-group-is-layout-flow\">\n<div class=\"wp-block-columns alignwide is-layout-flex wp-container-core-columns-is-layout-9d6595d7 wp-block-columns-is-layout-flex\">\n<div class=\"wp-block-column is-layout-flow wp-block-column-is-layout-flow\">\n<div class=\"wp-block-media-text alignwide has-media-on-the-right is-stacked-on-mobile has-white-color has-text-color\" style=\"grid-template-columns:auto 60%\"><div class=\"wp-block-media-text__content\">\n<h2 class=\"wp-block-heading has-white-color has-text-color\" style=\"font-size:1.6rem\">Trov\u00e6rdig erhvervspartner<\/h2>\n\n\n\n<p>For os er der ingen opgave, der er for stor og n\u00e6sten heller ingen, der er for lille. Derfor kan vi helt sikkert tilbyde jer en ejendomsservice-aftale, som passer netop jer og jeres behov og som emmer af kvalitet, service og ordentlighed.<\/p>\n\n\n\n<div class=\"wp-block-buttons is-layout-flex wp-block-buttons-is-layout-flex\">\n<div class=\"wp-block-button\"><a class=\"wp-block-button__link has-dark-blue-background-color has-background wp-element-button\" href=\"https:\/\/www.henrikskovvvs.dk\/index.php\/ejendomsservice\/\">Ejendomsservice<\/a><\/div>\n<\/div>\n<\/div><figure class=\"wp-block-media-text__media\"><img loading=\"lazy\" decoding=\"async\" width=\"1580\" height=\"762\" src=\"https:\/\/www.henrikskovvvs.dk\/wp-content\/uploads\/2022\/07\/220609_5167_JJ_Henrik_Skov_VVS_0042-e1657271243318-1580x762.jpg\" alt=\"VVS-mont\u00f8r udf\u00f8rer installation eller service p\u00e5 skjult VVS-enhed i v\u00e6gskab, med fokus p\u00e5 pr\u00e6cisionsarbejde indend\u00f8rs.\" class=\"wp-image-1323 size-full\" srcset=\"https:\/\/www.henrikskovvvs.dk\/wp-content\/uploads\/2022\/07\/220609_5167_JJ_Henrik_Skov_VVS_0042-e1657271243318-1580x762.jpg 1580w, https:\/\/www.henrikskovvvs.dk\/wp-content\/uploads\/2022\/07\/220609_5167_JJ_Henrik_Skov_VVS_0042-e1657271243318-500x241.jpg 500w, https:\/\/www.henrikskovvvs.dk\/wp-content\/uploads\/2022\/07\/220609_5167_JJ_Henrik_Skov_VVS_0042-e1657271243318-200x96.jpg 200w, https:\/\/www.henrikskovvvs.dk\/wp-content\/uploads\/2022\/07\/220609_5167_JJ_Henrik_Skov_VVS_0042-e1657271243318-768x370.jpg 768w, https:\/\/www.henrikskovvvs.dk\/wp-content\/uploads\/2022\/07\/220609_5167_JJ_Henrik_Skov_VVS_0042-e1657271243318-1536x741.jpg 1536w, https:\/\/www.henrikskovvvs.dk\/wp-content\/uploads\/2022\/07\/220609_5167_JJ_Henrik_Skov_VVS_0042-e1657271243318.jpg 1920w\" sizes=\"auto, (max-width: 1580px) 100vw, 1580px\" \/><\/figure><\/div>\n<\/div>\n<\/div>\n<\/div><\/div>\n\n\n\n<div style=\"height:50px\" aria-hidden=\"true\" class=\"wp-block-spacer\"><\/div>\n\n\n\n<div class=\"wp-block-group alignfull offset-left has-light-grey-background-color has-background\"><div class=\"wp-block-group__inner-container is-layout-flow wp-block-group-is-layout-flow\">\n<div class=\"wp-block-columns alignwide is-layout-flex wp-container-core-columns-is-layout-9d6595d7 wp-block-columns-is-layout-flex\">\n<div class=\"wp-block-column is-layout-flow wp-block-column-is-layout-flow\">\n<div class=\"wp-block-media-text alignwide is-stacked-on-mobile has-white-color has-text-color\"><figure class=\"wp-block-media-text__media\"><img loading=\"lazy\" decoding=\"async\" width=\"1580\" height=\"1053\" src=\"https:\/\/www.henrikskovvvs.dk\/wp-content\/uploads\/2022\/07\/220609_5167_JJ_Henrik_Skov_VVS_0024-1580x1053.jpg\" alt=\"Hvid servicebil fra Henrik Skov VVS ApS parkeret foran boligbyggeri, med synligt firmanavn, logo og kontaktoplysninger.\" class=\"wp-image-1307 size-full\" srcset=\"https:\/\/www.henrikskovvvs.dk\/wp-content\/uploads\/2022\/07\/220609_5167_JJ_Henrik_Skov_VVS_0024-1580x1053.jpg 1580w, https:\/\/www.henrikskovvvs.dk\/wp-content\/uploads\/2022\/07\/220609_5167_JJ_Henrik_Skov_VVS_0024-500x333.jpg 500w, https:\/\/www.henrikskovvvs.dk\/wp-content\/uploads\/2022\/07\/220609_5167_JJ_Henrik_Skov_VVS_0024-200x133.jpg 200w, https:\/\/www.henrikskovvvs.dk\/wp-content\/uploads\/2022\/07\/220609_5167_JJ_Henrik_Skov_VVS_0024-768x512.jpg 768w, https:\/\/www.henrikskovvvs.dk\/wp-content\/uploads\/2022\/07\/220609_5167_JJ_Henrik_Skov_VVS_0024-1536x1024.jpg 1536w, https:\/\/www.henrikskovvvs.dk\/wp-content\/uploads\/2022\/07\/220609_5167_JJ_Henrik_Skov_VVS_0024.jpg 1920w\" sizes=\"auto, (max-width: 1580px) 100vw, 1580px\" \/><\/figure><div class=\"wp-block-media-text__content\">\n<h2 class=\"wp-block-heading has-dark-blue-color has-text-color\" style=\"font-size:1.6rem\">Varmepumper \u2013 billige og b\u00e6redygtige<\/h2>\n\n\n\n<p class=\"has-dark-blue-color has-text-color\">En varmepumpe er ikke bare en varmepumpe. Der findes to forskellige typer, som adskiller sig v\u00e6sentligt fra hinanden. De har dog flere ting til f\u00e6lles. De er begge billige og b\u00e6redygtige i drift, og s\u00e5 er vi hos Henrik Skov VVS-eksperter i vejledning, ops\u00e6tning og service af begge.<\/p>\n\n\n\n<div class=\"wp-block-buttons is-layout-flex wp-block-buttons-is-layout-flex\">\n<div class=\"wp-block-button\"><a class=\"wp-block-button__link has-dark-blue-background-color has-background wp-element-button\" href=\"https:\/\/www.henrikskovvvs.dk\/index.php\/varmepumper\/\">Hvilken varmepumpe skal jeg v\u00e6lge?<\/a><\/div>\n<\/div>\n<\/div><\/div>\n<\/div>\n<\/div>\n<\/div><\/div>\n\n\n\n<div style=\"height:50px\" aria-hidden=\"true\" class=\"wp-block-spacer\"><\/div>\n\n\n\n<div class=\"wp-block-cover alignfull is-light has-parallax\" style=\"min-height:650px;aspect-ratio:unset;\"><div class=\"wp-block-cover__image-background wp-image-1284 has-parallax\" style=\"background-position:50% 50%;background-image:url(https:\/\/www.henrikskovvvs.dk\/wp-content\/uploads\/2022\/07\/220609_5167_JJ_Henrik_Skov_VVS_0001.jpg)\"><\/div><span aria-hidden=\"true\" class=\"wp-block-cover__background has-background-dim-0 has-background-dim\"><\/span><div class=\"wp-block-cover__inner-container is-layout-flow wp-block-cover-is-layout-flow\">\n<p class=\"has-text-align-center has-large-font-size\"><\/p>\n<\/div><\/div>\n\n\n\n<div class=\"wp-block-group alignfull\"><div class=\"wp-block-group__inner-container is-layout-flow wp-block-group-is-layout-flow\">\n<div class=\"wp-block-columns is-layout-flex wp-container-core-columns-is-layout-9d6595d7 wp-block-columns-is-layout-flex\">\n<div class=\"wp-block-column is-layout-flow wp-block-column-is-layout-flow\">\n<h2 class=\"wp-block-heading has-text-align-center has-dark-blue-color has-text-color\" style=\"font-size:3.5rem\">Vil du vide mere?<\/h2>\n\n\n\n<div style=\"height:20px\" aria-hidden=\"true\" class=\"wp-block-spacer\"><\/div>\n\n\n\n<div class=\"wp-block-buttons is-content-justification-center is-layout-flex wp-container-core-buttons-is-layout-16018d1d wp-block-buttons-is-layout-flex\">\n<div class=\"wp-block-button\"><a class=\"wp-block-button__link has-light-blue-background-color has-background wp-element-button\" href=\"https:\/\/www.henrikskovvvs.dk\/index.php\/kontakt\/\">Kontakt<\/a><\/div>\n<\/div>\n<\/div>\n<\/div>\n<\/div><\/div>\n","protected":false},"excerpt":{"rendered":"<p>Henrik Skov VVS Din lokale VVS&#8217;er Vi er professionelle fagfolk, og vi st\u00e5r for service, kvalitet og ordentlighed uanset, om [&hellip;]<\/p>\n","protected":false},"author":1,"featured_media":0,"parent":0,"menu_order":0,"comment_status":"closed","ping_status":"closed","template":"","meta":{"_acf_changed":false,"om_disable_all_campaigns":false,"inline_featured_image":false,"footnotes":""},"class_list":["post-2","page","type-page","status-publish","hentry"],"acf":[],"yoast_head":"<!-- This site is optimized with the Yoast SEO plugin v24.3 - https:\/\/yoast.com\/wordpress\/plugins\/seo\/ -->\n<title>VVS og blikkenslager Amager, Drag\u00f8r Kastrup T\u00e5rnby - Henrik Skov VVS<\/title>\n<meta name=\"description\" content=\"Henrik Skov VVS er din lokale VVS\u2019er og trov\u00e6rdige erhvervspartner. Vi er eksperter inden for alt i VVS, varmepumper og ejendomsservice. Vi er ikke billigst, men vi er bedst.\" \/>\n<meta name=\"robots\" content=\"index, follow, max-snippet:-1, max-image-preview:large, max-video-preview:-1\" \/>\n<link rel=\"canonical\" href=\"https:\/\/www.henrikskovvvs.dk\/\" \/>\n<meta property=\"og:locale\" content=\"en_US\" \/>\n<meta property=\"og:type\" content=\"article\" \/>\n<meta property=\"og:title\" content=\"VVS og blikkenslager Amager, Drag\u00f8r Kastrup T\u00e5rnby - Henrik Skov VVS\" \/>\n<meta property=\"og:description\" content=\"Henrik Skov VVS er din lokale VVS\u2019er og trov\u00e6rdige erhvervspartner. Vi er eksperter inden for alt i VVS, varmepumper og ejendomsservice. Vi er ikke billigst, men vi er bedst.\" \/>\n<meta property=\"og:url\" content=\"https:\/\/www.henrikskovvvs.dk\/\" \/>\n<meta property=\"og:site_name\" content=\"Henrik Skov VVS\" \/>\n<meta property=\"article:modified_time\" content=\"2026-01-16T13:57:40+00:00\" \/>\n<meta property=\"og:image\" content=\"https:\/\/www.henrikskovvvs.dk\/wp-content\/uploads\/2022\/07\/220609_5167_JJ_Henrik_Skov_VVS_0042-e1657271243318-1580x762.jpg\" \/>\n<meta name=\"twitter:card\" content=\"summary_large_image\" \/>\n<meta name=\"twitter:label1\" content=\"Est. reading time\" \/>\n\t<meta name=\"twitter:data1\" content=\"2 minutes\" \/>\n<script type=\"application\/ld+json\" class=\"yoast-schema-graph\">{\"@context\":\"https:\/\/schema.org\",\"@graph\":[{\"@type\":\"WebPage\",\"@id\":\"https:\/\/www.henrikskovvvs.dk\/\",\"url\":\"https:\/\/www.henrikskovvvs.dk\/\",\"name\":\"VVS og blikkenslager Amager, Drag\u00f8r Kastrup T\u00e5rnby - Henrik Skov VVS\",\"isPartOf\":{\"@id\":\"https:\/\/www.henrikskovvvs.dk\/#website\"},\"primaryImageOfPage\":{\"@id\":\"https:\/\/www.henrikskovvvs.dk\/#primaryimage\"},\"image\":{\"@id\":\"https:\/\/www.henrikskovvvs.dk\/#primaryimage\"},\"thumbnailUrl\":\"https:\/\/www.henrikskovvvs.dk\/wp-content\/uploads\/2022\/07\/220609_5167_JJ_Henrik_Skov_VVS_0042-e1657271243318-1580x762.jpg\",\"datePublished\":\"2021-10-15T08:57:22+00:00\",\"dateModified\":\"2026-01-16T13:57:40+00:00\",\"description\":\"Henrik Skov VVS er din lokale VVS\u2019er og trov\u00e6rdige erhvervspartner. Vi er eksperter inden for alt i VVS, varmepumper og ejendomsservice. Vi er ikke billigst, men vi er bedst.\",\"breadcrumb\":{\"@id\":\"https:\/\/www.henrikskovvvs.dk\/#breadcrumb\"},\"inLanguage\":\"en-US\",\"potentialAction\":[{\"@type\":\"ReadAction\",\"target\":[\"https:\/\/www.henrikskovvvs.dk\/\"]}]},{\"@type\":\"ImageObject\",\"inLanguage\":\"en-US\",\"@id\":\"https:\/\/www.henrikskovvvs.dk\/#primaryimage\",\"url\":\"https:\/\/www.henrikskovvvs.dk\/wp-content\/uploads\/2022\/07\/220609_5167_JJ_Henrik_Skov_VVS_0042-e1657271243318.jpg\",\"contentUrl\":\"https:\/\/www.henrikskovvvs.dk\/wp-content\/uploads\/2022\/07\/220609_5167_JJ_Henrik_Skov_VVS_0042-e1657271243318.jpg\",\"width\":1920,\"height\":926,\"caption\":\"En mand reparerer et vinduesklimaanl\u00e6g\"},{\"@type\":\"BreadcrumbList\",\"@id\":\"https:\/\/www.henrikskovvvs.dk\/#breadcrumb\",\"itemListElement\":[{\"@type\":\"ListItem\",\"position\":1,\"name\":\"Home\",\"item\":\"https:\/\/www.henrikskovvvs.dk\/\"},{\"@type\":\"ListItem\",\"position\":2,\"name\":\"Forside\"}]},{\"@type\":\"WebSite\",\"@id\":\"https:\/\/www.henrikskovvvs.dk\/#website\",\"url\":\"https:\/\/www.henrikskovvvs.dk\/\",\"name\":\"Henrik Skov VVS\",\"description\":\"\",\"publisher\":{\"@id\":\"https:\/\/www.henrikskovvvs.dk\/#organization\"},\"potentialAction\":[{\"@type\":\"SearchAction\",\"target\":{\"@type\":\"EntryPoint\",\"urlTemplate\":\"https:\/\/www.henrikskovvvs.dk\/?s={search_term_string}\"},\"query-input\":{\"@type\":\"PropertyValueSpecification\",\"valueRequired\":true,\"valueName\":\"search_term_string\"}}],\"inLanguage\":\"en-US\"},{\"@type\":\"Organization\",\"@id\":\"https:\/\/www.henrikskovvvs.dk\/#organization\",\"name\":\"Henrik Skov VVS\",\"url\":\"https:\/\/www.henrikskovvvs.dk\/\",\"logo\":{\"@type\":\"ImageObject\",\"inLanguage\":\"en-US\",\"@id\":\"https:\/\/www.henrikskovvvs.dk\/#\/schema\/logo\/image\/\",\"url\":\"https:\/\/www.henrikskovvvs.dk\/wp-content\/uploads\/2022\/07\/Henrik-Skov-VVS_logo.svg\",\"contentUrl\":\"https:\/\/www.henrikskovvvs.dk\/wp-content\/uploads\/2022\/07\/Henrik-Skov-VVS_logo.svg\",\"width\":160,\"height\":160,\"caption\":\"Henrik Skov VVS\"},\"image\":{\"@id\":\"https:\/\/www.henrikskovvvs.dk\/#\/schema\/logo\/image\/\"}}]}<\/script>\n<!-- \/ Yoast SEO plugin. -->","yoast_head_json":{"title":"VVS og blikkenslager Amager, Drag\u00f8r Kastrup T\u00e5rnby - Henrik Skov VVS","description":"Henrik Skov VVS er din lokale VVS\u2019er og trov\u00e6rdige erhvervspartner. Vi er eksperter inden for alt i VVS, varmepumper og ejendomsservice. Vi er ikke billigst, men vi er bedst.","robots":{"index":"index","follow":"follow","max-snippet":"max-snippet:-1","max-image-preview":"max-image-preview:large","max-video-preview":"max-video-preview:-1"},"canonical":"https:\/\/www.henrikskovvvs.dk\/","og_locale":"en_US","og_type":"article","og_title":"VVS og blikkenslager Amager, Drag\u00f8r Kastrup T\u00e5rnby - Henrik Skov VVS","og_description":"Henrik Skov VVS er din lokale VVS\u2019er og trov\u00e6rdige erhvervspartner. Vi er eksperter inden for alt i VVS, varmepumper og ejendomsservice. Vi er ikke billigst, men vi er bedst.","og_url":"https:\/\/www.henrikskovvvs.dk\/","og_site_name":"Henrik Skov VVS","article_modified_time":"2026-01-16T13:57:40+00:00","og_image":[{"url":"https:\/\/www.henrikskovvvs.dk\/wp-content\/uploads\/2022\/07\/220609_5167_JJ_Henrik_Skov_VVS_0042-e1657271243318-1580x762.jpg","type":"","width":"","height":""}],"twitter_card":"summary_large_image","twitter_misc":{"Est. reading time":"2 minutes"},"schema":{"@context":"https:\/\/schema.org","@graph":[{"@type":"WebPage","@id":"https:\/\/www.henrikskovvvs.dk\/","url":"https:\/\/www.henrikskovvvs.dk\/","name":"VVS og blikkenslager Amager, Drag\u00f8r Kastrup T\u00e5rnby - Henrik Skov VVS","isPartOf":{"@id":"https:\/\/www.henrikskovvvs.dk\/#website"},"primaryImageOfPage":{"@id":"https:\/\/www.henrikskovvvs.dk\/#primaryimage"},"image":{"@id":"https:\/\/www.henrikskovvvs.dk\/#primaryimage"},"thumbnailUrl":"https:\/\/www.henrikskovvvs.dk\/wp-content\/uploads\/2022\/07\/220609_5167_JJ_Henrik_Skov_VVS_0042-e1657271243318-1580x762.jpg","datePublished":"2021-10-15T08:57:22+00:00","dateModified":"2026-01-16T13:57:40+00:00","description":"Henrik Skov VVS er din lokale VVS\u2019er og trov\u00e6rdige erhvervspartner. Vi er eksperter inden for alt i VVS, varmepumper og ejendomsservice. Vi er ikke billigst, men vi er bedst.","breadcrumb":{"@id":"https:\/\/www.henrikskovvvs.dk\/#breadcrumb"},"inLanguage":"en-US","potentialAction":[{"@type":"ReadAction","target":["https:\/\/www.henrikskovvvs.dk\/"]}]},{"@type":"ImageObject","inLanguage":"en-US","@id":"https:\/\/www.henrikskovvvs.dk\/#primaryimage","url":"https:\/\/www.henrikskovvvs.dk\/wp-content\/uploads\/2022\/07\/220609_5167_JJ_Henrik_Skov_VVS_0042-e1657271243318.jpg","contentUrl":"https:\/\/www.henrikskovvvs.dk\/wp-content\/uploads\/2022\/07\/220609_5167_JJ_Henrik_Skov_VVS_0042-e1657271243318.jpg","width":1920,"height":926,"caption":"En mand reparerer et vinduesklimaanl\u00e6g"},{"@type":"BreadcrumbList","@id":"https:\/\/www.henrikskovvvs.dk\/#breadcrumb","itemListElement":[{"@type":"ListItem","position":1,"name":"Home","item":"https:\/\/www.henrikskovvvs.dk\/"},{"@type":"ListItem","position":2,"name":"Forside"}]},{"@type":"WebSite","@id":"https:\/\/www.henrikskovvvs.dk\/#website","url":"https:\/\/www.henrikskovvvs.dk\/","name":"Henrik Skov VVS","description":"","publisher":{"@id":"https:\/\/www.henrikskovvvs.dk\/#organization"},"potentialAction":[{"@type":"SearchAction","target":{"@type":"EntryPoint","urlTemplate":"https:\/\/www.henrikskovvvs.dk\/?s={search_term_string}"},"query-input":{"@type":"PropertyValueSpecification","valueRequired":true,"valueName":"search_term_string"}}],"inLanguage":"en-US"},{"@type":"Organization","@id":"https:\/\/www.henrikskovvvs.dk\/#organization","name":"Henrik Skov VVS","url":"https:\/\/www.henrikskovvvs.dk\/","logo":{"@type":"ImageObject","inLanguage":"en-US","@id":"https:\/\/www.henrikskovvvs.dk\/#\/schema\/logo\/image\/","url":"https:\/\/www.henrikskovvvs.dk\/wp-content\/uploads\/2022\/07\/Henrik-Skov-VVS_logo.svg","contentUrl":"https:\/\/www.henrikskovvvs.dk\/wp-content\/uploads\/2022\/07\/Henrik-Skov-VVS_logo.svg","width":160,"height":160,"caption":"Henrik Skov VVS"},"image":{"@id":"https:\/\/www.henrikskovvvs.dk\/#\/schema\/logo\/image\/"}}]}},"_links":{"self":[{"href":"https:\/\/www.henrikskovvvs.dk\/index.php\/wp-json\/wp\/v2\/pages\/2","targetHints":{"allow":["GET"]}}],"collection":[{"href":"https:\/\/www.henrikskovvvs.dk\/index.php\/wp-json\/wp\/v2\/pages"}],"about":[{"href":"https:\/\/www.henrikskovvvs.dk\/index.php\/wp-json\/wp\/v2\/types\/page"}],"author":[{"embeddable":true,"href":"https:\/\/www.henrikskovvvs.dk\/index.php\/wp-json\/wp\/v2\/users\/1"}],"replies":[{"embeddable":true,"href":"https:\/\/www.henrikskovvvs.dk\/index.php\/wp-json\/wp\/v2\/comments?post=2"}],"version-history":[{"count":165,"href":"https:\/\/www.henrikskovvvs.dk\/index.php\/wp-json\/wp\/v2\/pages\/2\/revisions"}],"predecessor-version":[{"id":1932,"href":"https:\/\/www.henrikskovvvs.dk\/index.php\/wp-json\/wp\/v2\/pages\/2\/revisions\/1932"}],"wp:attachment":[{"href":"https:\/\/www.henrikskovvvs.dk\/index.php\/wp-json\/wp\/v2\/media?parent=2"}],"curies":[{"name":"wp","href":"https:\/\/api.w.org\/{rel}","templated":true}]}}