{"id":1882,"date":"2025-07-01T10:55:12","date_gmt":"2025-07-01T10:55:12","guid":{"rendered":"https:\/\/www.henrikskovvvs.dk\/?page_id=1882"},"modified":"2026-01-16T14:04:13","modified_gmt":"2026-01-16T14:04:13","slug":"kloak","status":"publish","type":"page","link":"https:\/\/www.henrikskovvvs.dk\/index.php\/kloak\/","title":{"rendered":"Kloak"},"content":{"rendered":"\n<div class=\"wp-block-group has-light-grey-color has-light-blue-background-color has-text-color has-background has-medium-font-size\"><div class=\"wp-block-group__inner-container is-layout-flow wp-block-group-is-layout-flow\">\n<div class=\"wp-block-columns has-light-grey-color has-light-blue-background-color has-text-color has-background is-layout-flex wp-container-core-columns-is-layout-9d6595d7 wp-block-columns-is-layout-flex\">\n<div class=\"wp-block-column has-light-grey-color has-light-blue-background-color has-text-color has-background is-layout-flow wp-block-column-is-layout-flow\" style=\"flex-basis:1200px\">\n<h1 class=\"wp-block-heading has-light-grey-color has-text-color\">Henrik Skov VVS er Din lokale kloakmester p\u00e5 Amager og i hele Stork\u00f8benhavn<\/h1>\n\n\n\n<p><strong>Henrik F. Rasmussen \u2013 Aut. Kloakmester med stor erfaring og lokal indsigt<\/strong><\/p>\n\n\n\n<p>Hos os f\u00e5r du mere end bare en kloakmester \u2013 du f\u00e5r en fagmand med over 30 \u00e5rs erfaring, solid uddannelse og en \u00e6gte passion for sit h\u00e5ndv\u00e6rk.<\/p>\n\n\n\n<p>Jeg blev uddannet blikkenslager og VVS-mont\u00f8r i 1991, og siden 1997 har jeg v\u00e6ret autoriseret kloakmester. I 2011 blev jeg desuden certificeret Kessel servicetekniker hos Lauridsen Handel og Import, og jeg har gennem \u00e5rene deltaget i og best\u00e5et en lang r\u00e6kke kurser inden for kloak, h\u00f8jvandslukke, regnvandsh\u00e5ndtering, fedtudskillere, pumper og rottesikring.<\/p>\n\n\n\n<p>Jeg br\u00e6nder for kloakfaget og g\u00e5r aldrig p\u00e5 kompromis med kvaliteten af mit arbejde. Uanset opgavens st\u00f8rrelse l\u00e6gger jeg v\u00e6gt p\u00e5:<\/p>\n\n\n\n<ul class=\"wp-block-list\">\n<li>God og \u00e6rlig service<\/li>\n\n\n\n<li>Pligtopfyldelse og punktlighed<\/li>\n\n\n\n<li>Gennemf\u00f8rt h\u00e5ndv\u00e6rk<\/li>\n\n\n\n<li>Mulighed for akut d\u00f8gnvagt<\/li>\n\n\n\n<li>Oprydning og orden<\/li>\n<\/ul>\n\n\n\n<p>Jeg bor selv p\u00e5 Amager og kender omr\u00e5dets bygningsmasse, jordbundsforhold og kloaknet s\u00e6rdeles godt. Det lokale kendskab g\u00f8r, at jeg hurtigt og effektivt kan vurdere den bedste l\u00f8sning \u2013 tilpasset b\u00e5de forhold og regler i Amager og resten af Stork\u00f8benhavn.<\/p>\n\n\n\n<figure class=\"wp-block-image size-large\"><img loading=\"lazy\" decoding=\"async\" width=\"1580\" height=\"1185\" src=\"https:\/\/www.henrikskovvvs.dk\/wp-content\/uploads\/2025\/07\/HSHRAS-3-1580x1185.jpg\" alt=\"Tre VVS-mont\u00f8rer st\u00e5r foran en servicevogn med logoet Henrik Skov VVS ApS, parkeret ved en bygning i dagslys.\" class=\"wp-image-1905\" srcset=\"https:\/\/www.henrikskovvvs.dk\/wp-content\/uploads\/2025\/07\/HSHRAS-3-1580x1185.jpg 1580w, https:\/\/www.henrikskovvvs.dk\/wp-content\/uploads\/2025\/07\/HSHRAS-3-500x375.jpg 500w, https:\/\/www.henrikskovvvs.dk\/wp-content\/uploads\/2025\/07\/HSHRAS-3-200x150.jpg 200w, https:\/\/www.henrikskovvvs.dk\/wp-content\/uploads\/2025\/07\/HSHRAS-3-768x576.jpg 768w, https:\/\/www.henrikskovvvs.dk\/wp-content\/uploads\/2025\/07\/HSHRAS-3-1536x1152.jpg 1536w, https:\/\/www.henrikskovvvs.dk\/wp-content\/uploads\/2025\/07\/HSHRAS-3.jpg 1600w\" sizes=\"auto, (max-width: 1580px) 100vw, 1580px\" \/><\/figure>\n<\/div>\n<\/div>\n<\/div><\/div>\n\n\n\n<div class=\"wp-block-group\"><div class=\"wp-block-group__inner-container is-layout-flow wp-block-group-is-layout-flow\">\n<div class=\"wp-block-columns is-layout-flex wp-container-core-columns-is-layout-9d6595d7 wp-block-columns-is-layout-flex\">\n<div class=\"wp-block-column is-layout-flow wp-block-column-is-layout-flow\" style=\"flex-basis:1200px\">\n<h2 class=\"wp-block-heading\"><strong>Autoriseret kloak arbejde med tryghed og garanti<\/strong><\/h2>\n\n\n\n<p>Som <strong>aut. kloakmester<\/strong> er jeg autoriseret til at udf\u00f8re alt kloak arbejde og leverer l\u00f8sninger, der er dokumenterede, godkendte og udf\u00f8rt efter g\u00e6ldende lovgivning. Hos mig f\u00e5r du en samarbejdspartner, der tager ansvar \u2013 b\u00e5de fagligt og menneskeligt.<\/p>\n\n\n\n<h2 class=\"wp-block-heading\"><strong>Klar til at hj\u00e6lpe dig<\/strong><\/h2>\n\n\n\n<p>Uanset om du har brug for hj\u00e6lp til:<\/p>\n\n\n\n<ul class=\"wp-block-list\">\n<li>Rottesikring<\/li>\n\n\n\n<li>H\u00f8jvandslukke<\/li>\n\n\n\n<li>Faskiner og regnvandssikring<\/li>\n\n\n\n<li>Dr\u00e6npumper og spildevand<\/li>\n\n\n\n<li>Serviceaftale<\/li>\n\n\n\n<li>Spul og rens<\/li>\n\n\n\n<li>Omfangsdr\u00e6n<\/li>\n\n\n\n<li>Sandfangsbr\u00f8nd eller skelbr\u00f8nd<\/li>\n\n\n\n<li>Inspektion og vedligeholdelse<\/li>\n\n\n\n<li>Kloakrenovering eller nyanl\u00e6g<br>&#8230; s\u00e5 st\u00e5r jeg klar til at hj\u00e6lpe dig videre med professionel r\u00e5dgivning og sikre l\u00f8sninger.<\/li>\n<\/ul>\n\n\n\n<p>Kontakt mig hvis du sp\u00f8rgsm\u00e5l eller \u00f8nsker et uforpligtende tilbud?<\/p>\n\n\n\n<p>Skriv til mig p\u00e5 <strong>hr@henrikskovvvs.dk<\/strong> eller ring p\u00e5 <strong>32 52 24 08<\/strong> \u2013 s\u00e5 finder vi sammen den rigtige l\u00f8sning til dit behov.<\/p>\n<\/div>\n<\/div>\n<\/div><\/div>\n","protected":false},"excerpt":{"rendered":"<p>Henrik Skov VVS er Din lokale kloakmester p\u00e5 Amager og i hele Stork\u00f8benhavn Henrik F. Rasmussen \u2013 Aut. Kloakmester med [&hellip;]<\/p>\n","protected":false},"author":8,"featured_media":0,"parent":0,"menu_order":0,"comment_status":"closed","ping_status":"closed","template":"","meta":{"_acf_changed":false,"om_disable_all_campaigns":false,"inline_featured_image":false,"footnotes":""},"class_list":["post-1882","page","type-page","status-publish","hentry"],"acf":[],"yoast_head":"<!-- This site is optimized with the Yoast SEO plugin v24.3 - https:\/\/yoast.com\/wordpress\/plugins\/seo\/ -->\n<title>Kloak - Henrik Skov VVS<\/title>\n<meta name=\"description\" content=\"Autoriseret kloakmester til alle kloakopgaver. Vi sikrer korrekt udf\u00f8relse, dokumentation og langtidsholdbare l\u00f8sninger.\" \/>\n<meta name=\"robots\" content=\"index, follow, max-snippet:-1, max-image-preview:large, max-video-preview:-1\" \/>\n<link rel=\"canonical\" href=\"https:\/\/www.henrikskovvvs.dk\/index.php\/kloak\/\" \/>\n<meta property=\"og:locale\" content=\"en_US\" \/>\n<meta property=\"og:type\" content=\"article\" \/>\n<meta property=\"og:title\" content=\"Kloak - Henrik Skov VVS\" \/>\n<meta property=\"og:description\" content=\"Autoriseret kloakmester til alle kloakopgaver. Vi sikrer korrekt udf\u00f8relse, dokumentation og langtidsholdbare l\u00f8sninger.\" \/>\n<meta property=\"og:url\" content=\"https:\/\/www.henrikskovvvs.dk\/index.php\/kloak\/\" \/>\n<meta property=\"og:site_name\" content=\"Henrik Skov VVS\" \/>\n<meta property=\"article:modified_time\" content=\"2026-01-16T14:04:13+00:00\" \/>\n<meta property=\"og:image\" content=\"https:\/\/www.henrikskovvvs.dk\/wp-content\/uploads\/2025\/07\/HSHRAS-3.jpg\" \/>\n\t<meta property=\"og:image:width\" content=\"1600\" \/>\n\t<meta property=\"og:image:height\" content=\"1200\" \/>\n\t<meta property=\"og:image:type\" content=\"image\/jpeg\" \/>\n<meta name=\"twitter:card\" content=\"summary_large_image\" \/>\n<meta name=\"twitter:label1\" content=\"Est. reading time\" \/>\n\t<meta name=\"twitter:data1\" content=\"3 minutes\" \/>\n<script type=\"application\/ld+json\" class=\"yoast-schema-graph\">{\"@context\":\"https:\/\/schema.org\",\"@graph\":[{\"@type\":\"WebPage\",\"@id\":\"https:\/\/www.henrikskovvvs.dk\/index.php\/kloak\/\",\"url\":\"https:\/\/www.henrikskovvvs.dk\/index.php\/kloak\/\",\"name\":\"Kloak - Henrik Skov VVS\",\"isPartOf\":{\"@id\":\"https:\/\/www.henrikskovvvs.dk\/#website\"},\"primaryImageOfPage\":{\"@id\":\"https:\/\/www.henrikskovvvs.dk\/index.php\/kloak\/#primaryimage\"},\"image\":{\"@id\":\"https:\/\/www.henrikskovvvs.dk\/index.php\/kloak\/#primaryimage\"},\"thumbnailUrl\":\"https:\/\/www.henrikskovvvs.dk\/wp-content\/uploads\/2025\/07\/HSHRAS-3-1580x1185.jpg\",\"datePublished\":\"2025-07-01T10:55:12+00:00\",\"dateModified\":\"2026-01-16T14:04:13+00:00\",\"description\":\"Autoriseret kloakmester til alle kloakopgaver. Vi sikrer korrekt udf\u00f8relse, dokumentation og langtidsholdbare l\u00f8sninger.\",\"breadcrumb\":{\"@id\":\"https:\/\/www.henrikskovvvs.dk\/index.php\/kloak\/#breadcrumb\"},\"inLanguage\":\"en-US\",\"potentialAction\":[{\"@type\":\"ReadAction\",\"target\":[\"https:\/\/www.henrikskovvvs.dk\/index.php\/kloak\/\"]}]},{\"@type\":\"ImageObject\",\"inLanguage\":\"en-US\",\"@id\":\"https:\/\/www.henrikskovvvs.dk\/index.php\/kloak\/#primaryimage\",\"url\":\"https:\/\/www.henrikskovvvs.dk\/wp-content\/uploads\/2025\/07\/HSHRAS-3.jpg\",\"contentUrl\":\"https:\/\/www.henrikskovvvs.dk\/wp-content\/uploads\/2025\/07\/HSHRAS-3.jpg\",\"width\":1600,\"height\":1200},{\"@type\":\"BreadcrumbList\",\"@id\":\"https:\/\/www.henrikskovvvs.dk\/index.php\/kloak\/#breadcrumb\",\"itemListElement\":[{\"@type\":\"ListItem\",\"position\":1,\"name\":\"Home\",\"item\":\"https:\/\/www.henrikskovvvs.dk\/\"},{\"@type\":\"ListItem\",\"position\":2,\"name\":\"Kloak\"}]},{\"@type\":\"WebSite\",\"@id\":\"https:\/\/www.henrikskovvvs.dk\/#website\",\"url\":\"https:\/\/www.henrikskovvvs.dk\/\",\"name\":\"Henrik Skov VVS\",\"description\":\"\",\"publisher\":{\"@id\":\"https:\/\/www.henrikskovvvs.dk\/#organization\"},\"potentialAction\":[{\"@type\":\"SearchAction\",\"target\":{\"@type\":\"EntryPoint\",\"urlTemplate\":\"https:\/\/www.henrikskovvvs.dk\/?s={search_term_string}\"},\"query-input\":{\"@type\":\"PropertyValueSpecification\",\"valueRequired\":true,\"valueName\":\"search_term_string\"}}],\"inLanguage\":\"en-US\"},{\"@type\":\"Organization\",\"@id\":\"https:\/\/www.henrikskovvvs.dk\/#organization\",\"name\":\"Henrik Skov VVS\",\"url\":\"https:\/\/www.henrikskovvvs.dk\/\",\"logo\":{\"@type\":\"ImageObject\",\"inLanguage\":\"en-US\",\"@id\":\"https:\/\/www.henrikskovvvs.dk\/#\/schema\/logo\/image\/\",\"url\":\"https:\/\/www.henrikskovvvs.dk\/wp-content\/uploads\/2022\/07\/Henrik-Skov-VVS_logo.svg\",\"contentUrl\":\"https:\/\/www.henrikskovvvs.dk\/wp-content\/uploads\/2022\/07\/Henrik-Skov-VVS_logo.svg\",\"width\":160,\"height\":160,\"caption\":\"Henrik Skov VVS\"},\"image\":{\"@id\":\"https:\/\/www.henrikskovvvs.dk\/#\/schema\/logo\/image\/\"}}]}<\/script>\n<!-- \/ Yoast SEO plugin. -->","yoast_head_json":{"title":"Kloak - Henrik Skov VVS","description":"Autoriseret kloakmester til alle kloakopgaver. Vi sikrer korrekt udf\u00f8relse, dokumentation og langtidsholdbare l\u00f8sninger.","robots":{"index":"index","follow":"follow","max-snippet":"max-snippet:-1","max-image-preview":"max-image-preview:large","max-video-preview":"max-video-preview:-1"},"canonical":"https:\/\/www.henrikskovvvs.dk\/index.php\/kloak\/","og_locale":"en_US","og_type":"article","og_title":"Kloak - Henrik Skov VVS","og_description":"Autoriseret kloakmester til alle kloakopgaver. Vi sikrer korrekt udf\u00f8relse, dokumentation og langtidsholdbare l\u00f8sninger.","og_url":"https:\/\/www.henrikskovvvs.dk\/index.php\/kloak\/","og_site_name":"Henrik Skov VVS","article_modified_time":"2026-01-16T14:04:13+00:00","og_image":[{"width":1600,"height":1200,"url":"https:\/\/www.henrikskovvvs.dk\/wp-content\/uploads\/2025\/07\/HSHRAS-3.jpg","type":"image\/jpeg"}],"twitter_card":"summary_large_image","twitter_misc":{"Est. reading time":"3 minutes"},"schema":{"@context":"https:\/\/schema.org","@graph":[{"@type":"WebPage","@id":"https:\/\/www.henrikskovvvs.dk\/index.php\/kloak\/","url":"https:\/\/www.henrikskovvvs.dk\/index.php\/kloak\/","name":"Kloak - Henrik Skov VVS","isPartOf":{"@id":"https:\/\/www.henrikskovvvs.dk\/#website"},"primaryImageOfPage":{"@id":"https:\/\/www.henrikskovvvs.dk\/index.php\/kloak\/#primaryimage"},"image":{"@id":"https:\/\/www.henrikskovvvs.dk\/index.php\/kloak\/#primaryimage"},"thumbnailUrl":"https:\/\/www.henrikskovvvs.dk\/wp-content\/uploads\/2025\/07\/HSHRAS-3-1580x1185.jpg","datePublished":"2025-07-01T10:55:12+00:00","dateModified":"2026-01-16T14:04:13+00:00","description":"Autoriseret kloakmester til alle kloakopgaver. Vi sikrer korrekt udf\u00f8relse, dokumentation og langtidsholdbare l\u00f8sninger.","breadcrumb":{"@id":"https:\/\/www.henrikskovvvs.dk\/index.php\/kloak\/#breadcrumb"},"inLanguage":"en-US","potentialAction":[{"@type":"ReadAction","target":["https:\/\/www.henrikskovvvs.dk\/index.php\/kloak\/"]}]},{"@type":"ImageObject","inLanguage":"en-US","@id":"https:\/\/www.henrikskovvvs.dk\/index.php\/kloak\/#primaryimage","url":"https:\/\/www.henrikskovvvs.dk\/wp-content\/uploads\/2025\/07\/HSHRAS-3.jpg","contentUrl":"https:\/\/www.henrikskovvvs.dk\/wp-content\/uploads\/2025\/07\/HSHRAS-3.jpg","width":1600,"height":1200},{"@type":"BreadcrumbList","@id":"https:\/\/www.henrikskovvvs.dk\/index.php\/kloak\/#breadcrumb","itemListElement":[{"@type":"ListItem","position":1,"name":"Home","item":"https:\/\/www.henrikskovvvs.dk\/"},{"@type":"ListItem","position":2,"name":"Kloak"}]},{"@type":"WebSite","@id":"https:\/\/www.henrikskovvvs.dk\/#website","url":"https:\/\/www.henrikskovvvs.dk\/","name":"Henrik Skov VVS","description":"","publisher":{"@id":"https:\/\/www.henrikskovvvs.dk\/#organization"},"potentialAction":[{"@type":"SearchAction","target":{"@type":"EntryPoint","urlTemplate":"https:\/\/www.henrikskovvvs.dk\/?s={search_term_string}"},"query-input":{"@type":"PropertyValueSpecification","valueRequired":true,"valueName":"search_term_string"}}],"inLanguage":"en-US"},{"@type":"Organization","@id":"https:\/\/www.henrikskovvvs.dk\/#organization","name":"Henrik Skov VVS","url":"https:\/\/www.henrikskovvvs.dk\/","logo":{"@type":"ImageObject","inLanguage":"en-US","@id":"https:\/\/www.henrikskovvvs.dk\/#\/schema\/logo\/image\/","url":"https:\/\/www.henrikskovvvs.dk\/wp-content\/uploads\/2022\/07\/Henrik-Skov-VVS_logo.svg","contentUrl":"https:\/\/www.henrikskovvvs.dk\/wp-content\/uploads\/2022\/07\/Henrik-Skov-VVS_logo.svg","width":160,"height":160,"caption":"Henrik Skov VVS"},"image":{"@id":"https:\/\/www.henrikskovvvs.dk\/#\/schema\/logo\/image\/"}}]}},"_links":{"self":[{"href":"https:\/\/www.henrikskovvvs.dk\/index.php\/wp-json\/wp\/v2\/pages\/1882","targetHints":{"allow":["GET"]}}],"collection":[{"href":"https:\/\/www.henrikskovvvs.dk\/index.php\/wp-json\/wp\/v2\/pages"}],"about":[{"href":"https:\/\/www.henrikskovvvs.dk\/index.php\/wp-json\/wp\/v2\/types\/page"}],"author":[{"embeddable":true,"href":"https:\/\/www.henrikskovvvs.dk\/index.php\/wp-json\/wp\/v2\/users\/8"}],"replies":[{"embeddable":true,"href":"https:\/\/www.henrikskovvvs.dk\/index.php\/wp-json\/wp\/v2\/comments?post=1882"}],"version-history":[{"count":3,"href":"https:\/\/www.henrikskovvvs.dk\/index.php\/wp-json\/wp\/v2\/pages\/1882\/revisions"}],"predecessor-version":[{"id":1941,"href":"https:\/\/www.henrikskovvvs.dk\/index.php\/wp-json\/wp\/v2\/pages\/1882\/revisions\/1941"}],"wp:attachment":[{"href":"https:\/\/www.henrikskovvvs.dk\/index.php\/wp-json\/wp\/v2\/media?parent=1882"}],"curies":[{"name":"wp","href":"https:\/\/api.w.org\/{rel}","templated":true}]}}