{"id":1845,"date":"2025-07-01T06:38:11","date_gmt":"2025-07-01T06:38:11","guid":{"rendered":"https:\/\/www.henrikskovvvs.dk\/?page_id=1845"},"modified":"2026-01-16T14:03:45","modified_gmt":"2026-01-16T14:03:45","slug":"hojvandslukke","status":"publish","type":"page","link":"https:\/\/www.henrikskovvvs.dk\/index.php\/hojvandslukke\/","title":{"rendered":"H\u00f8jvandslukke"},"content":{"rendered":"\n<div class=\"wp-block-group has-light-grey-color has-light-blue-background-color has-text-color has-background has-medium-font-size\"><div class=\"wp-block-group__inner-container is-layout-flow wp-block-group-is-layout-flow\">\n<div class=\"wp-block-columns has-light-grey-color has-light-blue-background-color has-text-color has-background is-layout-flex wp-container-core-columns-is-layout-9d6595d7 wp-block-columns-is-layout-flex\">\n<div class=\"wp-block-column has-light-grey-color has-light-blue-background-color has-text-color has-background is-layout-flow wp-block-column-is-layout-flow\" style=\"flex-basis:1200px\">\n<h1 class=\"wp-block-heading has-light-grey-color has-text-color\">H\u00f8jvandslukke<\/h1>\n\n\n\n<p>En af vores mest efterspurgte l\u00f8sninger i byomr\u00e5der som Amager og resten af Stork\u00f8benhavn er h\u00f8jvandslukke. Det er en enkel og effektiv metode til at beskytte k\u00e6ldre og lavtliggende rum mod kloakvand, is\u00e6r ved skybrud og kraftig regn.<\/p>\n\n\n\n<figure class=\"wp-block-gallery has-nested-images columns-default is-cropped wp-block-gallery-1 is-layout-flex wp-block-gallery-is-layout-flex\">\n<figure class=\"wp-block-image size-large\"><img loading=\"lazy\" decoding=\"async\" width=\"1185\" height=\"1580\" data-id=\"1895\" src=\"https:\/\/www.henrikskovvvs.dk\/wp-content\/uploads\/2025\/07\/Gulvaflob-med-indbygget-hojvandslukke-1185x1580.jpg\" alt=\"Gulvafl\u00f8b med indbygget h\u00f8jvandslukke installeret i k\u00e6ldergulv, med synligt udgravningsomr\u00e5de og murstensv\u00e6g i baggrunden.\" class=\"wp-image-1895\" srcset=\"https:\/\/www.henrikskovvvs.dk\/wp-content\/uploads\/2025\/07\/Gulvaflob-med-indbygget-hojvandslukke-1185x1580.jpg 1185w, https:\/\/www.henrikskovvvs.dk\/wp-content\/uploads\/2025\/07\/Gulvaflob-med-indbygget-hojvandslukke-375x500.jpg 375w, https:\/\/www.henrikskovvvs.dk\/wp-content\/uploads\/2025\/07\/Gulvaflob-med-indbygget-hojvandslukke-150x200.jpg 150w, https:\/\/www.henrikskovvvs.dk\/wp-content\/uploads\/2025\/07\/Gulvaflob-med-indbygget-hojvandslukke-768x1024.jpg 768w, https:\/\/www.henrikskovvvs.dk\/wp-content\/uploads\/2025\/07\/Gulvaflob-med-indbygget-hojvandslukke-1152x1536.jpg 1152w, https:\/\/www.henrikskovvvs.dk\/wp-content\/uploads\/2025\/07\/Gulvaflob-med-indbygget-hojvandslukke.jpg 1200w\" sizes=\"auto, (max-width: 1185px) 100vw, 1185px\" \/><\/figure>\n\n\n\n<figure class=\"wp-block-image size-large\"><img loading=\"lazy\" decoding=\"async\" width=\"1185\" height=\"1580\" data-id=\"1893\" src=\"https:\/\/www.henrikskovvvs.dk\/wp-content\/uploads\/2025\/07\/Gulvaflob-for-1185x1580.jpg\" alt=\"Gulvafl\u00f8b i k\u00e6lder med synlige afl\u00f8bsr\u00f8r og vandinstallationer, st\u00f8bt gulv og afl\u00f8bsrist placeret i hj\u00f8rnet.\" class=\"wp-image-1893\" srcset=\"https:\/\/www.henrikskovvvs.dk\/wp-content\/uploads\/2025\/07\/Gulvaflob-for-1185x1580.jpg 1185w, https:\/\/www.henrikskovvvs.dk\/wp-content\/uploads\/2025\/07\/Gulvaflob-for-375x500.jpg 375w, https:\/\/www.henrikskovvvs.dk\/wp-content\/uploads\/2025\/07\/Gulvaflob-for-150x200.jpg 150w, https:\/\/www.henrikskovvvs.dk\/wp-content\/uploads\/2025\/07\/Gulvaflob-for-768x1024.jpg 768w, https:\/\/www.henrikskovvvs.dk\/wp-content\/uploads\/2025\/07\/Gulvaflob-for-1152x1536.jpg 1152w, https:\/\/www.henrikskovvvs.dk\/wp-content\/uploads\/2025\/07\/Gulvaflob-for.jpg 1200w\" sizes=\"auto, (max-width: 1185px) 100vw, 1185px\" \/><\/figure>\n\n\n\n<figure class=\"wp-block-image size-large\"><img loading=\"lazy\" decoding=\"async\" width=\"1185\" height=\"1580\" data-id=\"1894\" src=\"https:\/\/www.henrikskovvvs.dk\/wp-content\/uploads\/2025\/07\/Gulvaflob-efter-med-indbygget-hojvandslukke-1185x1580.jpg\" alt=\"\" class=\"wp-image-1894\" srcset=\"https:\/\/www.henrikskovvvs.dk\/wp-content\/uploads\/2025\/07\/Gulvaflob-efter-med-indbygget-hojvandslukke-1185x1580.jpg 1185w, https:\/\/www.henrikskovvvs.dk\/wp-content\/uploads\/2025\/07\/Gulvaflob-efter-med-indbygget-hojvandslukke-375x500.jpg 375w, https:\/\/www.henrikskovvvs.dk\/wp-content\/uploads\/2025\/07\/Gulvaflob-efter-med-indbygget-hojvandslukke-150x200.jpg 150w, https:\/\/www.henrikskovvvs.dk\/wp-content\/uploads\/2025\/07\/Gulvaflob-efter-med-indbygget-hojvandslukke-768x1024.jpg 768w, https:\/\/www.henrikskovvvs.dk\/wp-content\/uploads\/2025\/07\/Gulvaflob-efter-med-indbygget-hojvandslukke-1152x1536.jpg 1152w, https:\/\/www.henrikskovvvs.dk\/wp-content\/uploads\/2025\/07\/Gulvaflob-efter-med-indbygget-hojvandslukke.jpg 1200w\" sizes=\"auto, (max-width: 1185px) 100vw, 1185px\" \/><\/figure>\n<\/figure>\n<\/div>\n<\/div>\n<\/div><\/div>\n\n\n\n<div class=\"wp-block-group\"><div class=\"wp-block-group__inner-container is-layout-flow wp-block-group-is-layout-flow\">\n<div class=\"wp-block-columns is-layout-flex wp-container-core-columns-is-layout-9d6595d7 wp-block-columns-is-layout-flex\">\n<div class=\"wp-block-column is-layout-flow wp-block-column-is-layout-flow\" style=\"flex-basis:1200px\">\n<h2 class=\"wp-block-heading\">Hvordan virker et h\u00f8jvandslukke?<\/h2>\n\n\n\n<p>Et h\u00f8jvandslukke fungerer som en automatisk ventil i kloakledningen. N\u00e5r regnvand presser kloakvandet tilbage mod huset, lukker ventilen og forhindrer vandet i at l\u00f8be ind. N\u00e5r trykket forsvinder, \u00e5bnes ventilen igen, og vandet kan l\u00f8be normalt ud.<\/p>\n\n\n\n<p><\/p>\n\n\n\n<h2 class=\"wp-block-heading\">Fordele ved h\u00f8jvandslukke:<\/h2>\n\n\n\n<ul class=\"wp-block-list\">\n<li>Beskytter mod oversv\u00f8mmelse fra kloakken<\/li>\n\n\n\n<li>Mindsker risiko for fugt- og vandskader<\/li>\n\n\n\n<li>Kr\u00e6ver minimalt vedligehold<\/li>\n\n\n\n<li>\u00d8ger v\u00e6rdien og sikkerheden i din bolig<\/li>\n<\/ul>\n\n\n\n<p>Vi r\u00e5dgiver gerne om, om h\u00f8jvandslukke er den rette l\u00f8sning for dig, og s\u00f8rger for korrekt installation efter g\u00e6ldende regler.<\/p>\n\n\n\n<p><\/p>\n\n\n\n<h2 class=\"wp-block-heading\">Forebyg skader \u2013 spar penge<\/h2>\n\n\n\n<p>Kloakvand og fugt i k\u00e6lderen er ikke bare ubehageligt \u2013 det kan f\u00f8re til dyre skader p\u00e5 bygning, inventar og elinstallationer. Derfor er det vigtigt at v\u00e6re p\u00e5 forkant.<\/p>\n\n\n\n<p>Med professionel r\u00e5dgivning fra Henrik Skov VVS og Kloak kan du undg\u00e5:<\/p>\n\n\n\n<ul class=\"wp-block-list\">\n<li>Oversv\u00f8mmede k\u00e6ldre og vaskerum<\/li>\n\n\n\n<li>D\u00e5rlig lugt og skimmelsvamp<\/li>\n\n\n\n<li>Dyre forsikringssager og reparationer<\/li>\n\n\n\n<li>\u00d8delagte tr\u00e6gulve, gipsv\u00e6gge og tekniske installatione<\/li>\n<\/ul>\n\n\n\n<p>Vi tilbyder gratis besigtigelse og fast pris p\u00e5 installation af h\u00f8jvandslukke \u2013 og vi hj\u00e6lper dig hele vejen fra inspektion til f\u00e6rdigt arbejde.<\/p>\n\n\n\n<h2 class=\"wp-block-heading\">God service og lokale v\u00e6rdier<\/h2>\n\n\n\n<p>Vi l\u00e6gger stor v\u00e6gt p\u00e5 personlig service, punktlighed og ordentlighed. N\u00e5r du ringer til os, taler du direkte med fagfolk. Vi overholder aftaler, holder dig informeret undervejs og rydder p\u00e6nt op efter os.<\/p>\n\n\n\n<p>Vi har base p\u00e5 Amager og kender forholdene i lokalomr\u00e5det \u2013 kloaknettet, grundvandsforhold og byggestil. Det betyder, at vi hurtigt kan finde den rigtige l\u00f8sning for dig \u2013 ogs\u00e5 i \u00e6ldre ejendomme, villaer og etagebygninger.<\/p>\n\n\n\n<p><\/p>\n\n\n\n<h2 class=\"wp-block-heading\">Kontakt os i dag \u2013 vi hj\u00e6lper dig trygt videre<\/h2>\n\n\n\n<p>Har du sp\u00f8rgsm\u00e5l til h\u00f8jvandslukke, kloakservice eller VVS-arbejde? S\u00e5 kontakt os i dag og f\u00e5 en uforpligtende snak om dine muligheder. Vi er klar til at hj\u00e6lpe \u2013 hurtigt, \u00e6rligt og professionelt.<\/p>\n\n\n\n<p><strong>Henrik Skov VVS og Kloak<\/strong><br>Telefon: +45 32 52 24 08<br>E-mail: info@henrikskovvvs.dk<\/p>\n<\/div>\n<\/div>\n<\/div><\/div>\n","protected":false},"excerpt":{"rendered":"<p>H\u00f8jvandslukke En af vores mest efterspurgte l\u00f8sninger i byomr\u00e5der som Amager og resten af Stork\u00f8benhavn er h\u00f8jvandslukke. Det er en [&hellip;]<\/p>\n","protected":false},"author":8,"featured_media":0,"parent":0,"menu_order":0,"comment_status":"closed","ping_status":"closed","template":"","meta":{"_acf_changed":false,"om_disable_all_campaigns":false,"inline_featured_image":false,"footnotes":""},"class_list":["post-1845","page","type-page","status-publish","hentry"],"acf":[],"yoast_head":"<!-- This site is optimized with the Yoast SEO plugin v24.3 - https:\/\/yoast.com\/wordpress\/plugins\/seo\/ -->\n<title>H\u00f8jvandslukke - Henrik Skov VVS<\/title>\n<meta name=\"description\" content=\"H\u00f8jvandslukke beskytter din bolig mod kloakvand ved skybrud. Vi monterer godkendte l\u00f8sninger med professionel r\u00e5dgivning.\" \/>\n<meta name=\"robots\" content=\"index, follow, max-snippet:-1, max-image-preview:large, max-video-preview:-1\" \/>\n<link rel=\"canonical\" href=\"https:\/\/www.henrikskovvvs.dk\/index.php\/hojvandslukke\/\" \/>\n<meta property=\"og:locale\" content=\"en_US\" \/>\n<meta property=\"og:type\" content=\"article\" \/>\n<meta property=\"og:title\" content=\"H\u00f8jvandslukke - Henrik Skov VVS\" \/>\n<meta property=\"og:description\" content=\"H\u00f8jvandslukke beskytter din bolig mod kloakvand ved skybrud. Vi monterer godkendte l\u00f8sninger med professionel r\u00e5dgivning.\" \/>\n<meta property=\"og:url\" content=\"https:\/\/www.henrikskovvvs.dk\/index.php\/hojvandslukke\/\" \/>\n<meta property=\"og:site_name\" content=\"Henrik Skov VVS\" \/>\n<meta property=\"article:modified_time\" content=\"2026-01-16T14:03:45+00:00\" \/>\n<meta property=\"og:image\" content=\"https:\/\/www.henrikskovvvs.dk\/wp-content\/uploads\/2025\/07\/Gulvaflob-med-indbygget-hojvandslukke.jpg\" \/>\n\t<meta property=\"og:image:width\" content=\"1200\" \/>\n\t<meta property=\"og:image:height\" content=\"1600\" \/>\n\t<meta property=\"og:image:type\" content=\"image\/jpeg\" \/>\n<meta name=\"twitter:card\" content=\"summary_large_image\" \/>\n<meta name=\"twitter:label1\" content=\"Est. reading time\" \/>\n\t<meta name=\"twitter:data1\" content=\"3 minutes\" \/>\n<script type=\"application\/ld+json\" class=\"yoast-schema-graph\">{\"@context\":\"https:\/\/schema.org\",\"@graph\":[{\"@type\":\"WebPage\",\"@id\":\"https:\/\/www.henrikskovvvs.dk\/index.php\/hojvandslukke\/\",\"url\":\"https:\/\/www.henrikskovvvs.dk\/index.php\/hojvandslukke\/\",\"name\":\"H\u00f8jvandslukke - Henrik Skov VVS\",\"isPartOf\":{\"@id\":\"https:\/\/www.henrikskovvvs.dk\/#website\"},\"primaryImageOfPage\":{\"@id\":\"https:\/\/www.henrikskovvvs.dk\/index.php\/hojvandslukke\/#primaryimage\"},\"image\":{\"@id\":\"https:\/\/www.henrikskovvvs.dk\/index.php\/hojvandslukke\/#primaryimage\"},\"thumbnailUrl\":\"https:\/\/www.henrikskovvvs.dk\/wp-content\/uploads\/2025\/07\/Gulvaflob-med-indbygget-hojvandslukke-1185x1580.jpg\",\"datePublished\":\"2025-07-01T06:38:11+00:00\",\"dateModified\":\"2026-01-16T14:03:45+00:00\",\"description\":\"H\u00f8jvandslukke beskytter din bolig mod kloakvand ved skybrud. Vi monterer godkendte l\u00f8sninger med professionel r\u00e5dgivning.\",\"breadcrumb\":{\"@id\":\"https:\/\/www.henrikskovvvs.dk\/index.php\/hojvandslukke\/#breadcrumb\"},\"inLanguage\":\"en-US\",\"potentialAction\":[{\"@type\":\"ReadAction\",\"target\":[\"https:\/\/www.henrikskovvvs.dk\/index.php\/hojvandslukke\/\"]}]},{\"@type\":\"ImageObject\",\"inLanguage\":\"en-US\",\"@id\":\"https:\/\/www.henrikskovvvs.dk\/index.php\/hojvandslukke\/#primaryimage\",\"url\":\"https:\/\/www.henrikskovvvs.dk\/wp-content\/uploads\/2025\/07\/Gulvaflob-med-indbygget-hojvandslukke.jpg\",\"contentUrl\":\"https:\/\/www.henrikskovvvs.dk\/wp-content\/uploads\/2025\/07\/Gulvaflob-med-indbygget-hojvandslukke.jpg\",\"width\":1200,\"height\":1600},{\"@type\":\"BreadcrumbList\",\"@id\":\"https:\/\/www.henrikskovvvs.dk\/index.php\/hojvandslukke\/#breadcrumb\",\"itemListElement\":[{\"@type\":\"ListItem\",\"position\":1,\"name\":\"Home\",\"item\":\"https:\/\/www.henrikskovvvs.dk\/\"},{\"@type\":\"ListItem\",\"position\":2,\"name\":\"H\u00f8jvandslukke\"}]},{\"@type\":\"WebSite\",\"@id\":\"https:\/\/www.henrikskovvvs.dk\/#website\",\"url\":\"https:\/\/www.henrikskovvvs.dk\/\",\"name\":\"Henrik Skov VVS\",\"description\":\"\",\"publisher\":{\"@id\":\"https:\/\/www.henrikskovvvs.dk\/#organization\"},\"potentialAction\":[{\"@type\":\"SearchAction\",\"target\":{\"@type\":\"EntryPoint\",\"urlTemplate\":\"https:\/\/www.henrikskovvvs.dk\/?s={search_term_string}\"},\"query-input\":{\"@type\":\"PropertyValueSpecification\",\"valueRequired\":true,\"valueName\":\"search_term_string\"}}],\"inLanguage\":\"en-US\"},{\"@type\":\"Organization\",\"@id\":\"https:\/\/www.henrikskovvvs.dk\/#organization\",\"name\":\"Henrik Skov VVS\",\"url\":\"https:\/\/www.henrikskovvvs.dk\/\",\"logo\":{\"@type\":\"ImageObject\",\"inLanguage\":\"en-US\",\"@id\":\"https:\/\/www.henrikskovvvs.dk\/#\/schema\/logo\/image\/\",\"url\":\"https:\/\/www.henrikskovvvs.dk\/wp-content\/uploads\/2022\/07\/Henrik-Skov-VVS_logo.svg\",\"contentUrl\":\"https:\/\/www.henrikskovvvs.dk\/wp-content\/uploads\/2022\/07\/Henrik-Skov-VVS_logo.svg\",\"width\":160,\"height\":160,\"caption\":\"Henrik Skov VVS\"},\"image\":{\"@id\":\"https:\/\/www.henrikskovvvs.dk\/#\/schema\/logo\/image\/\"}}]}<\/script>\n<!-- \/ Yoast SEO plugin. -->","yoast_head_json":{"title":"H\u00f8jvandslukke - Henrik Skov VVS","description":"H\u00f8jvandslukke beskytter din bolig mod kloakvand ved skybrud. Vi monterer godkendte l\u00f8sninger med professionel r\u00e5dgivning.","robots":{"index":"index","follow":"follow","max-snippet":"max-snippet:-1","max-image-preview":"max-image-preview:large","max-video-preview":"max-video-preview:-1"},"canonical":"https:\/\/www.henrikskovvvs.dk\/index.php\/hojvandslukke\/","og_locale":"en_US","og_type":"article","og_title":"H\u00f8jvandslukke - Henrik Skov VVS","og_description":"H\u00f8jvandslukke beskytter din bolig mod kloakvand ved skybrud. Vi monterer godkendte l\u00f8sninger med professionel r\u00e5dgivning.","og_url":"https:\/\/www.henrikskovvvs.dk\/index.php\/hojvandslukke\/","og_site_name":"Henrik Skov VVS","article_modified_time":"2026-01-16T14:03:45+00:00","og_image":[{"width":1200,"height":1600,"url":"https:\/\/www.henrikskovvvs.dk\/wp-content\/uploads\/2025\/07\/Gulvaflob-med-indbygget-hojvandslukke.jpg","type":"image\/jpeg"}],"twitter_card":"summary_large_image","twitter_misc":{"Est. reading time":"3 minutes"},"schema":{"@context":"https:\/\/schema.org","@graph":[{"@type":"WebPage","@id":"https:\/\/www.henrikskovvvs.dk\/index.php\/hojvandslukke\/","url":"https:\/\/www.henrikskovvvs.dk\/index.php\/hojvandslukke\/","name":"H\u00f8jvandslukke - Henrik Skov VVS","isPartOf":{"@id":"https:\/\/www.henrikskovvvs.dk\/#website"},"primaryImageOfPage":{"@id":"https:\/\/www.henrikskovvvs.dk\/index.php\/hojvandslukke\/#primaryimage"},"image":{"@id":"https:\/\/www.henrikskovvvs.dk\/index.php\/hojvandslukke\/#primaryimage"},"thumbnailUrl":"https:\/\/www.henrikskovvvs.dk\/wp-content\/uploads\/2025\/07\/Gulvaflob-med-indbygget-hojvandslukke-1185x1580.jpg","datePublished":"2025-07-01T06:38:11+00:00","dateModified":"2026-01-16T14:03:45+00:00","description":"H\u00f8jvandslukke beskytter din bolig mod kloakvand ved skybrud. Vi monterer godkendte l\u00f8sninger med professionel r\u00e5dgivning.","breadcrumb":{"@id":"https:\/\/www.henrikskovvvs.dk\/index.php\/hojvandslukke\/#breadcrumb"},"inLanguage":"en-US","potentialAction":[{"@type":"ReadAction","target":["https:\/\/www.henrikskovvvs.dk\/index.php\/hojvandslukke\/"]}]},{"@type":"ImageObject","inLanguage":"en-US","@id":"https:\/\/www.henrikskovvvs.dk\/index.php\/hojvandslukke\/#primaryimage","url":"https:\/\/www.henrikskovvvs.dk\/wp-content\/uploads\/2025\/07\/Gulvaflob-med-indbygget-hojvandslukke.jpg","contentUrl":"https:\/\/www.henrikskovvvs.dk\/wp-content\/uploads\/2025\/07\/Gulvaflob-med-indbygget-hojvandslukke.jpg","width":1200,"height":1600},{"@type":"BreadcrumbList","@id":"https:\/\/www.henrikskovvvs.dk\/index.php\/hojvandslukke\/#breadcrumb","itemListElement":[{"@type":"ListItem","position":1,"name":"Home","item":"https:\/\/www.henrikskovvvs.dk\/"},{"@type":"ListItem","position":2,"name":"H\u00f8jvandslukke"}]},{"@type":"WebSite","@id":"https:\/\/www.henrikskovvvs.dk\/#website","url":"https:\/\/www.henrikskovvvs.dk\/","name":"Henrik Skov VVS","description":"","publisher":{"@id":"https:\/\/www.henrikskovvvs.dk\/#organization"},"potentialAction":[{"@type":"SearchAction","target":{"@type":"EntryPoint","urlTemplate":"https:\/\/www.henrikskovvvs.dk\/?s={search_term_string}"},"query-input":{"@type":"PropertyValueSpecification","valueRequired":true,"valueName":"search_term_string"}}],"inLanguage":"en-US"},{"@type":"Organization","@id":"https:\/\/www.henrikskovvvs.dk\/#organization","name":"Henrik Skov VVS","url":"https:\/\/www.henrikskovvvs.dk\/","logo":{"@type":"ImageObject","inLanguage":"en-US","@id":"https:\/\/www.henrikskovvvs.dk\/#\/schema\/logo\/image\/","url":"https:\/\/www.henrikskovvvs.dk\/wp-content\/uploads\/2022\/07\/Henrik-Skov-VVS_logo.svg","contentUrl":"https:\/\/www.henrikskovvvs.dk\/wp-content\/uploads\/2022\/07\/Henrik-Skov-VVS_logo.svg","width":160,"height":160,"caption":"Henrik Skov VVS"},"image":{"@id":"https:\/\/www.henrikskovvvs.dk\/#\/schema\/logo\/image\/"}}]}},"_links":{"self":[{"href":"https:\/\/www.henrikskovvvs.dk\/index.php\/wp-json\/wp\/v2\/pages\/1845","targetHints":{"allow":["GET"]}}],"collection":[{"href":"https:\/\/www.henrikskovvvs.dk\/index.php\/wp-json\/wp\/v2\/pages"}],"about":[{"href":"https:\/\/www.henrikskovvvs.dk\/index.php\/wp-json\/wp\/v2\/types\/page"}],"author":[{"embeddable":true,"href":"https:\/\/www.henrikskovvvs.dk\/index.php\/wp-json\/wp\/v2\/users\/8"}],"replies":[{"embeddable":true,"href":"https:\/\/www.henrikskovvvs.dk\/index.php\/wp-json\/wp\/v2\/comments?post=1845"}],"version-history":[{"count":4,"href":"https:\/\/www.henrikskovvvs.dk\/index.php\/wp-json\/wp\/v2\/pages\/1845\/revisions"}],"predecessor-version":[{"id":1940,"href":"https:\/\/www.henrikskovvvs.dk\/index.php\/wp-json\/wp\/v2\/pages\/1845\/revisions\/1940"}],"wp:attachment":[{"href":"https:\/\/www.henrikskovvvs.dk\/index.php\/wp-json\/wp\/v2\/media?parent=1845"}],"curies":[{"name":"wp","href":"https:\/\/api.w.org\/{rel}","templated":true}]}}