{"id":1684,"date":"2023-10-27T11:35:31","date_gmt":"2023-10-27T11:35:31","guid":{"rendered":"https:\/\/www.henrikskovvvs.dk\/?page_id=1684"},"modified":"2024-03-20T12:14:23","modified_gmt":"2024-03-20T12:14:23","slug":"nyt-badevaerelse","status":"publish","type":"page","link":"https:\/\/www.henrikskovvvs.dk\/index.php\/nyt-badevaerelse\/","title":{"rendered":"Nyt badev\u00e6relse"},"content":{"rendered":"\n<div class=\"wp-block-group has-light-grey-color has-light-blue-background-color has-text-color has-background\"><div class=\"wp-block-group__inner-container is-layout-flow wp-block-group-is-layout-flow\">\n<div class=\"wp-block-columns is-layout-flex wp-container-core-columns-is-layout-9d6595d7 wp-block-columns-is-layout-flex\">\n<div class=\"wp-block-column is-layout-flow wp-block-column-is-layout-flow\" style=\"flex-basis:1200px\">\n<h1 class=\"has-light-grey-color has-text-color wp-block-heading\">Nyt badev\u00e6relse<\/h1>\n\n\n\n<p>G\u00e5r du og dr\u00f8mmer om et nyt badev\u00e6relse? S\u00e5 lad os hj\u00e6lpe dig med at g\u00f8re dr\u00f8mmene til virkelighed.<\/p>\n\n\n\n<p>Hos Henrik Skov VVS kan vi hj\u00e6lpe dig med at realisere din vision om et nyt badev\u00e6relse. Med vores mere end 20 \u00e5rs erfaring inden for VVS, kan vi hj\u00e6lpe dig med alt fra planl\u00e6gning til opf\u00f8relsen af dit dr\u00f8mmebadev\u00e6relse.<\/p>\n<\/div>\n<\/div>\n<\/div><\/div>\n\n\n\n<div class=\"wp-block-group\"><div class=\"wp-block-group__inner-container is-layout-flow wp-block-group-is-layout-flow\">\n<div class=\"wp-block-columns is-layout-flex wp-container-core-columns-is-layout-9d6595d7 wp-block-columns-is-layout-flex\">\n<div class=\"wp-block-column is-layout-flow wp-block-column-is-layout-flow\" style=\"flex-basis:1200px\">\n<h2 class=\"wp-block-heading\">S\u00e5dan kan vi hj\u00e6lpe dig med at f\u00e5 et nyt badev\u00e6relse<\/h2>\n\n\n\n<p>Som anerkendt VVS-firma, der har de dygtigste VVS-installat\u00f8rer p\u00e5 holdet, kan vi give dig professionelle l\u00f8sninger inden for r\u00f8rsystemer, afl\u00f8b og installation af sanitet. P\u00e5 den m\u00e5de er du sikret et nyt badev\u00e6relse, der fungerer up\u00e5klageligt.<\/p>\n\n\n\n<p>Vi kan ogs\u00e5 hj\u00e6lpe dig med:<\/p>\n\n\n\n<ul class=\"wp-block-list\"><li>Pr\u00e6cise m\u00e5linger og inspektion af dine eksisterende installationer<\/li><li>Tilrettel\u00e6ggelse af dit nye badev\u00e6relse<\/li><li>Professionel r\u00e5dgivning om valg af materialer og l\u00f8sninger<\/li><li>Komplet r\u00f8rf\u00f8ring<\/li><li>Installation af gulvvarme<\/li><li>Installation af badekar og\/eller bruseniche<\/li><li>Installation af vaskemaskine og t\u00f8rretumbler<\/li><\/ul>\n\n\n\n<p><\/p>\n\n\n\n<h2 class=\"wp-block-heading\">Sm\u00e5reparationer, totalrenovation eller nybyg?<\/h2>\n\n\n\n<p>Hos Henrik Skov VVS har vi et engageret team af dygtige VVS-installat\u00f8rer, der st\u00e5r klar til at hj\u00e6lpe dig med at f\u00e5 et nyt badev\u00e6relse. Det g\u00e6lder uanset, om du blot \u00f8nsker nogle mindre \u00e6ndringer, en gennemg\u00e5ende totalrenovation eller st\u00e5r med et sp\u00e6ndende nybyggeri. Vi har mere end 20 \u00e5rs erfaring i branchen, og derfor har vi erfaring med alle typer scenarier.<\/p>\n\n\n\n<p>For os er ingen opgave for stor eller lille. Derfor vil du ogs\u00e5 altid opleve, at vi lytter til dine \u00f8nsker og behov \u2013 og derefter f\u00f8rer dem ud i livet. P\u00e5 den m\u00e5de kan du v\u00e6re sikker p\u00e5, at du vil v\u00e6re tilfreds med dit badev\u00e6relsesprojekt i mange \u00e5r fremadrettet, n\u00e5r du samarbejder med os.<\/p>\n\n\n\n<h2 class=\"wp-block-heading\">Derfor b\u00f8r du v\u00e6lge et autoriseret VVS-firma til dit projekt<\/h2>\n\n\n\n<p>Hvis du st\u00e5r overfor et st\u00f8rre badev\u00e6relsesprojekt, er det vigtigt, at du v\u00e6lger at samarbejde med et autoriseret VVS-firma. I Danmark er der nemlig strenge regler ang\u00e5ende hvilke VVS-installationer, du selv m\u00e5 udf\u00f8re. En r\u00e6kke VVS-installationer kr\u00e6ver VVS-autorisation. N\u00e5r du gerne vil have nyt badev\u00e6relse, er det derfor n\u00f8dvendigt at samarbejde med et autoriseret VVS-firma.<\/p>\n\n\n\n<p>Hos Henrik Skov VVS har vi alle de n\u00f8dvendige autorisationer og akkrediteringer. Derfor kan du v\u00e6re sikker p\u00e5, at alle VVS-installationerne udf\u00f8res efter den g\u00e6ldende lovgivning og de h\u00f8jeste standarder.<\/p>\n\n\n\n<p>I forbindelse med skabelsen af et nyt badev\u00e6relse, vil du ofte ogs\u00e5 f\u00e5 brug for andre h\u00e5ndv\u00e6rkere. Derfor har vi ogs\u00e5 et t\u00e6t samarbejde med blandt andet elektrikere, t\u00f8mrere og murere, s\u00e5 du kan f\u00e5 skabt det badev\u00e6relse, du \u00f8nsker.<\/p>\n\n\n\n<h2 class=\"wp-block-heading\">F\u00e5 et uforpligtende tilbud p\u00e5 dit nye badev\u00e6relse<\/h2>\n\n\n\n<p>Hvis du dr\u00f8mmer om et nyt badev\u00e6relse, s\u00e5 t\u00f8v endelig ikke med at kontakte os. Vi sammens\u00e6tter gerne et skr\u00e6ddersyet tilbud til dig. N\u00e5r du kontakter os, taler vi med dig, og vi kommer ogs\u00e5 gerne ud og tilser dit nuv\u00e6rende badev\u00e6relse. Det giver os nemlig det bedste udgangspunkt for at komme med et konkret tilbud til dig.<\/p>\n\n\n\n<p>N\u00e5r du v\u00e6lger at samarbejde med os, er du altid sikret et godt resultat. Vores team best\u00e5r udelukkende af erfarne VVS-installat\u00f8rer, der br\u00e6nder for at udf\u00f8re et godt stykke arbejde. Hos os er en aftale en aftale. Derfor er vi ogs\u00e5 gennemsigtige ang\u00e5ende alt fra prisen til selve arbejdsprocessen.<\/p>\n\n\n\n<p>Vores levegrundlag er tilfredse kunder. Derfor lytter vi ogs\u00e5 altid til dig og dine behov. Og det g\u00e6lder b\u00e5de f\u00f8r, vi g\u00e5r i gang med samarbejdet, men ogs\u00e5 under processen.<\/p>\n\n\n\n<p>N\u00e5r du samarbejder med os, st\u00f8tter du ogs\u00e5 ordentlige arbejdsvilk\u00e5r. Hos Henrik Skov VVS er vi nemlig medlem af arbejdsgiver- og erhvervsorganisationen TEKNIQ. Det er din garanti for veludf\u00f8rt arbejde under ordentlige vilk\u00e5r.<\/p>\n<\/div>\n<\/div>\n<\/div><\/div>\n","protected":false},"excerpt":{"rendered":"<p>Nyt badev\u00e6relse G\u00e5r du og dr\u00f8mmer om et nyt badev\u00e6relse? S\u00e5 lad os hj\u00e6lpe dig med at g\u00f8re dr\u00f8mmene til [&hellip;]<\/p>\n","protected":false},"author":3,"featured_media":0,"parent":0,"menu_order":0,"comment_status":"closed","ping_status":"closed","template":"","meta":{"_acf_changed":false,"om_disable_all_campaigns":false,"inline_featured_image":false,"footnotes":""},"class_list":["post-1684","page","type-page","status-publish","hentry"],"acf":[],"yoast_head":"<!-- This site is optimized with the Yoast SEO plugin v24.3 - https:\/\/yoast.com\/wordpress\/plugins\/seo\/ -->\n<title>Nyt badev\u00e6relse - Henrik Skov VVS<\/title>\n<meta name=\"description\" content=\"Med mere end 20 \u00e5rs erfaring i VVS-branchen kan vi hj\u00e6lpe dig med alt fra planl\u00e6gning til at bygge dit dr\u00f8mmebadev\u00e6relse\" \/>\n<meta name=\"robots\" content=\"index, follow, max-snippet:-1, max-image-preview:large, max-video-preview:-1\" \/>\n<link rel=\"canonical\" href=\"https:\/\/www.henrikskovvvs.dk\/index.php\/nyt-badevaerelse\/\" \/>\n<meta property=\"og:locale\" content=\"en_US\" \/>\n<meta property=\"og:type\" content=\"article\" \/>\n<meta property=\"og:title\" content=\"Nyt badev\u00e6relse - Henrik Skov VVS\" \/>\n<meta property=\"og:description\" content=\"Med mere end 20 \u00e5rs erfaring i VVS-branchen kan vi hj\u00e6lpe dig med alt fra planl\u00e6gning til at bygge dit dr\u00f8mmebadev\u00e6relse\" \/>\n<meta property=\"og:url\" content=\"https:\/\/www.henrikskovvvs.dk\/index.php\/nyt-badevaerelse\/\" \/>\n<meta property=\"og:site_name\" content=\"Henrik Skov VVS\" \/>\n<meta property=\"article:modified_time\" content=\"2024-03-20T12:14:23+00:00\" \/>\n<meta name=\"twitter:card\" content=\"summary_large_image\" \/>\n<meta name=\"twitter:label1\" content=\"Est. reading time\" \/>\n\t<meta name=\"twitter:data1\" content=\"3 minutes\" \/>\n<script type=\"application\/ld+json\" class=\"yoast-schema-graph\">{\"@context\":\"https:\/\/schema.org\",\"@graph\":[{\"@type\":\"WebPage\",\"@id\":\"https:\/\/www.henrikskovvvs.dk\/index.php\/nyt-badevaerelse\/\",\"url\":\"https:\/\/www.henrikskovvvs.dk\/index.php\/nyt-badevaerelse\/\",\"name\":\"Nyt badev\u00e6relse - Henrik Skov VVS\",\"isPartOf\":{\"@id\":\"https:\/\/www.henrikskovvvs.dk\/#website\"},\"datePublished\":\"2023-10-27T11:35:31+00:00\",\"dateModified\":\"2024-03-20T12:14:23+00:00\",\"description\":\"Med mere end 20 \u00e5rs erfaring i VVS-branchen kan vi hj\u00e6lpe dig med alt fra planl\u00e6gning til at bygge dit dr\u00f8mmebadev\u00e6relse\",\"breadcrumb\":{\"@id\":\"https:\/\/www.henrikskovvvs.dk\/index.php\/nyt-badevaerelse\/#breadcrumb\"},\"inLanguage\":\"en-US\",\"potentialAction\":[{\"@type\":\"ReadAction\",\"target\":[\"https:\/\/www.henrikskovvvs.dk\/index.php\/nyt-badevaerelse\/\"]}]},{\"@type\":\"BreadcrumbList\",\"@id\":\"https:\/\/www.henrikskovvvs.dk\/index.php\/nyt-badevaerelse\/#breadcrumb\",\"itemListElement\":[{\"@type\":\"ListItem\",\"position\":1,\"name\":\"Home\",\"item\":\"https:\/\/www.henrikskovvvs.dk\/\"},{\"@type\":\"ListItem\",\"position\":2,\"name\":\"Nyt badev\u00e6relse\"}]},{\"@type\":\"WebSite\",\"@id\":\"https:\/\/www.henrikskovvvs.dk\/#website\",\"url\":\"https:\/\/www.henrikskovvvs.dk\/\",\"name\":\"Henrik Skov VVS\",\"description\":\"\",\"publisher\":{\"@id\":\"https:\/\/www.henrikskovvvs.dk\/#organization\"},\"potentialAction\":[{\"@type\":\"SearchAction\",\"target\":{\"@type\":\"EntryPoint\",\"urlTemplate\":\"https:\/\/www.henrikskovvvs.dk\/?s={search_term_string}\"},\"query-input\":{\"@type\":\"PropertyValueSpecification\",\"valueRequired\":true,\"valueName\":\"search_term_string\"}}],\"inLanguage\":\"en-US\"},{\"@type\":\"Organization\",\"@id\":\"https:\/\/www.henrikskovvvs.dk\/#organization\",\"name\":\"Henrik Skov VVS\",\"url\":\"https:\/\/www.henrikskovvvs.dk\/\",\"logo\":{\"@type\":\"ImageObject\",\"inLanguage\":\"en-US\",\"@id\":\"https:\/\/www.henrikskovvvs.dk\/#\/schema\/logo\/image\/\",\"url\":\"https:\/\/www.henrikskovvvs.dk\/wp-content\/uploads\/2022\/07\/Henrik-Skov-VVS_logo.svg\",\"contentUrl\":\"https:\/\/www.henrikskovvvs.dk\/wp-content\/uploads\/2022\/07\/Henrik-Skov-VVS_logo.svg\",\"width\":160,\"height\":160,\"caption\":\"Henrik Skov VVS\"},\"image\":{\"@id\":\"https:\/\/www.henrikskovvvs.dk\/#\/schema\/logo\/image\/\"}}]}<\/script>\n<!-- \/ Yoast SEO plugin. -->","yoast_head_json":{"title":"Nyt badev\u00e6relse - Henrik Skov VVS","description":"Med mere end 20 \u00e5rs erfaring i VVS-branchen kan vi hj\u00e6lpe dig med alt fra planl\u00e6gning til at bygge dit dr\u00f8mmebadev\u00e6relse","robots":{"index":"index","follow":"follow","max-snippet":"max-snippet:-1","max-image-preview":"max-image-preview:large","max-video-preview":"max-video-preview:-1"},"canonical":"https:\/\/www.henrikskovvvs.dk\/index.php\/nyt-badevaerelse\/","og_locale":"en_US","og_type":"article","og_title":"Nyt badev\u00e6relse - Henrik Skov VVS","og_description":"Med mere end 20 \u00e5rs erfaring i VVS-branchen kan vi hj\u00e6lpe dig med alt fra planl\u00e6gning til at bygge dit dr\u00f8mmebadev\u00e6relse","og_url":"https:\/\/www.henrikskovvvs.dk\/index.php\/nyt-badevaerelse\/","og_site_name":"Henrik Skov VVS","article_modified_time":"2024-03-20T12:14:23+00:00","twitter_card":"summary_large_image","twitter_misc":{"Est. reading time":"3 minutes"},"schema":{"@context":"https:\/\/schema.org","@graph":[{"@type":"WebPage","@id":"https:\/\/www.henrikskovvvs.dk\/index.php\/nyt-badevaerelse\/","url":"https:\/\/www.henrikskovvvs.dk\/index.php\/nyt-badevaerelse\/","name":"Nyt badev\u00e6relse - Henrik Skov VVS","isPartOf":{"@id":"https:\/\/www.henrikskovvvs.dk\/#website"},"datePublished":"2023-10-27T11:35:31+00:00","dateModified":"2024-03-20T12:14:23+00:00","description":"Med mere end 20 \u00e5rs erfaring i VVS-branchen kan vi hj\u00e6lpe dig med alt fra planl\u00e6gning til at bygge dit dr\u00f8mmebadev\u00e6relse","breadcrumb":{"@id":"https:\/\/www.henrikskovvvs.dk\/index.php\/nyt-badevaerelse\/#breadcrumb"},"inLanguage":"en-US","potentialAction":[{"@type":"ReadAction","target":["https:\/\/www.henrikskovvvs.dk\/index.php\/nyt-badevaerelse\/"]}]},{"@type":"BreadcrumbList","@id":"https:\/\/www.henrikskovvvs.dk\/index.php\/nyt-badevaerelse\/#breadcrumb","itemListElement":[{"@type":"ListItem","position":1,"name":"Home","item":"https:\/\/www.henrikskovvvs.dk\/"},{"@type":"ListItem","position":2,"name":"Nyt badev\u00e6relse"}]},{"@type":"WebSite","@id":"https:\/\/www.henrikskovvvs.dk\/#website","url":"https:\/\/www.henrikskovvvs.dk\/","name":"Henrik Skov VVS","description":"","publisher":{"@id":"https:\/\/www.henrikskovvvs.dk\/#organization"},"potentialAction":[{"@type":"SearchAction","target":{"@type":"EntryPoint","urlTemplate":"https:\/\/www.henrikskovvvs.dk\/?s={search_term_string}"},"query-input":{"@type":"PropertyValueSpecification","valueRequired":true,"valueName":"search_term_string"}}],"inLanguage":"en-US"},{"@type":"Organization","@id":"https:\/\/www.henrikskovvvs.dk\/#organization","name":"Henrik Skov VVS","url":"https:\/\/www.henrikskovvvs.dk\/","logo":{"@type":"ImageObject","inLanguage":"en-US","@id":"https:\/\/www.henrikskovvvs.dk\/#\/schema\/logo\/image\/","url":"https:\/\/www.henrikskovvvs.dk\/wp-content\/uploads\/2022\/07\/Henrik-Skov-VVS_logo.svg","contentUrl":"https:\/\/www.henrikskovvvs.dk\/wp-content\/uploads\/2022\/07\/Henrik-Skov-VVS_logo.svg","width":160,"height":160,"caption":"Henrik Skov VVS"},"image":{"@id":"https:\/\/www.henrikskovvvs.dk\/#\/schema\/logo\/image\/"}}]}},"_links":{"self":[{"href":"https:\/\/www.henrikskovvvs.dk\/index.php\/wp-json\/wp\/v2\/pages\/1684","targetHints":{"allow":["GET"]}}],"collection":[{"href":"https:\/\/www.henrikskovvvs.dk\/index.php\/wp-json\/wp\/v2\/pages"}],"about":[{"href":"https:\/\/www.henrikskovvvs.dk\/index.php\/wp-json\/wp\/v2\/types\/page"}],"author":[{"embeddable":true,"href":"https:\/\/www.henrikskovvvs.dk\/index.php\/wp-json\/wp\/v2\/users\/3"}],"replies":[{"embeddable":true,"href":"https:\/\/www.henrikskovvvs.dk\/index.php\/wp-json\/wp\/v2\/comments?post=1684"}],"version-history":[{"count":5,"href":"https:\/\/www.henrikskovvvs.dk\/index.php\/wp-json\/wp\/v2\/pages\/1684\/revisions"}],"predecessor-version":[{"id":1721,"href":"https:\/\/www.henrikskovvvs.dk\/index.php\/wp-json\/wp\/v2\/pages\/1684\/revisions\/1721"}],"wp:attachment":[{"href":"https:\/\/www.henrikskovvvs.dk\/index.php\/wp-json\/wp\/v2\/media?parent=1684"}],"curies":[{"name":"wp","href":"https:\/\/api.w.org\/{rel}","templated":true}]}}