{"id":1668,"date":"2023-10-27T11:14:48","date_gmt":"2023-10-27T11:14:48","guid":{"rendered":"https:\/\/www.henrikskovvvs.dk\/?page_id=1668"},"modified":"2024-03-20T12:11:58","modified_gmt":"2024-03-20T12:11:58","slug":"fjernvarme","status":"publish","type":"page","link":"https:\/\/www.henrikskovvvs.dk\/index.php\/fjernvarme\/","title":{"rendered":"Fjernvarme"},"content":{"rendered":"\n<div class=\"wp-block-group has-light-grey-color has-light-blue-background-color has-text-color has-background\"><div class=\"wp-block-group__inner-container is-layout-flow wp-block-group-is-layout-flow\">\n<div class=\"wp-block-columns is-layout-flex wp-container-core-columns-is-layout-9d6595d7 wp-block-columns-is-layout-flex\">\n<div class=\"wp-block-column is-layout-flow wp-block-column-is-layout-flow\" style=\"flex-basis:1200px\">\n<h1 class=\"has-light-grey-color has-text-color wp-block-heading\">Fjernvarme<\/h1>\n\n\n\n<p>I de fleste danske hjem bliver der anvendt fjernvarme til at opvarme boligen. Der er ogs\u00e5 flere gode grunde til, hvorfor du b\u00f8r v\u00e6lge denne l\u00f8sning til dit hjem. Det er nemlig en opvarmningsl\u00f8sning, der er b\u00e5de energieffektiv og sk\u00e5nsom mod milj\u00f8et. Derfor kan du ofte reducere din varmeregning ved at skifte til fjernvarme.<\/p>\n\n\n\n<p>Inden du kan g\u00e5 i gang med at h\u00f8ste de mange fordele ved fjernvarme, skal det f\u00f8rst installeres korrekt. Hos Henrik Skov VVS har vi mange \u00e5rs erfaring med fjernvarmeinstallationer. Uanset om du \u00f8nsker at f\u00e5 fjernvarmeanl\u00e6g installeret, vedligeholdt eller udskiftet, st\u00e5r vi klar til at hj\u00e6lpe dig.<\/p>\n<\/div>\n<\/div>\n<\/div><\/div>\n\n\n\n<div class=\"wp-block-group\"><div class=\"wp-block-group__inner-container is-layout-flow wp-block-group-is-layout-flow\">\n<div class=\"wp-block-columns is-layout-flex wp-container-core-columns-is-layout-9d6595d7 wp-block-columns-is-layout-flex\">\n<div class=\"wp-block-column is-layout-flow wp-block-column-is-layout-flow\" style=\"flex-basis:1200px\">\n<h2 class=\"wp-block-heading\">Erfarne fjernvarmeeksperter<\/h2>\n\n\n\n<p>N\u00e5r du v\u00e6lger os som din samarbejdspartner, f\u00e5r du hj\u00e6lp af et team, der udelukkende best\u00e5r af erfarne VVS-installat\u00f8rer. Vi har mere end 20 \u00e5rs erfaring, og det har i al beskedenhed givet os en ekspertise, der er sv\u00e6r at overg\u00e5.<\/p>\n\n\n\n<p>Uanset om du derfor har et \u00e6ldre fjernvarmeanl\u00e6g, der tr\u00e6nger til en k\u00e6rlig h\u00e5nd, eller om du \u00f8nsker at f\u00e5 installereret en topmoderne varmel\u00f8sning, kan du regne med vores team og vores service.<\/p>\n\n\n\n<h2 class=\"wp-block-heading\">Derfor b\u00f8r du optimere driften af dit fjernvarmeanl\u00e6g<\/h2>\n\n\n\n<p>Der er flere gode grunde til, hvorfor du altid b\u00f8r str\u00e6be efter at have et s\u00e5 velfungerende fjernvarmeanl\u00e6g som muligt. F\u00f8rst og fremmest kan det spare dig for en del omkostninger. N\u00e5r dit varmeanl\u00e6g fungerer up\u00e5klageligt, vil der nemlig v\u00e6re et minimum af varmespild. Det kan du afl\u00e6se direkte p\u00e5 dine varmeregning.<\/p>\n\n\n\n<p>Derudover er det ogs\u00e5 sk\u00e5nsomt for milj\u00f8et, n\u00e5r du v\u00e6lger en velfungerende fjernvarmeinstallation. Det er ikke kun etisk forsvarligt at v\u00e6lge en milj\u00f8sk\u00e5nsom varmekilde, for det har ogs\u00e5 betydning for energim\u00e6rkningen af dit hus. Det er en stor fordel, hvis du enten \u00f8nsker at s\u00e6lge din bolig eller f\u00e5 en bedre vurdering.<\/p>\n\n\n\n<p>Hos Henrik Skov VVS forst\u00e5r vi godt, at \u00f8konomi ogs\u00e5 spiller en v\u00e6sentlig rolle, n\u00e5r du skal foretage varmeforbedringer. Derfor kommer vi ogs\u00e5 kun med anbefalinger, der vil gavne dig p\u00e5 l\u00e6ngere sigt. Med vores hj\u00e6lp og ekspertise kan du f\u00e5 mulighed for at se, hvordan din nuv\u00e6rende varmeinvestering kan tjene sig selv ind.<\/p>\n\n\n\n<p>Vi tilbyder altid at foretage en omfattende inspektion af dine eksisterende anl\u00e6g. Her kan vi vurdere, om de k\u00f8rer p\u00e5 de mest effektive niveauer \u2013 og hvis ikke, kan vi hj\u00e6lpe dig med at optimere med dem.<\/p>\n\n\n\n<h2 class=\"wp-block-heading\">Forbedringsforslag til din fjernvarmeinstallation<\/h2>\n\n\n\n<p>Hvis du gerne vil forbedre din fjernvarmeinstallation, er der nogle forbedringsforslag, som du kan overveje. Blandt andet:<\/p>\n\n\n\n<h3 class=\"wp-block-heading\">Udskiftning af ventiler<\/h3>\n\n\n\n<p>Hvis du har et \u00e6ldre fjernvarmeanl\u00e6g, er der sandsynlighed for, at du ogs\u00e5 har termostatventiler. De m\u00e5ler kun vandtemperaturen inde i r\u00f8rene \u2013 og ikke selve rumtemperaturen. Det kan i nogle tilf\u00e6lde f\u00f8re til varmeregninger, der er un\u00f8dvendigt h\u00f8je.<\/p>\n\n\n\n<p>Derfor kan du med fordel overveje at erstatte de gamle ventiler med nogle mere moderne modeller, der kan give dig en mere effektiv varmestyring.<\/p>\n\n\n\n<h3 class=\"wp-block-heading\">Gulvvarmeventiler<\/h3>\n\n\n\n<p>P\u00e5 samme m\u00e5de kan du ogs\u00e5 overveje at udskifte dine manuelle gulvvarmeventiler med enten termostater eller andre modeller, der har elektronisk styring. Det vil give dig en bedre kontrol over varmen i dit hjem.<\/p>\n\n\n\n<h3 class=\"wp-block-heading\">Cirkulationspumpe<\/h3>\n\n\n\n<p>Hvis du har en cirkulationspumpe i dit hjem, b\u00f8r du sikre dig, at den er A-m\u00e6rket, for det vil nemlig hj\u00e6lpe med at reducere dit energiforbrug.<\/p>\n\n\n\n<h3 class=\"wp-block-heading\">Varmtvandsbeholder<\/h3>\n\n\n\n<p>Du kan ogs\u00e5 udskifte din gamle varmtvandsbeholder\/-veksler med en nyere model. Det vil b\u00e5de forbedre effektiviteten og p\u00e5lideligheden.<\/p>\n\n\n\n<h3 class=\"wp-block-heading\">Isolering af varmer\u00f8r<\/h3>\n\n\n\n<p>P\u00e5 samme m\u00e5de kan en isolering af dine varmer\u00f8r ogs\u00e5 hj\u00e6lpe med at minimere spildvarme. Det kan holde dit varmetab p\u00e5 et minimum.<\/p>\n\n\n\n<h3 class=\"wp-block-heading\">Vejrkompenseringsanl\u00e6g<\/h3>\n\n\n\n<p>Endelig kan du ogs\u00e5 overveje at investere i et vejrkompenseringsanl\u00e6g. Med det kan du opn\u00e5 besparelser p\u00e5 helt op til 10-15 % p\u00e5 din varmeregning.<\/p>\n<\/div>\n<\/div>\n<\/div><\/div>\n","protected":false},"excerpt":{"rendered":"<p>Fjernvarme I de fleste danske hjem bliver der anvendt fjernvarme til at opvarme boligen. Der er ogs\u00e5 flere gode grunde [&hellip;]<\/p>\n","protected":false},"author":3,"featured_media":0,"parent":0,"menu_order":0,"comment_status":"closed","ping_status":"closed","template":"","meta":{"_acf_changed":false,"om_disable_all_campaigns":false,"inline_featured_image":false,"footnotes":""},"class_list":["post-1668","page","type-page","status-publish","hentry"],"acf":[],"yoast_head":"<!-- This site is optimized with the Yoast SEO plugin v24.3 - https:\/\/yoast.com\/wordpress\/plugins\/seo\/ -->\n<title>Fjernvarme - Henrik Skov VVS<\/title>\n<meta name=\"description\" content=\"Vi har speciale i installation og modernisering af private og kommunale varmeinstallationer. Vi \u00f8ger effektiviteten og energibesparelserne, samtidig med at vi sikrer din komfort\" \/>\n<meta name=\"robots\" content=\"index, follow, max-snippet:-1, max-image-preview:large, max-video-preview:-1\" \/>\n<link rel=\"canonical\" href=\"https:\/\/www.henrikskovvvs.dk\/index.php\/fjernvarme\/\" \/>\n<meta property=\"og:locale\" content=\"en_US\" \/>\n<meta property=\"og:type\" content=\"article\" \/>\n<meta property=\"og:title\" content=\"Fjernvarme - Henrik Skov VVS\" \/>\n<meta property=\"og:description\" content=\"Vi har speciale i installation og modernisering af private og kommunale varmeinstallationer. Vi \u00f8ger effektiviteten og energibesparelserne, samtidig med at vi sikrer din komfort\" \/>\n<meta property=\"og:url\" content=\"https:\/\/www.henrikskovvvs.dk\/index.php\/fjernvarme\/\" \/>\n<meta property=\"og:site_name\" content=\"Henrik Skov VVS\" \/>\n<meta property=\"article:modified_time\" content=\"2024-03-20T12:11:58+00:00\" \/>\n<meta name=\"twitter:card\" content=\"summary_large_image\" \/>\n<meta name=\"twitter:label1\" content=\"Est. reading time\" \/>\n\t<meta name=\"twitter:data1\" content=\"3 minutes\" \/>\n<script type=\"application\/ld+json\" class=\"yoast-schema-graph\">{\"@context\":\"https:\/\/schema.org\",\"@graph\":[{\"@type\":\"WebPage\",\"@id\":\"https:\/\/www.henrikskovvvs.dk\/index.php\/fjernvarme\/\",\"url\":\"https:\/\/www.henrikskovvvs.dk\/index.php\/fjernvarme\/\",\"name\":\"Fjernvarme - Henrik Skov VVS\",\"isPartOf\":{\"@id\":\"https:\/\/www.henrikskovvvs.dk\/#website\"},\"datePublished\":\"2023-10-27T11:14:48+00:00\",\"dateModified\":\"2024-03-20T12:11:58+00:00\",\"description\":\"Vi har speciale i installation og modernisering af private og kommunale varmeinstallationer. Vi \u00f8ger effektiviteten og energibesparelserne, samtidig med at vi sikrer din komfort\",\"breadcrumb\":{\"@id\":\"https:\/\/www.henrikskovvvs.dk\/index.php\/fjernvarme\/#breadcrumb\"},\"inLanguage\":\"en-US\",\"potentialAction\":[{\"@type\":\"ReadAction\",\"target\":[\"https:\/\/www.henrikskovvvs.dk\/index.php\/fjernvarme\/\"]}]},{\"@type\":\"BreadcrumbList\",\"@id\":\"https:\/\/www.henrikskovvvs.dk\/index.php\/fjernvarme\/#breadcrumb\",\"itemListElement\":[{\"@type\":\"ListItem\",\"position\":1,\"name\":\"Home\",\"item\":\"https:\/\/www.henrikskovvvs.dk\/\"},{\"@type\":\"ListItem\",\"position\":2,\"name\":\"Fjernvarme\"}]},{\"@type\":\"WebSite\",\"@id\":\"https:\/\/www.henrikskovvvs.dk\/#website\",\"url\":\"https:\/\/www.henrikskovvvs.dk\/\",\"name\":\"Henrik Skov VVS\",\"description\":\"\",\"publisher\":{\"@id\":\"https:\/\/www.henrikskovvvs.dk\/#organization\"},\"potentialAction\":[{\"@type\":\"SearchAction\",\"target\":{\"@type\":\"EntryPoint\",\"urlTemplate\":\"https:\/\/www.henrikskovvvs.dk\/?s={search_term_string}\"},\"query-input\":{\"@type\":\"PropertyValueSpecification\",\"valueRequired\":true,\"valueName\":\"search_term_string\"}}],\"inLanguage\":\"en-US\"},{\"@type\":\"Organization\",\"@id\":\"https:\/\/www.henrikskovvvs.dk\/#organization\",\"name\":\"Henrik Skov VVS\",\"url\":\"https:\/\/www.henrikskovvvs.dk\/\",\"logo\":{\"@type\":\"ImageObject\",\"inLanguage\":\"en-US\",\"@id\":\"https:\/\/www.henrikskovvvs.dk\/#\/schema\/logo\/image\/\",\"url\":\"https:\/\/www.henrikskovvvs.dk\/wp-content\/uploads\/2022\/07\/Henrik-Skov-VVS_logo.svg\",\"contentUrl\":\"https:\/\/www.henrikskovvvs.dk\/wp-content\/uploads\/2022\/07\/Henrik-Skov-VVS_logo.svg\",\"width\":160,\"height\":160,\"caption\":\"Henrik Skov VVS\"},\"image\":{\"@id\":\"https:\/\/www.henrikskovvvs.dk\/#\/schema\/logo\/image\/\"}}]}<\/script>\n<!-- \/ Yoast SEO plugin. -->","yoast_head_json":{"title":"Fjernvarme - Henrik Skov VVS","description":"Vi har speciale i installation og modernisering af private og kommunale varmeinstallationer. Vi \u00f8ger effektiviteten og energibesparelserne, samtidig med at vi sikrer din komfort","robots":{"index":"index","follow":"follow","max-snippet":"max-snippet:-1","max-image-preview":"max-image-preview:large","max-video-preview":"max-video-preview:-1"},"canonical":"https:\/\/www.henrikskovvvs.dk\/index.php\/fjernvarme\/","og_locale":"en_US","og_type":"article","og_title":"Fjernvarme - Henrik Skov VVS","og_description":"Vi har speciale i installation og modernisering af private og kommunale varmeinstallationer. Vi \u00f8ger effektiviteten og energibesparelserne, samtidig med at vi sikrer din komfort","og_url":"https:\/\/www.henrikskovvvs.dk\/index.php\/fjernvarme\/","og_site_name":"Henrik Skov VVS","article_modified_time":"2024-03-20T12:11:58+00:00","twitter_card":"summary_large_image","twitter_misc":{"Est. reading time":"3 minutes"},"schema":{"@context":"https:\/\/schema.org","@graph":[{"@type":"WebPage","@id":"https:\/\/www.henrikskovvvs.dk\/index.php\/fjernvarme\/","url":"https:\/\/www.henrikskovvvs.dk\/index.php\/fjernvarme\/","name":"Fjernvarme - Henrik Skov VVS","isPartOf":{"@id":"https:\/\/www.henrikskovvvs.dk\/#website"},"datePublished":"2023-10-27T11:14:48+00:00","dateModified":"2024-03-20T12:11:58+00:00","description":"Vi har speciale i installation og modernisering af private og kommunale varmeinstallationer. Vi \u00f8ger effektiviteten og energibesparelserne, samtidig med at vi sikrer din komfort","breadcrumb":{"@id":"https:\/\/www.henrikskovvvs.dk\/index.php\/fjernvarme\/#breadcrumb"},"inLanguage":"en-US","potentialAction":[{"@type":"ReadAction","target":["https:\/\/www.henrikskovvvs.dk\/index.php\/fjernvarme\/"]}]},{"@type":"BreadcrumbList","@id":"https:\/\/www.henrikskovvvs.dk\/index.php\/fjernvarme\/#breadcrumb","itemListElement":[{"@type":"ListItem","position":1,"name":"Home","item":"https:\/\/www.henrikskovvvs.dk\/"},{"@type":"ListItem","position":2,"name":"Fjernvarme"}]},{"@type":"WebSite","@id":"https:\/\/www.henrikskovvvs.dk\/#website","url":"https:\/\/www.henrikskovvvs.dk\/","name":"Henrik Skov VVS","description":"","publisher":{"@id":"https:\/\/www.henrikskovvvs.dk\/#organization"},"potentialAction":[{"@type":"SearchAction","target":{"@type":"EntryPoint","urlTemplate":"https:\/\/www.henrikskovvvs.dk\/?s={search_term_string}"},"query-input":{"@type":"PropertyValueSpecification","valueRequired":true,"valueName":"search_term_string"}}],"inLanguage":"en-US"},{"@type":"Organization","@id":"https:\/\/www.henrikskovvvs.dk\/#organization","name":"Henrik Skov VVS","url":"https:\/\/www.henrikskovvvs.dk\/","logo":{"@type":"ImageObject","inLanguage":"en-US","@id":"https:\/\/www.henrikskovvvs.dk\/#\/schema\/logo\/image\/","url":"https:\/\/www.henrikskovvvs.dk\/wp-content\/uploads\/2022\/07\/Henrik-Skov-VVS_logo.svg","contentUrl":"https:\/\/www.henrikskovvvs.dk\/wp-content\/uploads\/2022\/07\/Henrik-Skov-VVS_logo.svg","width":160,"height":160,"caption":"Henrik Skov VVS"},"image":{"@id":"https:\/\/www.henrikskovvvs.dk\/#\/schema\/logo\/image\/"}}]}},"_links":{"self":[{"href":"https:\/\/www.henrikskovvvs.dk\/index.php\/wp-json\/wp\/v2\/pages\/1668","targetHints":{"allow":["GET"]}}],"collection":[{"href":"https:\/\/www.henrikskovvvs.dk\/index.php\/wp-json\/wp\/v2\/pages"}],"about":[{"href":"https:\/\/www.henrikskovvvs.dk\/index.php\/wp-json\/wp\/v2\/types\/page"}],"author":[{"embeddable":true,"href":"https:\/\/www.henrikskovvvs.dk\/index.php\/wp-json\/wp\/v2\/users\/3"}],"replies":[{"embeddable":true,"href":"https:\/\/www.henrikskovvvs.dk\/index.php\/wp-json\/wp\/v2\/comments?post=1668"}],"version-history":[{"count":9,"href":"https:\/\/www.henrikskovvvs.dk\/index.php\/wp-json\/wp\/v2\/pages\/1668\/revisions"}],"predecessor-version":[{"id":1717,"href":"https:\/\/www.henrikskovvvs.dk\/index.php\/wp-json\/wp\/v2\/pages\/1668\/revisions\/1717"}],"wp:attachment":[{"href":"https:\/\/www.henrikskovvvs.dk\/index.php\/wp-json\/wp\/v2\/media?parent=1668"}],"curies":[{"name":"wp","href":"https:\/\/api.w.org\/{rel}","templated":true}]}}