{"id":1650,"date":"2023-10-27T11:06:16","date_gmt":"2023-10-27T11:06:16","guid":{"rendered":"https:\/\/www.henrikskovvvs.dk\/?page_id=1650"},"modified":"2024-03-20T12:13:35","modified_gmt":"2024-03-20T12:13:35","slug":"forsikringsskader","status":"publish","type":"page","link":"https:\/\/www.henrikskovvvs.dk\/index.php\/forsikringsskader\/","title":{"rendered":"Forsikringsskader"},"content":{"rendered":"\n<div class=\"wp-block-group has-light-grey-color has-light-blue-background-color has-text-color has-background\"><div class=\"wp-block-group__inner-container is-layout-flow wp-block-group-is-layout-flow\">\n<div class=\"wp-block-columns is-layout-flex wp-container-core-columns-is-layout-9d6595d7 wp-block-columns-is-layout-flex\">\n<div class=\"wp-block-column has-light-grey-color has-text-color is-layout-flow wp-block-column-is-layout-flow\" style=\"flex-basis:1200px\">\n<h1 class=\"has-light-grey-color has-text-color wp-block-heading\">Forsikringsskader<\/h1>\n\n\n\n<p>Intet kan forudsiges, men det meste kan forberedes. For eksempel kan der ske forsikringsskader i ethvert hjem. Men n\u00e5r du har sikret dig med en forsikring, bliver den \u00f8konomiske efterregning v\u00e6sentligt mindre.<\/p>\n\n\n\n<p>Er der sket en skade, skal den udbedres. Her st\u00e5r vi hos Henrik Skov VVS klar til at hj\u00e6lpe dig. Vi forst\u00e5r fuldt ud, at en forsikringsskade er \u00e6rgerlig situation. Derfor kan vi rykke ud og l\u00f8se problemet hurtigt og effektivt, s\u00e5 dit hjem igen kan blive funktionelt og rart.<\/p>\n<\/div>\n<\/div>\n<\/div><\/div>\n\n\n\n<div class=\"wp-block-group\"><div class=\"wp-block-group__inner-container is-layout-flow wp-block-group-is-layout-flow\">\n<div class=\"wp-block-columns is-layout-flex wp-container-core-columns-is-layout-9d6595d7 wp-block-columns-is-layout-flex\">\n<div class=\"wp-block-column is-layout-flow wp-block-column-is-layout-flow\" style=\"flex-basis:1200px\">\n<h2 class=\"wp-block-heading\">Hvad er forsikringsskader?<\/h2>\n\n\n\n<p>Inden for VVS er der tale om forsikringsskader, n\u00e5r der opst\u00e5r en uforudset h\u00e6ndelse, der resulterer i skade p\u00e5 enten vand-, varme- eller kloaksystemet i hjemmet. Det kan for eksempel v\u00e6re:<\/p>\n\n\n\n<ul class=\"wp-block-list\"><li>L\u00e6kager i r\u00f8r<\/li><li>Vandskader<\/li><li>Tilstoppede afl\u00f8b<\/li><li>Fejl i varmesystemer<\/li><\/ul>\n\n\n\n<p>Oftest vil dit forsikringsselskab d\u00e6kke omkostningerne til at f\u00e5 repareret eller udskiftet de beskadigede komponenter.<\/p>\n\n\n\n<p>Hos Henrik Skov VVS har vi stor erfaring med at udbedre en bred vifte af forskellige forsikringsskader. Derfor kan vi uden tvivl ogs\u00e5 hj\u00e6lpe dig med den forsikringsskade, du m\u00e5tte st\u00e5 med i dit hjem.<\/p>\n\n\n\n<h2 class=\"wp-block-heading\">S\u00e5dan behandler vi forsikringsskader<\/h2>\n\n\n\n<p>Hvis du oplever, at der er sket en skade i dit hjem, skal du kontakte os hurtigst muligt. Ofte kan skadens omfang minimeres, n\u00e5r der s\u00e6ttes ind hurtigt efter, at skaden er sket.<\/p>\n\n\n\n<p>N\u00e5r du kontakter os, kommer vi ud til dig og tilser skaden. Her vurderer vi f\u00f8rst og fremmest skadens omfang. Herefter kan vi ogs\u00e5 vurdere, om der reelt er tale om en forsikringsskade, hvor dit forsikringsselskab skal indover. Hvis ikke der er tale om en forsikringsskade, er vi naturligvis stadig klar til at hj\u00e6lpe dig med at udbedre skaden, selvom udgiften ikke d\u00e6kkes af dit forsikringsselskab.<\/p>\n\n\n\n<p>Hvis vi vurderer, at der er tale om en forsikringsskade, hj\u00e6lper vi dig ogs\u00e5 gerne med at kontakte forsikringsselskabet. For din egen skyld er det en god id\u00e9 at f\u00e5 afklaret hurtigst muligt, om skaden falder under kriterierne for en forsikringsskade. P\u00e5 den m\u00e5de ved du, om dit forsikringsselskab eller du selv skal st\u00e5 med regningen.<\/p>\n\n\n\n<p>N\u00e5r du r\u00e6kker ud til os, f\u00e5r du heller ikke ubehagelige efterregninger. I stedet f\u00e5r du et godt overblik over, hvad du kan forvente at skulle betale. For os er det nemlig en kernesag at v\u00e6re fuldst\u00e6ndig gennemsigtige b\u00e5de med arbejdsprocessen og priserne.<\/p>\n\n\n\n<h2 class=\"wp-block-heading\">Hos Henrik Skov VVS kan vi ogs\u00e5 hj\u00e6lpe med meget mere end forsikringsskader<\/h2>\n\n\n\n<p>Hos Henrik Skov VVS kan vi ogs\u00e5 hj\u00e6lpe med meget andet end forsikringsskader. Hvis du eksempelvis gerne vil have en varmepumpe p\u00e5 Amager eller omegn, kan vi hj\u00e6lpe med at udv\u00e6lge, montere og installere den. Det g\u00e6lder uanset, om du gerne vil have en varmepumpe luft til luft eller en varmepumpe luft til vand.<\/p>\n\n\n\n<p>Hvis du ogs\u00e5 dr\u00f8mmer om gulvvarme, kan vi ogs\u00e5 v\u00e6re behj\u00e6lpelige. Det omr\u00e5de har vi ogs\u00e5 stor erfaring med.<\/p>\n\n\n\n<h2 class=\"wp-block-heading\">Vi servicerer f\u00f8lgende omr\u00e5der<\/h2>\n\n\n\n<p>Vi har base i Kastrup p\u00e5 Amager, og har du brug for VVS i Kastrup eller VVS p\u00e5 Amager, er vi et oplagt valg. Uanset om du gerne vil have hj\u00e6lp med forsikringsskader, varmepumper eller gulvvarme, kan vi rykke ud.<\/p>\n\n\n\n<p>Vi kan ogs\u00e5 v\u00e6re behj\u00e6lpelige, hvis du har brug for:<\/p>\n\n\n\n<ul class=\"wp-block-list\"><li>VVS i T\u00e5rnby<\/li><li>VVS i Drag\u00f8r<\/li><li>VVS i Kirstineh\u00f8j<\/li><\/ul>\n\n\n\n<p><\/p>\n\n\n\n<h2 class=\"wp-block-heading\">Derfor b\u00f8r du v\u00e6lge Henrik Skov VVS som din VVS-installat\u00f8r<\/h2>\n\n\n\n<p>Hos Henrik Skov VVS vil vi v\u00e6re de bedste. Derfor kan du altid regne med os. Det betyder naturligvis ogs\u00e5, at vores team udelukkende best\u00e5r af dygtige VVS-installat\u00f8rer. Vi overholder alle aftaler, og vi er altid gennemsigtige omkring vores arbejdsproces s\u00e5vel som vores priser.<\/p>\n\n\n\n<p>For os er det vigtigt, at kunden er i centrum. Derfor vil vi altid lytte til dig og dine behov. V\u00e6lg derfor Henrik Skov VVS, n\u00e5r du har brug for en p\u00e5lidelig VVS-installat\u00f8r p\u00e5 Amager eller omegn.<\/p>\n<\/div>\n<\/div>\n<\/div><\/div>\n","protected":false},"excerpt":{"rendered":"<p>Forsikringsskader Intet kan forudsiges, men det meste kan forberedes. For eksempel kan der ske forsikringsskader i ethvert hjem. Men n\u00e5r [&hellip;]<\/p>\n","protected":false},"author":3,"featured_media":0,"parent":0,"menu_order":0,"comment_status":"closed","ping_status":"closed","template":"","meta":{"_acf_changed":false,"om_disable_all_campaigns":false,"inline_featured_image":false,"footnotes":""},"class_list":["post-1650","page","type-page","status-publish","hentry"],"acf":[],"yoast_head":"<!-- This site is optimized with the Yoast SEO plugin v24.3 - https:\/\/yoast.com\/wordpress\/plugins\/seo\/ -->\n<title>Forsikringsskader - Henrik Skov VVS<\/title>\n<meta name=\"description\" content=\"Vi hj\u00e6lper med jeres forsikringsskader, om det er for\u00e5rsaget af oversv\u00f8mmelser, ut\u00e6theder eller svigt af varmeinstallationer.\" \/>\n<meta name=\"robots\" content=\"index, follow, max-snippet:-1, max-image-preview:large, max-video-preview:-1\" \/>\n<link rel=\"canonical\" href=\"https:\/\/www.henrikskovvvs.dk\/index.php\/forsikringsskader\/\" \/>\n<meta property=\"og:locale\" content=\"en_US\" \/>\n<meta property=\"og:type\" content=\"article\" \/>\n<meta property=\"og:title\" content=\"Forsikringsskader - Henrik Skov VVS\" \/>\n<meta property=\"og:description\" content=\"Vi hj\u00e6lper med jeres forsikringsskader, om det er for\u00e5rsaget af oversv\u00f8mmelser, ut\u00e6theder eller svigt af varmeinstallationer.\" \/>\n<meta property=\"og:url\" content=\"https:\/\/www.henrikskovvvs.dk\/index.php\/forsikringsskader\/\" \/>\n<meta property=\"og:site_name\" content=\"Henrik Skov VVS\" \/>\n<meta property=\"article:modified_time\" content=\"2024-03-20T12:13:35+00:00\" \/>\n<meta name=\"twitter:card\" content=\"summary_large_image\" \/>\n<meta name=\"twitter:label1\" content=\"Est. reading time\" \/>\n\t<meta name=\"twitter:data1\" content=\"3 minutes\" \/>\n<script type=\"application\/ld+json\" class=\"yoast-schema-graph\">{\"@context\":\"https:\/\/schema.org\",\"@graph\":[{\"@type\":\"WebPage\",\"@id\":\"https:\/\/www.henrikskovvvs.dk\/index.php\/forsikringsskader\/\",\"url\":\"https:\/\/www.henrikskovvvs.dk\/index.php\/forsikringsskader\/\",\"name\":\"Forsikringsskader - Henrik Skov VVS\",\"isPartOf\":{\"@id\":\"https:\/\/www.henrikskovvvs.dk\/#website\"},\"datePublished\":\"2023-10-27T11:06:16+00:00\",\"dateModified\":\"2024-03-20T12:13:35+00:00\",\"description\":\"Vi hj\u00e6lper med jeres forsikringsskader, om det er for\u00e5rsaget af oversv\u00f8mmelser, ut\u00e6theder eller svigt af varmeinstallationer.\",\"breadcrumb\":{\"@id\":\"https:\/\/www.henrikskovvvs.dk\/index.php\/forsikringsskader\/#breadcrumb\"},\"inLanguage\":\"en-US\",\"potentialAction\":[{\"@type\":\"ReadAction\",\"target\":[\"https:\/\/www.henrikskovvvs.dk\/index.php\/forsikringsskader\/\"]}]},{\"@type\":\"BreadcrumbList\",\"@id\":\"https:\/\/www.henrikskovvvs.dk\/index.php\/forsikringsskader\/#breadcrumb\",\"itemListElement\":[{\"@type\":\"ListItem\",\"position\":1,\"name\":\"Home\",\"item\":\"https:\/\/www.henrikskovvvs.dk\/\"},{\"@type\":\"ListItem\",\"position\":2,\"name\":\"Forsikringsskader\"}]},{\"@type\":\"WebSite\",\"@id\":\"https:\/\/www.henrikskovvvs.dk\/#website\",\"url\":\"https:\/\/www.henrikskovvvs.dk\/\",\"name\":\"Henrik Skov VVS\",\"description\":\"\",\"publisher\":{\"@id\":\"https:\/\/www.henrikskovvvs.dk\/#organization\"},\"potentialAction\":[{\"@type\":\"SearchAction\",\"target\":{\"@type\":\"EntryPoint\",\"urlTemplate\":\"https:\/\/www.henrikskovvvs.dk\/?s={search_term_string}\"},\"query-input\":{\"@type\":\"PropertyValueSpecification\",\"valueRequired\":true,\"valueName\":\"search_term_string\"}}],\"inLanguage\":\"en-US\"},{\"@type\":\"Organization\",\"@id\":\"https:\/\/www.henrikskovvvs.dk\/#organization\",\"name\":\"Henrik Skov VVS\",\"url\":\"https:\/\/www.henrikskovvvs.dk\/\",\"logo\":{\"@type\":\"ImageObject\",\"inLanguage\":\"en-US\",\"@id\":\"https:\/\/www.henrikskovvvs.dk\/#\/schema\/logo\/image\/\",\"url\":\"https:\/\/www.henrikskovvvs.dk\/wp-content\/uploads\/2022\/07\/Henrik-Skov-VVS_logo.svg\",\"contentUrl\":\"https:\/\/www.henrikskovvvs.dk\/wp-content\/uploads\/2022\/07\/Henrik-Skov-VVS_logo.svg\",\"width\":160,\"height\":160,\"caption\":\"Henrik Skov VVS\"},\"image\":{\"@id\":\"https:\/\/www.henrikskovvvs.dk\/#\/schema\/logo\/image\/\"}}]}<\/script>\n<!-- \/ Yoast SEO plugin. -->","yoast_head_json":{"title":"Forsikringsskader - Henrik Skov VVS","description":"Vi hj\u00e6lper med jeres forsikringsskader, om det er for\u00e5rsaget af oversv\u00f8mmelser, ut\u00e6theder eller svigt af varmeinstallationer.","robots":{"index":"index","follow":"follow","max-snippet":"max-snippet:-1","max-image-preview":"max-image-preview:large","max-video-preview":"max-video-preview:-1"},"canonical":"https:\/\/www.henrikskovvvs.dk\/index.php\/forsikringsskader\/","og_locale":"en_US","og_type":"article","og_title":"Forsikringsskader - Henrik Skov VVS","og_description":"Vi hj\u00e6lper med jeres forsikringsskader, om det er for\u00e5rsaget af oversv\u00f8mmelser, ut\u00e6theder eller svigt af varmeinstallationer.","og_url":"https:\/\/www.henrikskovvvs.dk\/index.php\/forsikringsskader\/","og_site_name":"Henrik Skov VVS","article_modified_time":"2024-03-20T12:13:35+00:00","twitter_card":"summary_large_image","twitter_misc":{"Est. reading time":"3 minutes"},"schema":{"@context":"https:\/\/schema.org","@graph":[{"@type":"WebPage","@id":"https:\/\/www.henrikskovvvs.dk\/index.php\/forsikringsskader\/","url":"https:\/\/www.henrikskovvvs.dk\/index.php\/forsikringsskader\/","name":"Forsikringsskader - Henrik Skov VVS","isPartOf":{"@id":"https:\/\/www.henrikskovvvs.dk\/#website"},"datePublished":"2023-10-27T11:06:16+00:00","dateModified":"2024-03-20T12:13:35+00:00","description":"Vi hj\u00e6lper med jeres forsikringsskader, om det er for\u00e5rsaget af oversv\u00f8mmelser, ut\u00e6theder eller svigt af varmeinstallationer.","breadcrumb":{"@id":"https:\/\/www.henrikskovvvs.dk\/index.php\/forsikringsskader\/#breadcrumb"},"inLanguage":"en-US","potentialAction":[{"@type":"ReadAction","target":["https:\/\/www.henrikskovvvs.dk\/index.php\/forsikringsskader\/"]}]},{"@type":"BreadcrumbList","@id":"https:\/\/www.henrikskovvvs.dk\/index.php\/forsikringsskader\/#breadcrumb","itemListElement":[{"@type":"ListItem","position":1,"name":"Home","item":"https:\/\/www.henrikskovvvs.dk\/"},{"@type":"ListItem","position":2,"name":"Forsikringsskader"}]},{"@type":"WebSite","@id":"https:\/\/www.henrikskovvvs.dk\/#website","url":"https:\/\/www.henrikskovvvs.dk\/","name":"Henrik Skov VVS","description":"","publisher":{"@id":"https:\/\/www.henrikskovvvs.dk\/#organization"},"potentialAction":[{"@type":"SearchAction","target":{"@type":"EntryPoint","urlTemplate":"https:\/\/www.henrikskovvvs.dk\/?s={search_term_string}"},"query-input":{"@type":"PropertyValueSpecification","valueRequired":true,"valueName":"search_term_string"}}],"inLanguage":"en-US"},{"@type":"Organization","@id":"https:\/\/www.henrikskovvvs.dk\/#organization","name":"Henrik Skov VVS","url":"https:\/\/www.henrikskovvvs.dk\/","logo":{"@type":"ImageObject","inLanguage":"en-US","@id":"https:\/\/www.henrikskovvvs.dk\/#\/schema\/logo\/image\/","url":"https:\/\/www.henrikskovvvs.dk\/wp-content\/uploads\/2022\/07\/Henrik-Skov-VVS_logo.svg","contentUrl":"https:\/\/www.henrikskovvvs.dk\/wp-content\/uploads\/2022\/07\/Henrik-Skov-VVS_logo.svg","width":160,"height":160,"caption":"Henrik Skov VVS"},"image":{"@id":"https:\/\/www.henrikskovvvs.dk\/#\/schema\/logo\/image\/"}}]}},"_links":{"self":[{"href":"https:\/\/www.henrikskovvvs.dk\/index.php\/wp-json\/wp\/v2\/pages\/1650","targetHints":{"allow":["GET"]}}],"collection":[{"href":"https:\/\/www.henrikskovvvs.dk\/index.php\/wp-json\/wp\/v2\/pages"}],"about":[{"href":"https:\/\/www.henrikskovvvs.dk\/index.php\/wp-json\/wp\/v2\/types\/page"}],"author":[{"embeddable":true,"href":"https:\/\/www.henrikskovvvs.dk\/index.php\/wp-json\/wp\/v2\/users\/3"}],"replies":[{"embeddable":true,"href":"https:\/\/www.henrikskovvvs.dk\/index.php\/wp-json\/wp\/v2\/comments?post=1650"}],"version-history":[{"count":14,"href":"https:\/\/www.henrikskovvvs.dk\/index.php\/wp-json\/wp\/v2\/pages\/1650\/revisions"}],"predecessor-version":[{"id":1720,"href":"https:\/\/www.henrikskovvvs.dk\/index.php\/wp-json\/wp\/v2\/pages\/1650\/revisions\/1720"}],"wp:attachment":[{"href":"https:\/\/www.henrikskovvvs.dk\/index.php\/wp-json\/wp\/v2\/media?parent=1650"}],"curies":[{"name":"wp","href":"https:\/\/api.w.org\/{rel}","templated":true}]}}