{"id":1643,"date":"2023-10-27T11:02:05","date_gmt":"2023-10-27T11:02:05","guid":{"rendered":"https:\/\/www.henrikskovvvs.dk\/?page_id=1643"},"modified":"2024-03-20T12:12:53","modified_gmt":"2024-03-20T12:12:53","slug":"blodgoringsanlaeg","status":"publish","type":"page","link":"https:\/\/www.henrikskovvvs.dk\/index.php\/blodgoringsanlaeg\/","title":{"rendered":"Bl\u00f8dg\u00f8ringsanl\u00e6g"},"content":{"rendered":"\n<div class=\"wp-block-group has-light-grey-color has-light-blue-background-color has-text-color has-background\"><div class=\"wp-block-group__inner-container is-layout-flow wp-block-group-is-layout-flow\">\n<div class=\"wp-block-columns is-layout-flex wp-container-core-columns-is-layout-9d6595d7 wp-block-columns-is-layout-flex\">\n<div class=\"wp-block-column is-layout-flow wp-block-column-is-layout-flow\" style=\"flex-basis:1200px\">\n<h1 class=\"has-light-grey-color has-text-color wp-block-heading\">Bl\u00f8dg\u00f8ringsanl\u00e6g<\/h1>\n\n\n\n<p class=\"has-light-grey-color has-text-color\">I Danmark er der flere omr\u00e5der, der er kendt for at have s\u00e5kaldt h\u00e5rdt vand. Det er vand, der har en h\u00f8j koncentration af mineraler. Denne koncentration kan medf\u00f8re en r\u00e6kke ulemper som blandt andet kalkaflejringer i dine VVS-r\u00f8r \u2013 som i v\u00e6rste fald kan tilstoppe og \u00f8del\u00e6gge dine r\u00f8r.<\/p>\n\n\n\n<p class=\"has-light-grey-color has-text-color\">Heldigvis findes der r\u00e5d for sagen. Du kan nemlig v\u00e6lge at investere i et s\u00e5kaldt bl\u00f8dg\u00f8ringsanl\u00e6g. Hos Henrik Skov VVS har vi en stor viden om alt inden for bl\u00f8dg\u00f8ringsanl\u00e6g, derfor kan vi hj\u00e6lpe dig med alt fra udv\u00e6lgelse til installation og den l\u00f8bende vedligeholdelse.<\/p>\n<\/div>\n<\/div>\n\n\n<div class=\"wp-block-image offset-bottom\">\n<figure class=\"aligncenter size-full\"><img loading=\"lazy\" decoding=\"async\" width=\"356\" height=\"356\" src=\"https:\/\/www.henrikskovvvs.dk\/wp-content\/uploads\/2023\/11\/BWT-blodgoringsanlaeg.jpg\" alt=\"\" class=\"wp-image-1700\" srcset=\"https:\/\/www.henrikskovvvs.dk\/wp-content\/uploads\/2023\/11\/BWT-blodgoringsanlaeg.jpg 356w, https:\/\/www.henrikskovvvs.dk\/wp-content\/uploads\/2023\/11\/BWT-blodgoringsanlaeg-200x200.jpg 200w\" sizes=\"auto, (max-width: 356px) 100vw, 356px\" \/><\/figure><\/div><\/div><\/div>\n\n\n\n<div class=\"wp-block-group\"><div class=\"wp-block-group__inner-container is-layout-flow wp-block-group-is-layout-flow\">\n<div class=\"wp-block-columns is-layout-flex wp-container-core-columns-is-layout-9d6595d7 wp-block-columns-is-layout-flex\">\n<div class=\"wp-block-column is-layout-flow wp-block-column-is-layout-flow\" style=\"flex-basis:1200px\">\n<p><\/p>\n\n\n\n<p><\/p>\n\n\n\n<h2 class=\"wp-block-heading\">Hvad er et bl\u00f8dg\u00f8ringsanl\u00e6g?<\/h2>\n\n\n\n<p>Et bl\u00f8dg\u00f8ringsanl\u00e6g hj\u00e6lper med at reducere vandets h\u00e5rdhed. N\u00e5r vand bliver defineret som \u201dh\u00e5rdt\u201d, skyldes det, at det har en h\u00f8j koncentration af mineraler som blandt andet calcium og magnesium. Mineralerne kan for\u00e5rsage, at der kommer kalkaflejringer i r\u00f8r, apparater og endda p\u00e5 overflader i hjemmet.<\/p>\n\n\n\n<p>Med et bl\u00f8dg\u00f8ringsanl\u00e6g kan du erstatte de h\u00e5rde mineraler med natrium-ioner. Det sker gennem en proces, der kaldes for ionbytning. Processen finder sted i en s\u00e5kaldt bl\u00f8dg\u00f8ringsbeholder, der indeholder en s\u00e6rlig type ionbytningsharpiks. N\u00e5r vandet passerer gennem beholderen, vil mineralerne binde sig til harpiksen, og herefter bliver natrium-ionerne frigivet i vandet. Det resulterer i bl\u00f8dt vand, som ikke l\u00e6ngere for\u00e5rsager hverken kalkaflejringer eller lignende problemer.<\/p>\n\n\n\n<p>Et anl\u00e6g til bl\u00f8dg\u00f8ring er derfor en gavnlig l\u00f8sning for dig, der \u00f8nsker at sk\u00e5ne dine VVS-systemer for de skader, som h\u00e5rdt vand kan for\u00e5rsage. Det vil ogs\u00e5 hj\u00e6lpe med at forbedre dine reng\u00f8ringsmidlers effektivitet, ligesom det kan forl\u00e6nge dit t\u00f8j og dine apparaters levetid.<\/p>\n\n\n\n<h2 class=\"wp-block-heading\">Fordelene ved et bl\u00f8dg\u00f8ringsanl\u00e6g<\/h2>\n\n\n\n<p>Ved at anvende et bl\u00f8dg\u00f8ringsanl\u00e6g kan du opn\u00e5 en r\u00e6kke fordele. Blandt andet:<\/p>\n\n\n\n<ul class=\"wp-block-list\"><li>Reduktion af kalkaflejringer<\/li><li>Forl\u00e6nget levetid p\u00e5 apparater<\/li><li>Energibesparelse<\/li><li>Forbedret reng\u00f8ring<\/li><li>Bevaring af t\u00f8jkvalitet<\/li><li>Reduceret vedligeholdelse<\/li><li>Sk\u00e5nsomhed over for milj\u00f8et<\/li><\/ul>\n\n\n\n<p>Et bl\u00f8dg\u00f8ringsanl\u00e6g vil fjerne calcium og magnesium fra vandet. Disse mineraler kan for\u00e5rsage kalkaflejringer i VVS-systemer, i apparater og p\u00e5 overflader. Med et anl\u00e6g til bl\u00f8dg\u00f8ring af vandet kan du markant reducere kalkaflejringer.<br>Ved at reducere kalkaflejringerne vil du ogs\u00e5 forl\u00e6nge levetiden for flere af dine apparater. Det g\u00e6lder blandt andet din vandvarmer, din opvaskemaskine, din vaskemaskine og lignende apparater.<br>N\u00e5r du reducerer kalkaflejringerne, vil du samtidigt ogs\u00e5 opleve en energibesparelse. Det skyldes, at dine VVS-systemer og apparater bliver mere effektive uden kalkaflejringerne. Det vil du kunne afl\u00e6se direkte p\u00e5 din energiregning.<\/p>\n\n\n\n<p>Med s\u00e5kaldt bl\u00f8dt vand vil du ogs\u00e5 opleve, at din reng\u00f8ring bliver b\u00e5de nemmere og mere effektiv. Bl\u00f8dt vand forbedrer nemlig reng\u00f8ringsmidlerne og s\u00e6bernes effektivitet. Resultatet bliver mere rene overflader, service og lignende. Det er ogs\u00e5 langt sundere for dit t\u00f8j at blive vasket i bl\u00f8dt vand. Derfor vil du ogs\u00e5 opleve, at det bl\u00f8de vand forl\u00e6nger dit t\u00f8js levetid.<\/p>\n\n\n\n<p>N\u00e5r du reducerer kalkaflejringerne i dine VVS-r\u00f8r og apparater, vil du f\u00e5 et mindre behov for vedligeholdelse og reparationer. Endelig er det ogs\u00e5 v\u00e6rd at n\u00e6vne, at bl\u00f8dg\u00f8ringsanl\u00e6gget kan hj\u00e6lpe med at reducere b\u00e5de vandspild og energiforbrug, hvilket er sk\u00e5nsomt for milj\u00f8et. Derfor er der mange gode grunde til at f\u00e5 et bl\u00f8dg\u00f8ringsanl\u00e6g i dit hjem.<\/p>\n\n\n\n<h2 class=\"wp-block-heading\">Derfor b\u00f8r du lade Henrik Skov VVS montere dit bl\u00f8dg\u00f8ringsanl\u00e6g<\/h2>\n\n\n\n<p>Hvis du f\u00f8ler dig overbevist om, at du b\u00f8r f\u00e5 et bl\u00f8dg\u00f8ringsanl\u00e6g i dit hjem, er der flere gode grunde til at overlade monteringen til Henrik Skov VVS.<\/p>\n\n\n\n<p>Vores team best\u00e5r udelukkende af dygtige VVS-installat\u00f8rer. Derfor har vi en stor viden, og erfaring med, at installere alle former for VVS-systemer \u2013 herunder ogs\u00e5 anl\u00e6g til bl\u00f8dg\u00f8ring.<br>Vi er desuden ogs\u00e5 medlem af Dansk Drikkevands Kontrol, hvilket er din garanti for, at vores installationer giver dig rent drikkevand. Derfor kan du trygt lade os montere og installere dit bl\u00f8dg\u00f8ringsanl\u00e6g.<\/p>\n<\/div>\n<\/div>\n<\/div><\/div>\n","protected":false},"excerpt":{"rendered":"<p>Bl\u00f8dg\u00f8ringsanl\u00e6g I Danmark er der flere omr\u00e5der, der er kendt for at have s\u00e5kaldt h\u00e5rdt vand. Det er vand, der [&hellip;]<\/p>\n","protected":false},"author":3,"featured_media":0,"parent":0,"menu_order":0,"comment_status":"closed","ping_status":"closed","template":"","meta":{"_acf_changed":false,"om_disable_all_campaigns":false,"inline_featured_image":false,"footnotes":""},"class_list":["post-1643","page","type-page","status-publish","hentry"],"acf":[],"yoast_head":"<!-- This site is optimized with the Yoast SEO plugin v24.3 - https:\/\/yoast.com\/wordpress\/plugins\/seo\/ -->\n<title>Bl\u00f8dg\u00f8ringsanl\u00e6g - Henrik Skov VVS<\/title>\n<meta name=\"description\" content=\"Oplev rent, bl\u00f8dt vand med vores avancerede vandbl\u00f8dg\u00f8rende l\u00f8sninger. Forbedre reng\u00f8ringen, reducer vedligeholdelsen og sig farvel til kalkaflejringer\" \/>\n<meta name=\"robots\" content=\"index, follow, max-snippet:-1, max-image-preview:large, max-video-preview:-1\" \/>\n<link rel=\"canonical\" href=\"https:\/\/www.henrikskovvvs.dk\/index.php\/blodgoringsanlaeg\/\" \/>\n<meta property=\"og:locale\" content=\"en_US\" \/>\n<meta property=\"og:type\" content=\"article\" \/>\n<meta property=\"og:title\" content=\"Bl\u00f8dg\u00f8ringsanl\u00e6g - Henrik Skov VVS\" \/>\n<meta property=\"og:description\" content=\"Oplev rent, bl\u00f8dt vand med vores avancerede vandbl\u00f8dg\u00f8rende l\u00f8sninger. Forbedre reng\u00f8ringen, reducer vedligeholdelsen og sig farvel til kalkaflejringer\" \/>\n<meta property=\"og:url\" content=\"https:\/\/www.henrikskovvvs.dk\/index.php\/blodgoringsanlaeg\/\" \/>\n<meta property=\"og:site_name\" content=\"Henrik Skov VVS\" \/>\n<meta property=\"article:modified_time\" content=\"2024-03-20T12:12:53+00:00\" \/>\n<meta property=\"og:image\" content=\"https:\/\/www.henrikskovvvs.dk\/wp-content\/uploads\/2023\/11\/BWT-blodgoringsanlaeg.jpg\" \/>\n<meta name=\"twitter:card\" content=\"summary_large_image\" \/>\n<meta name=\"twitter:label1\" content=\"Est. reading time\" \/>\n\t<meta name=\"twitter:data1\" content=\"3 minutes\" \/>\n<script type=\"application\/ld+json\" class=\"yoast-schema-graph\">{\"@context\":\"https:\/\/schema.org\",\"@graph\":[{\"@type\":\"WebPage\",\"@id\":\"https:\/\/www.henrikskovvvs.dk\/index.php\/blodgoringsanlaeg\/\",\"url\":\"https:\/\/www.henrikskovvvs.dk\/index.php\/blodgoringsanlaeg\/\",\"name\":\"Bl\u00f8dg\u00f8ringsanl\u00e6g - Henrik Skov VVS\",\"isPartOf\":{\"@id\":\"https:\/\/www.henrikskovvvs.dk\/#website\"},\"primaryImageOfPage\":{\"@id\":\"https:\/\/www.henrikskovvvs.dk\/index.php\/blodgoringsanlaeg\/#primaryimage\"},\"image\":{\"@id\":\"https:\/\/www.henrikskovvvs.dk\/index.php\/blodgoringsanlaeg\/#primaryimage\"},\"thumbnailUrl\":\"https:\/\/www.henrikskovvvs.dk\/wp-content\/uploads\/2023\/11\/BWT-blodgoringsanlaeg.jpg\",\"datePublished\":\"2023-10-27T11:02:05+00:00\",\"dateModified\":\"2024-03-20T12:12:53+00:00\",\"description\":\"Oplev rent, bl\u00f8dt vand med vores avancerede vandbl\u00f8dg\u00f8rende l\u00f8sninger. Forbedre reng\u00f8ringen, reducer vedligeholdelsen og sig farvel til kalkaflejringer\",\"breadcrumb\":{\"@id\":\"https:\/\/www.henrikskovvvs.dk\/index.php\/blodgoringsanlaeg\/#breadcrumb\"},\"inLanguage\":\"en-US\",\"potentialAction\":[{\"@type\":\"ReadAction\",\"target\":[\"https:\/\/www.henrikskovvvs.dk\/index.php\/blodgoringsanlaeg\/\"]}]},{\"@type\":\"ImageObject\",\"inLanguage\":\"en-US\",\"@id\":\"https:\/\/www.henrikskovvvs.dk\/index.php\/blodgoringsanlaeg\/#primaryimage\",\"url\":\"https:\/\/www.henrikskovvvs.dk\/wp-content\/uploads\/2023\/11\/BWT-blodgoringsanlaeg.jpg\",\"contentUrl\":\"https:\/\/www.henrikskovvvs.dk\/wp-content\/uploads\/2023\/11\/BWT-blodgoringsanlaeg.jpg\",\"width\":356,\"height\":356,\"caption\":\"AQA life S Duplex bl\u00f8dg\u00f8ringssystem kompakt til 1-2 boligenheder\"},{\"@type\":\"BreadcrumbList\",\"@id\":\"https:\/\/www.henrikskovvvs.dk\/index.php\/blodgoringsanlaeg\/#breadcrumb\",\"itemListElement\":[{\"@type\":\"ListItem\",\"position\":1,\"name\":\"Home\",\"item\":\"https:\/\/www.henrikskovvvs.dk\/\"},{\"@type\":\"ListItem\",\"position\":2,\"name\":\"Bl\u00f8dg\u00f8ringsanl\u00e6g\"}]},{\"@type\":\"WebSite\",\"@id\":\"https:\/\/www.henrikskovvvs.dk\/#website\",\"url\":\"https:\/\/www.henrikskovvvs.dk\/\",\"name\":\"Henrik Skov VVS\",\"description\":\"\",\"publisher\":{\"@id\":\"https:\/\/www.henrikskovvvs.dk\/#organization\"},\"potentialAction\":[{\"@type\":\"SearchAction\",\"target\":{\"@type\":\"EntryPoint\",\"urlTemplate\":\"https:\/\/www.henrikskovvvs.dk\/?s={search_term_string}\"},\"query-input\":{\"@type\":\"PropertyValueSpecification\",\"valueRequired\":true,\"valueName\":\"search_term_string\"}}],\"inLanguage\":\"en-US\"},{\"@type\":\"Organization\",\"@id\":\"https:\/\/www.henrikskovvvs.dk\/#organization\",\"name\":\"Henrik Skov VVS\",\"url\":\"https:\/\/www.henrikskovvvs.dk\/\",\"logo\":{\"@type\":\"ImageObject\",\"inLanguage\":\"en-US\",\"@id\":\"https:\/\/www.henrikskovvvs.dk\/#\/schema\/logo\/image\/\",\"url\":\"https:\/\/www.henrikskovvvs.dk\/wp-content\/uploads\/2022\/07\/Henrik-Skov-VVS_logo.svg\",\"contentUrl\":\"https:\/\/www.henrikskovvvs.dk\/wp-content\/uploads\/2022\/07\/Henrik-Skov-VVS_logo.svg\",\"width\":160,\"height\":160,\"caption\":\"Henrik Skov VVS\"},\"image\":{\"@id\":\"https:\/\/www.henrikskovvvs.dk\/#\/schema\/logo\/image\/\"}}]}<\/script>\n<!-- \/ Yoast SEO plugin. -->","yoast_head_json":{"title":"Bl\u00f8dg\u00f8ringsanl\u00e6g - Henrik Skov VVS","description":"Oplev rent, bl\u00f8dt vand med vores avancerede vandbl\u00f8dg\u00f8rende l\u00f8sninger. Forbedre reng\u00f8ringen, reducer vedligeholdelsen og sig farvel til kalkaflejringer","robots":{"index":"index","follow":"follow","max-snippet":"max-snippet:-1","max-image-preview":"max-image-preview:large","max-video-preview":"max-video-preview:-1"},"canonical":"https:\/\/www.henrikskovvvs.dk\/index.php\/blodgoringsanlaeg\/","og_locale":"en_US","og_type":"article","og_title":"Bl\u00f8dg\u00f8ringsanl\u00e6g - Henrik Skov VVS","og_description":"Oplev rent, bl\u00f8dt vand med vores avancerede vandbl\u00f8dg\u00f8rende l\u00f8sninger. Forbedre reng\u00f8ringen, reducer vedligeholdelsen og sig farvel til kalkaflejringer","og_url":"https:\/\/www.henrikskovvvs.dk\/index.php\/blodgoringsanlaeg\/","og_site_name":"Henrik Skov VVS","article_modified_time":"2024-03-20T12:12:53+00:00","og_image":[{"url":"https:\/\/www.henrikskovvvs.dk\/wp-content\/uploads\/2023\/11\/BWT-blodgoringsanlaeg.jpg","type":"","width":"","height":""}],"twitter_card":"summary_large_image","twitter_misc":{"Est. reading time":"3 minutes"},"schema":{"@context":"https:\/\/schema.org","@graph":[{"@type":"WebPage","@id":"https:\/\/www.henrikskovvvs.dk\/index.php\/blodgoringsanlaeg\/","url":"https:\/\/www.henrikskovvvs.dk\/index.php\/blodgoringsanlaeg\/","name":"Bl\u00f8dg\u00f8ringsanl\u00e6g - Henrik Skov VVS","isPartOf":{"@id":"https:\/\/www.henrikskovvvs.dk\/#website"},"primaryImageOfPage":{"@id":"https:\/\/www.henrikskovvvs.dk\/index.php\/blodgoringsanlaeg\/#primaryimage"},"image":{"@id":"https:\/\/www.henrikskovvvs.dk\/index.php\/blodgoringsanlaeg\/#primaryimage"},"thumbnailUrl":"https:\/\/www.henrikskovvvs.dk\/wp-content\/uploads\/2023\/11\/BWT-blodgoringsanlaeg.jpg","datePublished":"2023-10-27T11:02:05+00:00","dateModified":"2024-03-20T12:12:53+00:00","description":"Oplev rent, bl\u00f8dt vand med vores avancerede vandbl\u00f8dg\u00f8rende l\u00f8sninger. Forbedre reng\u00f8ringen, reducer vedligeholdelsen og sig farvel til kalkaflejringer","breadcrumb":{"@id":"https:\/\/www.henrikskovvvs.dk\/index.php\/blodgoringsanlaeg\/#breadcrumb"},"inLanguage":"en-US","potentialAction":[{"@type":"ReadAction","target":["https:\/\/www.henrikskovvvs.dk\/index.php\/blodgoringsanlaeg\/"]}]},{"@type":"ImageObject","inLanguage":"en-US","@id":"https:\/\/www.henrikskovvvs.dk\/index.php\/blodgoringsanlaeg\/#primaryimage","url":"https:\/\/www.henrikskovvvs.dk\/wp-content\/uploads\/2023\/11\/BWT-blodgoringsanlaeg.jpg","contentUrl":"https:\/\/www.henrikskovvvs.dk\/wp-content\/uploads\/2023\/11\/BWT-blodgoringsanlaeg.jpg","width":356,"height":356,"caption":"AQA life S Duplex bl\u00f8dg\u00f8ringssystem kompakt til 1-2 boligenheder"},{"@type":"BreadcrumbList","@id":"https:\/\/www.henrikskovvvs.dk\/index.php\/blodgoringsanlaeg\/#breadcrumb","itemListElement":[{"@type":"ListItem","position":1,"name":"Home","item":"https:\/\/www.henrikskovvvs.dk\/"},{"@type":"ListItem","position":2,"name":"Bl\u00f8dg\u00f8ringsanl\u00e6g"}]},{"@type":"WebSite","@id":"https:\/\/www.henrikskovvvs.dk\/#website","url":"https:\/\/www.henrikskovvvs.dk\/","name":"Henrik Skov VVS","description":"","publisher":{"@id":"https:\/\/www.henrikskovvvs.dk\/#organization"},"potentialAction":[{"@type":"SearchAction","target":{"@type":"EntryPoint","urlTemplate":"https:\/\/www.henrikskovvvs.dk\/?s={search_term_string}"},"query-input":{"@type":"PropertyValueSpecification","valueRequired":true,"valueName":"search_term_string"}}],"inLanguage":"en-US"},{"@type":"Organization","@id":"https:\/\/www.henrikskovvvs.dk\/#organization","name":"Henrik Skov VVS","url":"https:\/\/www.henrikskovvvs.dk\/","logo":{"@type":"ImageObject","inLanguage":"en-US","@id":"https:\/\/www.henrikskovvvs.dk\/#\/schema\/logo\/image\/","url":"https:\/\/www.henrikskovvvs.dk\/wp-content\/uploads\/2022\/07\/Henrik-Skov-VVS_logo.svg","contentUrl":"https:\/\/www.henrikskovvvs.dk\/wp-content\/uploads\/2022\/07\/Henrik-Skov-VVS_logo.svg","width":160,"height":160,"caption":"Henrik Skov VVS"},"image":{"@id":"https:\/\/www.henrikskovvvs.dk\/#\/schema\/logo\/image\/"}}]}},"_links":{"self":[{"href":"https:\/\/www.henrikskovvvs.dk\/index.php\/wp-json\/wp\/v2\/pages\/1643","targetHints":{"allow":["GET"]}}],"collection":[{"href":"https:\/\/www.henrikskovvvs.dk\/index.php\/wp-json\/wp\/v2\/pages"}],"about":[{"href":"https:\/\/www.henrikskovvvs.dk\/index.php\/wp-json\/wp\/v2\/types\/page"}],"author":[{"embeddable":true,"href":"https:\/\/www.henrikskovvvs.dk\/index.php\/wp-json\/wp\/v2\/users\/3"}],"replies":[{"embeddable":true,"href":"https:\/\/www.henrikskovvvs.dk\/index.php\/wp-json\/wp\/v2\/comments?post=1643"}],"version-history":[{"count":5,"href":"https:\/\/www.henrikskovvvs.dk\/index.php\/wp-json\/wp\/v2\/pages\/1643\/revisions"}],"predecessor-version":[{"id":1719,"href":"https:\/\/www.henrikskovvvs.dk\/index.php\/wp-json\/wp\/v2\/pages\/1643\/revisions\/1719"}],"wp:attachment":[{"href":"https:\/\/www.henrikskovvvs.dk\/index.php\/wp-json\/wp\/v2\/media?parent=1643"}],"curies":[{"name":"wp","href":"https:\/\/api.w.org\/{rel}","templated":true}]}}