{"id":1635,"date":"2023-10-27T10:56:57","date_gmt":"2023-10-27T10:56:57","guid":{"rendered":"https:\/\/www.henrikskovvvs.dk\/?page_id=1635"},"modified":"2026-01-16T13:23:42","modified_gmt":"2026-01-16T13:23:42","slug":"blik-tagrender","status":"publish","type":"page","link":"https:\/\/www.henrikskovvvs.dk\/index.php\/blik-tagrender\/","title":{"rendered":"Blik &#038; tagrender"},"content":{"rendered":"\n<div class=\"wp-block-group has-light-grey-color has-light-blue-background-color has-text-color has-background has-medium-font-size\"><div class=\"wp-block-group__inner-container is-layout-flow wp-block-group-is-layout-flow\">\n<div class=\"wp-block-columns has-light-grey-color has-light-blue-background-color has-text-color has-background is-layout-flex wp-container-core-columns-is-layout-9d6595d7 wp-block-columns-is-layout-flex\">\n<div class=\"wp-block-column has-light-grey-color has-light-blue-background-color has-text-color has-background is-layout-flow wp-block-column-is-layout-flow\" style=\"flex-basis:1200px\">\n<h1 class=\"has-light-grey-color has-text-color wp-block-heading\">Blik &amp; tagrender<\/h1>\n\n\n\n<p>Der er flere gode grunde til, hvorfor du ikke b\u00f8r undervurdere blik &amp; tagrenders effekt p\u00e5 dit hjem. Begge dele bliver ofte overset, men faktisk er det afg\u00f8rende elementer for din bygnings struktur og vedligeholdelse. B\u00e5de facader, gavle, kviste, tagrender og andet blik hj\u00e6lper med at gardere din bygning mod vind og vejr. Derudover har blik &amp; tagrender ogs\u00e5 en \u00e6stetisk funktion, der hj\u00e6lper med at understrege det udtryk, som din bygning har.<\/p>\n\n\n\n<p>Hos Henrik Skov VVS har vi mere end 20 \u00e5rs erfaring med at udf\u00f8re arbejde inden for blik &amp; tagrender. Derfor kan vi ogs\u00e5 hj\u00e6lpe dig med at f\u00e5 netop de l\u00f8sninger, som passer til din bygning.<\/p>\n<\/div>\n<\/div>\n<\/div><\/div>\n\n\n\n<div class=\"wp-block-group\"><div class=\"wp-block-group__inner-container is-layout-flow wp-block-group-is-layout-flow\">\n<div class=\"wp-block-columns is-layout-flex wp-container-core-columns-is-layout-9d6595d7 wp-block-columns-is-layout-flex\">\n<div class=\"wp-block-column is-layout-flow wp-block-column-is-layout-flow\" style=\"flex-basis:1200px\">\n<h2 class=\"wp-block-heading\">Tagrender<\/h2>\n\n\n\n<p>P\u00e5 enhver bygning er det n\u00f8dvendigt med tagrender. Det er nemlig dem, der leder regnvandet v\u00e6k fra din ejendom. Med et velfungerende tagrendesystem, forhindrer du vand i at tr\u00e6nge ind i bygningens fundament og k\u00e6lder. Her kan vandet nemlig for\u00e5rsage alvorlige skader.<\/p>\n\n\n\n<p>Men tagrender er ikke blot funktionelle og praktiske. De kan ogs\u00e5 hj\u00e6lpe med at forsk\u00f8nne din bolig. Du har nemlig mulighed for at v\u00e6lge blandt forskellige materialer, farver og nuancer, n\u00e5r det kommer til blik &amp; tagrender. Derfor kan du ogs\u00e5 v\u00e6lge blik &amp; tagrender, der harmonerer med netop den stil, som din bygning har.<\/p>\n\n\n\n<h2 class=\"wp-block-heading\">Kviste<\/h2>\n\n\n\n<p>N\u00e5r du gerne vil beskytte dit loft og dine indvendige v\u00e6gge optimalt, er det kviste, som du har brug for. De beskytter nemlig begge mod b\u00e5de regn, sne og vind. Derfor er de ogs\u00e5 et uundv\u00e6rligt element i et land som Danmark, hvor vejret er s\u00e5 omskifteligt.<\/p>\n\n\n\n<p>For at f\u00e5 det optimale ud af dine kviste, er det f\u00f8rst og fremmest vigtigt, at du sikrer, at de bliver monteret korrekt. Det kan vi hos Henrik Skov VVS hj\u00e6lpe dig med.<br>Det er ogs\u00e5 vigtigt, at du j\u00e6vnligt tjekker kvistenes stand. Hvis du bem\u00e6rker revner, ut\u00e6theder eller andre problemer, skal du omg\u00e5ende handle \u2013 ellers risikerer du, at der sker skader p\u00e5 din bygning.<\/p>\n\n\n\n<h2 class=\"wp-block-heading\">Facader og gavle<\/h2>\n\n\n\n<p>N\u00e5r vejret raser, som det jo g\u00f8r fra tid til anden i Danmark, er facader og gavle med til at beskytte din bolig. Derfor er det ogs\u00e5 en stor fordel at vedligeholde facader og gavle med hj\u00e6lp fra et professionelt firma, der kan varetage opgaver med blik &amp; tagrender.<\/p>\n\n\n\n<p>Lige s\u00e5dan er det ogs\u00e5 vigtigt, at du j\u00e6vnligt inspicerer dine facader og gavle. Hvis du finder rust, revner eller skader, skal det omg\u00e5s behandles, for kun p\u00e5 den m\u00e5de kan du forhindre yderligere skader p\u00e5 bygningens struktur.<\/p>\n\n\n\n<h2 class=\"wp-block-heading\">Lad Henrik Skov VVS st\u00e5 for blik &amp; tagrender hos dig<\/h2>\n\n\n\n<p>Hvis du har brug for nyt i blik &amp; tagrender, eller hvis du gerne vil have repareret dit nuv\u00e6rende, st\u00e5r vi hos Henrik Skov VVS klar til at hj\u00e6lpe dig.<\/p>\n\n\n\n<p>Med rette blik &amp; tagrender giver du din bygning den optimale beskyttelse. P\u00e5 den m\u00e5de kan din bygning bedre holde til det omskiftelige vejr og de forskellige s\u00e6soner. Lige fra vinterens sne og kulde over sommerens solskin og UV-p\u00e5virkning til efter\u00e5rets regn og slud bliver din bygning udsat for lidt af hvert. Med blik &amp; tagrender giver du din bygning de absolut bedste betingelser for at kunne modst\u00e5 vind og vejr.<\/p>\n\n\n\n<p>Vi har mere end 20 \u00e5rs erfaring med at hj\u00e6lpe folk med deres blik &amp; tagrender. Derfor kan vi ogs\u00e5 hj\u00e6lpe dig med dine. Vi kan bist\u00e5 dig under hele processen lige fra udv\u00e6lgelsen af det rette materiale til ops\u00e6ttelsen og den l\u00f8bende vedligeholdelse.<\/p>\n\n\n\n<p>Hvis du har nogle sp\u00f8rgsm\u00e5l til, hvordan vi ogs\u00e5 kan hj\u00e6lpe dig, er du altid velkommen til at kontakte os.<\/p>\n<\/div>\n<\/div>\n<\/div><\/div>\n","protected":false},"excerpt":{"rendered":"<p>Blik &amp; tagrender Der er flere gode grunde til, hvorfor du ikke b\u00f8r undervurdere blik &amp; tagrenders effekt p\u00e5 dit [&hellip;]<\/p>\n","protected":false},"author":3,"featured_media":0,"parent":0,"menu_order":0,"comment_status":"closed","ping_status":"closed","template":"","meta":{"_acf_changed":false,"om_disable_all_campaigns":false,"inline_featured_image":false,"footnotes":""},"class_list":["post-1635","page","type-page","status-publish","hentry"],"acf":[],"yoast_head":"<!-- This site is optimized with the Yoast SEO plugin v24.3 - https:\/\/yoast.com\/wordpress\/plugins\/seo\/ -->\n<title>Blik &amp; tagrender - Henrik Skov VVS<\/title>\n<meta name=\"description\" content=\"Montering og udskiftning af tagrender og blikarbejde. Holdbar l\u00f8sning med korrekt afvanding og professionelt udf\u00f8rt arbejde.\" \/>\n<meta name=\"robots\" content=\"index, follow, max-snippet:-1, max-image-preview:large, max-video-preview:-1\" \/>\n<link rel=\"canonical\" href=\"https:\/\/www.henrikskovvvs.dk\/index.php\/blik-tagrender\/\" \/>\n<meta property=\"og:locale\" content=\"en_US\" \/>\n<meta property=\"og:type\" content=\"article\" \/>\n<meta property=\"og:title\" content=\"Blik &amp; tagrender - Henrik Skov VVS\" \/>\n<meta property=\"og:description\" content=\"Montering og udskiftning af tagrender og blikarbejde. Holdbar l\u00f8sning med korrekt afvanding og professionelt udf\u00f8rt arbejde.\" \/>\n<meta property=\"og:url\" content=\"https:\/\/www.henrikskovvvs.dk\/index.php\/blik-tagrender\/\" \/>\n<meta property=\"og:site_name\" content=\"Henrik Skov VVS\" \/>\n<meta property=\"article:modified_time\" content=\"2026-01-16T13:23:42+00:00\" \/>\n<meta name=\"twitter:card\" content=\"summary_large_image\" \/>\n<meta name=\"twitter:label1\" content=\"Est. reading time\" \/>\n\t<meta name=\"twitter:data1\" content=\"3 minutes\" \/>\n<script type=\"application\/ld+json\" class=\"yoast-schema-graph\">{\"@context\":\"https:\/\/schema.org\",\"@graph\":[{\"@type\":\"WebPage\",\"@id\":\"https:\/\/www.henrikskovvvs.dk\/index.php\/blik-tagrender\/\",\"url\":\"https:\/\/www.henrikskovvvs.dk\/index.php\/blik-tagrender\/\",\"name\":\"Blik & tagrender - Henrik Skov VVS\",\"isPartOf\":{\"@id\":\"https:\/\/www.henrikskovvvs.dk\/#website\"},\"datePublished\":\"2023-10-27T10:56:57+00:00\",\"dateModified\":\"2026-01-16T13:23:42+00:00\",\"description\":\"Montering og udskiftning af tagrender og blikarbejde. Holdbar l\u00f8sning med korrekt afvanding og professionelt udf\u00f8rt arbejde.\",\"breadcrumb\":{\"@id\":\"https:\/\/www.henrikskovvvs.dk\/index.php\/blik-tagrender\/#breadcrumb\"},\"inLanguage\":\"en-US\",\"potentialAction\":[{\"@type\":\"ReadAction\",\"target\":[\"https:\/\/www.henrikskovvvs.dk\/index.php\/blik-tagrender\/\"]}]},{\"@type\":\"BreadcrumbList\",\"@id\":\"https:\/\/www.henrikskovvvs.dk\/index.php\/blik-tagrender\/#breadcrumb\",\"itemListElement\":[{\"@type\":\"ListItem\",\"position\":1,\"name\":\"Home\",\"item\":\"https:\/\/www.henrikskovvvs.dk\/\"},{\"@type\":\"ListItem\",\"position\":2,\"name\":\"Blik &#038; tagrender\"}]},{\"@type\":\"WebSite\",\"@id\":\"https:\/\/www.henrikskovvvs.dk\/#website\",\"url\":\"https:\/\/www.henrikskovvvs.dk\/\",\"name\":\"Henrik Skov VVS\",\"description\":\"\",\"publisher\":{\"@id\":\"https:\/\/www.henrikskovvvs.dk\/#organization\"},\"potentialAction\":[{\"@type\":\"SearchAction\",\"target\":{\"@type\":\"EntryPoint\",\"urlTemplate\":\"https:\/\/www.henrikskovvvs.dk\/?s={search_term_string}\"},\"query-input\":{\"@type\":\"PropertyValueSpecification\",\"valueRequired\":true,\"valueName\":\"search_term_string\"}}],\"inLanguage\":\"en-US\"},{\"@type\":\"Organization\",\"@id\":\"https:\/\/www.henrikskovvvs.dk\/#organization\",\"name\":\"Henrik Skov VVS\",\"url\":\"https:\/\/www.henrikskovvvs.dk\/\",\"logo\":{\"@type\":\"ImageObject\",\"inLanguage\":\"en-US\",\"@id\":\"https:\/\/www.henrikskovvvs.dk\/#\/schema\/logo\/image\/\",\"url\":\"https:\/\/www.henrikskovvvs.dk\/wp-content\/uploads\/2022\/07\/Henrik-Skov-VVS_logo.svg\",\"contentUrl\":\"https:\/\/www.henrikskovvvs.dk\/wp-content\/uploads\/2022\/07\/Henrik-Skov-VVS_logo.svg\",\"width\":160,\"height\":160,\"caption\":\"Henrik Skov VVS\"},\"image\":{\"@id\":\"https:\/\/www.henrikskovvvs.dk\/#\/schema\/logo\/image\/\"}}]}<\/script>\n<!-- \/ Yoast SEO plugin. -->","yoast_head_json":{"title":"Blik & tagrender - Henrik Skov VVS","description":"Montering og udskiftning af tagrender og blikarbejde. Holdbar l\u00f8sning med korrekt afvanding og professionelt udf\u00f8rt arbejde.","robots":{"index":"index","follow":"follow","max-snippet":"max-snippet:-1","max-image-preview":"max-image-preview:large","max-video-preview":"max-video-preview:-1"},"canonical":"https:\/\/www.henrikskovvvs.dk\/index.php\/blik-tagrender\/","og_locale":"en_US","og_type":"article","og_title":"Blik & tagrender - Henrik Skov VVS","og_description":"Montering og udskiftning af tagrender og blikarbejde. Holdbar l\u00f8sning med korrekt afvanding og professionelt udf\u00f8rt arbejde.","og_url":"https:\/\/www.henrikskovvvs.dk\/index.php\/blik-tagrender\/","og_site_name":"Henrik Skov VVS","article_modified_time":"2026-01-16T13:23:42+00:00","twitter_card":"summary_large_image","twitter_misc":{"Est. reading time":"3 minutes"},"schema":{"@context":"https:\/\/schema.org","@graph":[{"@type":"WebPage","@id":"https:\/\/www.henrikskovvvs.dk\/index.php\/blik-tagrender\/","url":"https:\/\/www.henrikskovvvs.dk\/index.php\/blik-tagrender\/","name":"Blik & tagrender - Henrik Skov VVS","isPartOf":{"@id":"https:\/\/www.henrikskovvvs.dk\/#website"},"datePublished":"2023-10-27T10:56:57+00:00","dateModified":"2026-01-16T13:23:42+00:00","description":"Montering og udskiftning af tagrender og blikarbejde. Holdbar l\u00f8sning med korrekt afvanding og professionelt udf\u00f8rt arbejde.","breadcrumb":{"@id":"https:\/\/www.henrikskovvvs.dk\/index.php\/blik-tagrender\/#breadcrumb"},"inLanguage":"en-US","potentialAction":[{"@type":"ReadAction","target":["https:\/\/www.henrikskovvvs.dk\/index.php\/blik-tagrender\/"]}]},{"@type":"BreadcrumbList","@id":"https:\/\/www.henrikskovvvs.dk\/index.php\/blik-tagrender\/#breadcrumb","itemListElement":[{"@type":"ListItem","position":1,"name":"Home","item":"https:\/\/www.henrikskovvvs.dk\/"},{"@type":"ListItem","position":2,"name":"Blik &#038; tagrender"}]},{"@type":"WebSite","@id":"https:\/\/www.henrikskovvvs.dk\/#website","url":"https:\/\/www.henrikskovvvs.dk\/","name":"Henrik Skov VVS","description":"","publisher":{"@id":"https:\/\/www.henrikskovvvs.dk\/#organization"},"potentialAction":[{"@type":"SearchAction","target":{"@type":"EntryPoint","urlTemplate":"https:\/\/www.henrikskovvvs.dk\/?s={search_term_string}"},"query-input":{"@type":"PropertyValueSpecification","valueRequired":true,"valueName":"search_term_string"}}],"inLanguage":"en-US"},{"@type":"Organization","@id":"https:\/\/www.henrikskovvvs.dk\/#organization","name":"Henrik Skov VVS","url":"https:\/\/www.henrikskovvvs.dk\/","logo":{"@type":"ImageObject","inLanguage":"en-US","@id":"https:\/\/www.henrikskovvvs.dk\/#\/schema\/logo\/image\/","url":"https:\/\/www.henrikskovvvs.dk\/wp-content\/uploads\/2022\/07\/Henrik-Skov-VVS_logo.svg","contentUrl":"https:\/\/www.henrikskovvvs.dk\/wp-content\/uploads\/2022\/07\/Henrik-Skov-VVS_logo.svg","width":160,"height":160,"caption":"Henrik Skov VVS"},"image":{"@id":"https:\/\/www.henrikskovvvs.dk\/#\/schema\/logo\/image\/"}}]}},"_links":{"self":[{"href":"https:\/\/www.henrikskovvvs.dk\/index.php\/wp-json\/wp\/v2\/pages\/1635","targetHints":{"allow":["GET"]}}],"collection":[{"href":"https:\/\/www.henrikskovvvs.dk\/index.php\/wp-json\/wp\/v2\/pages"}],"about":[{"href":"https:\/\/www.henrikskovvvs.dk\/index.php\/wp-json\/wp\/v2\/types\/page"}],"author":[{"embeddable":true,"href":"https:\/\/www.henrikskovvvs.dk\/index.php\/wp-json\/wp\/v2\/users\/3"}],"replies":[{"embeddable":true,"href":"https:\/\/www.henrikskovvvs.dk\/index.php\/wp-json\/wp\/v2\/comments?post=1635"}],"version-history":[{"count":7,"href":"https:\/\/www.henrikskovvvs.dk\/index.php\/wp-json\/wp\/v2\/pages\/1635\/revisions"}],"predecessor-version":[{"id":1718,"href":"https:\/\/www.henrikskovvvs.dk\/index.php\/wp-json\/wp\/v2\/pages\/1635\/revisions\/1718"}],"wp:attachment":[{"href":"https:\/\/www.henrikskovvvs.dk\/index.php\/wp-json\/wp\/v2\/media?parent=1635"}],"curies":[{"name":"wp","href":"https:\/\/api.w.org\/{rel}","templated":true}]}}