{"id":1575,"date":"2022-09-01T09:15:49","date_gmt":"2022-09-01T09:15:49","guid":{"rendered":"https:\/\/www.henrikskovvvs.dk\/?page_id=1575"},"modified":"2026-01-16T14:00:53","modified_gmt":"2026-01-16T14:00:53","slug":"varmepumper","status":"publish","type":"page","link":"https:\/\/www.henrikskovvvs.dk\/index.php\/varmepumper\/","title":{"rendered":"Varmepumper"},"content":{"rendered":"\n<div class=\"wp-block-group alignfull trekant has-light-blue-background-color has-background\"><div class=\"wp-block-group__inner-container is-layout-flow wp-block-group-is-layout-flow\">\n<div class=\"wp-block-columns alignwide is-layout-flex wp-container-core-columns-is-layout-9d6595d7 wp-block-columns-is-layout-flex\">\n<div class=\"wp-block-column is-layout-flow wp-block-column-is-layout-flow\" style=\"flex-basis:1200px\">\n<p class=\"mb-0 has-white-color has-text-color\" style=\"font-size:1.5rem\">Varmepumper<\/p>\n\n\n\n<h1 class=\"wp-block-heading has-white-color has-text-color\">To typer af varmepumper<\/h1>\n\n\n\n<div class=\"wp-block-columns is-layout-flex wp-container-core-columns-is-layout-9d6595d7 wp-block-columns-is-layout-flex\">\n<div class=\"wp-block-column is-layout-flow wp-block-column-is-layout-flow\" style=\"flex-basis:800px\">\n<p class=\"has-white-color has-text-color\">Der findes to typer af udbredte varmepumper: luft til luft-varmepumper og luft til vand-varmepumper. Hos Henrik Skov VVS er vi eksperter inden for begge typer, selvom de er forskellige. Nedenfor kan du l\u00e6se mere om de to typer af varmepumper. Du er naturligvis ogs\u00e5 velkommen til at kontakte os, s\u00e5 vi kan hj\u00e6lpe dig med at tr\u00e6ffe og installere det rigtige valg for dig.<\/p>\n<\/div>\n<\/div>\n\n\n\n<div style=\"height:30px\" aria-hidden=\"true\" class=\"wp-block-spacer\"><\/div>\n\n\n\n<figure class=\"wp-block-image size-full offset-bottom\"><img loading=\"lazy\" decoding=\"async\" width=\"1181\" height=\"636\" src=\"https:\/\/www.henrikskovvvs.dk\/wp-content\/uploads\/2022\/09\/varmepumper-fritlagt_tiny.png\" alt=\"Panasonic varmepumpeanl\u00e6g med indedel og udedele, vist fritlagt med ventilatorenheder og moderne energibesparende design.\" class=\"wp-image-1568\" srcset=\"https:\/\/www.henrikskovvvs.dk\/wp-content\/uploads\/2022\/09\/varmepumper-fritlagt_tiny.png 1181w, https:\/\/www.henrikskovvvs.dk\/wp-content\/uploads\/2022\/09\/varmepumper-fritlagt_tiny-500x269.png 500w, https:\/\/www.henrikskovvvs.dk\/wp-content\/uploads\/2022\/09\/varmepumper-fritlagt_tiny-200x108.png 200w, https:\/\/www.henrikskovvvs.dk\/wp-content\/uploads\/2022\/09\/varmepumper-fritlagt_tiny-768x414.png 768w\" sizes=\"auto, (max-width: 1181px) 100vw, 1181px\" \/><\/figure>\n<\/div>\n<\/div>\n<\/div><\/div>\n\n\n\n<section class=\"wp-block-group alignfull offset-top\"><div class=\"wp-block-group__inner-container is-layout-flow wp-block-group-is-layout-flow\">\n<div class=\"wp-block-columns alignwide is-layout-flex wp-container-core-columns-is-layout-9d6595d7 wp-block-columns-is-layout-flex\">\n<div class=\"wp-block-column is-layout-flow wp-block-column-is-layout-flow\">\n<h2 class=\"wp-block-heading has-dark-blue-color has-text-color\" style=\"font-size:1.5rem\">Luft til luft-varmepumpe<\/h2>\n\n\n\n<p class=\"has-dark-blue-color has-text-color\">Denne type er den simpleste og er den mest benyttede i sommerhuse, annekser og andre bygninger uden fordelingsanl\u00e6g. Denne type varmepumpe fungerer ved at suge varmen ud af luften udenfor og via en bl\u00e6ser f\u00f8re den direkte ind i huset. Dermed k\u00f8rer den udenom radiatorer og opvarmer heller ikke brugsvand.<\/p>\n<\/div>\n\n\n\n<div class=\"wp-block-column is-layout-flow wp-block-column-is-layout-flow\">\n<h2 class=\"wp-block-heading has-dark-blue-color has-text-color\" style=\"font-size:1.5rem\">Luft til vand-varmepumpe<\/h2>\n\n\n\n<p class=\"has-dark-blue-color has-text-color\">Ligesom luft til luft-varmepumpe henter en luft til vand-varmepumpe varmen fra den omgivende luft. Men udover blot at levere varm luft ind i husets rum er den forbundet med et eksisterende fordelingsanl\u00e6g, s\u00e5ledes at varmen og benyttes til at opvarme radiatorer og brugsvand.<\/p>\n<\/div>\n<\/div>\n<\/div><\/section>\n\n\n\n<div class=\"wp-block-cover alignfull is-light has-parallax\"><div class=\"wp-block-cover__image-background wp-image-1286 has-parallax\" style=\"background-position:50% 50%;background-image:url(https:\/\/www.henrikskovvvs.dk\/wp-content\/uploads\/2022\/07\/220609_5167_JJ_Henrik_Skov_VVS_0003.jpg)\"><\/div><span aria-hidden=\"true\" class=\"wp-block-cover__background has-light-grey-background-color has-background-dim-90 has-background-dim\"><\/span><div class=\"wp-block-cover__inner-container is-layout-flow wp-block-cover-is-layout-flow\">\n<section class=\"wp-block-group\"><div class=\"wp-block-group__inner-container is-layout-flow wp-block-group-is-layout-flow\">\n<div class=\"wp-block-columns is-layout-flex wp-container-core-columns-is-layout-9d6595d7 wp-block-columns-is-layout-flex\">\n<div class=\"wp-block-column is-layout-flow wp-block-column-is-layout-flow\" style=\"flex-basis:800px\">\n<h2 class=\"wp-block-heading has-dark-blue-color has-text-color\">Billigt og b\u00e6redygtigt<\/h2>\n\n\n\n<p class=\"has-dark-blue-color has-text-color\">Uagtet hvilken varmepumpe du v\u00e6lger, har du valgt en mere milj\u00f8venlig opvarmning, end hvis du brugte olie eller naturgas. Hvis den str\u00f8m, den bruger, er gr\u00f8n, er det rigtig t\u00e6t p\u00e5 at v\u00e6re en CO2-neutral l\u00f8sning.<\/p>\n\n\n\n<p class=\"has-dark-blue-color has-text-color\">CO2 er ikke det eneste, man sparer ved at skifte til varmepumpe. Rent \u00f8konomisk er der tale om en god forretning, idet varmepumperne er meget energieffektive. S\u00e5ledes skaber en varmepumpe op til fem gange s\u00e5 meget varmeenergi, som den bruger af el-energi.<\/p>\n<\/div>\n<\/div>\n<\/div><\/section>\n<\/div><\/div>\n\n\n\n<div class=\"wp-block-group alignfull\"><div class=\"wp-block-group__inner-container is-layout-flow wp-block-group-is-layout-flow\">\n<div class=\"wp-block-columns is-layout-flex wp-container-core-columns-is-layout-9d6595d7 wp-block-columns-is-layout-flex\">\n<div class=\"wp-block-column is-layout-flow wp-block-column-is-layout-flow\"><div class=\"wp-block-image\">\n<figure class=\"aligncenter size-full is-resized\"><img loading=\"lazy\" decoding=\"async\" width=\"640\" height=\"100\" src=\"https:\/\/www.henrikskovvvs.dk\/wp-content\/uploads\/2022\/09\/sparXpress_logo_til_web.webp\" alt=\"\" class=\"wp-image-1571\" style=\"width:350px;height:55px\" srcset=\"https:\/\/www.henrikskovvvs.dk\/wp-content\/uploads\/2022\/09\/sparXpress_logo_til_web.webp 640w, https:\/\/www.henrikskovvvs.dk\/wp-content\/uploads\/2022\/09\/sparXpress_logo_til_web-500x78.webp 500w, https:\/\/www.henrikskovvvs.dk\/wp-content\/uploads\/2022\/09\/sparXpress_logo_til_web-200x31.webp 200w\" sizes=\"auto, (max-width: 640px) 100vw, 640px\" \/><\/figure><\/div>\n\n\n<h2 class=\"wp-block-heading has-text-align-center has-text-color\" style=\"color:#d71616;font-size:3.5rem\">Delbetaling via Sparxpres<\/h2>\n\n\n\n<p class=\"has-text-align-center\">&nbsp;I samarbejde med Sparxpres tilbyder vi attraktiv, nem og hurtig delbetaling.<\/p>\n\n\n\n<div class=\"wp-block-buttons is-content-justification-center is-layout-flex wp-container-core-buttons-is-layout-16018d1d wp-block-buttons-is-layout-flex\">\n<div class=\"wp-block-button\"><a class=\"wp-block-button__link has-background wp-element-button\" href=\"https:\/\/www.henrikskovvvs.dk\/index.php\/sparxpres\/\" style=\"background-color:#d42a2a\">F\u00e5 mere information<\/a><\/div>\n<\/div>\n<\/div>\n<\/div>\n<\/div><\/div>\n","protected":false},"excerpt":{"rendered":"<p>Varmepumper To typer af varmepumper Der findes to typer af udbredte varmepumper: luft til luft-varmepumper og luft til vand-varmepumper. Hos [&hellip;]<\/p>\n","protected":false},"author":1,"featured_media":0,"parent":0,"menu_order":0,"comment_status":"closed","ping_status":"closed","template":"","meta":{"_acf_changed":false,"om_disable_all_campaigns":false,"inline_featured_image":false,"footnotes":""},"class_list":["post-1575","page","type-page","status-publish","hentry"],"acf":[],"yoast_head":"<!-- This site is optimized with the Yoast SEO plugin v24.3 - https:\/\/yoast.com\/wordpress\/plugins\/seo\/ -->\n<title>Varmepumpe luft til vand og varmepumpe luft til luft - Henrik Skov VVS<\/title>\n<meta name=\"description\" content=\"Henrik Skov VVS er din autoriserede ekspert i varmepumper. Kvalitet og service vejer tungere end pris. Vi er ikke billigst, men vi er bedst.\" \/>\n<meta name=\"robots\" content=\"index, follow, max-snippet:-1, max-image-preview:large, max-video-preview:-1\" \/>\n<link rel=\"canonical\" href=\"https:\/\/www.henrikskovvvs.dk\/index.php\/varmepumper\/\" \/>\n<meta property=\"og:locale\" content=\"en_US\" \/>\n<meta property=\"og:type\" content=\"article\" \/>\n<meta property=\"og:title\" content=\"Varmepumpe luft til vand og varmepumpe luft til luft - Henrik Skov VVS\" \/>\n<meta property=\"og:description\" content=\"Henrik Skov VVS er din autoriserede ekspert i varmepumper. Kvalitet og service vejer tungere end pris. Vi er ikke billigst, men vi er bedst.\" \/>\n<meta property=\"og:url\" content=\"https:\/\/www.henrikskovvvs.dk\/index.php\/varmepumper\/\" \/>\n<meta property=\"og:site_name\" content=\"Henrik Skov VVS\" \/>\n<meta property=\"article:modified_time\" content=\"2026-01-16T14:00:53+00:00\" \/>\n<meta property=\"og:image\" content=\"https:\/\/www.henrikskovvvs.dk\/wp-content\/uploads\/2022\/09\/varmepumper-fritlagt_tiny.png\" \/>\n\t<meta property=\"og:image:width\" content=\"1181\" \/>\n\t<meta property=\"og:image:height\" content=\"636\" \/>\n\t<meta property=\"og:image:type\" content=\"image\/png\" \/>\n<meta name=\"twitter:card\" content=\"summary_large_image\" \/>\n<meta name=\"twitter:label1\" content=\"Est. reading time\" \/>\n\t<meta name=\"twitter:data1\" content=\"2 minutes\" \/>\n<script type=\"application\/ld+json\" class=\"yoast-schema-graph\">{\"@context\":\"https:\/\/schema.org\",\"@graph\":[{\"@type\":\"WebPage\",\"@id\":\"https:\/\/www.henrikskovvvs.dk\/index.php\/varmepumper\/\",\"url\":\"https:\/\/www.henrikskovvvs.dk\/index.php\/varmepumper\/\",\"name\":\"Varmepumpe luft til vand og varmepumpe luft til luft - Henrik Skov VVS\",\"isPartOf\":{\"@id\":\"https:\/\/www.henrikskovvvs.dk\/#website\"},\"primaryImageOfPage\":{\"@id\":\"https:\/\/www.henrikskovvvs.dk\/index.php\/varmepumper\/#primaryimage\"},\"image\":{\"@id\":\"https:\/\/www.henrikskovvvs.dk\/index.php\/varmepumper\/#primaryimage\"},\"thumbnailUrl\":\"https:\/\/www.henrikskovvvs.dk\/wp-content\/uploads\/2022\/09\/varmepumper-fritlagt_tiny.png\",\"datePublished\":\"2022-09-01T09:15:49+00:00\",\"dateModified\":\"2026-01-16T14:00:53+00:00\",\"description\":\"Henrik Skov VVS er din autoriserede ekspert i varmepumper. Kvalitet og service vejer tungere end pris. Vi er ikke billigst, men vi er bedst.\",\"breadcrumb\":{\"@id\":\"https:\/\/www.henrikskovvvs.dk\/index.php\/varmepumper\/#breadcrumb\"},\"inLanguage\":\"en-US\",\"potentialAction\":[{\"@type\":\"ReadAction\",\"target\":[\"https:\/\/www.henrikskovvvs.dk\/index.php\/varmepumper\/\"]}]},{\"@type\":\"ImageObject\",\"inLanguage\":\"en-US\",\"@id\":\"https:\/\/www.henrikskovvvs.dk\/index.php\/varmepumper\/#primaryimage\",\"url\":\"https:\/\/www.henrikskovvvs.dk\/wp-content\/uploads\/2022\/09\/varmepumper-fritlagt_tiny.png\",\"contentUrl\":\"https:\/\/www.henrikskovvvs.dk\/wp-content\/uploads\/2022\/09\/varmepumper-fritlagt_tiny.png\",\"width\":1181,\"height\":636,\"caption\":\"Panasonic varmepumpe til opvarmning og k\u00f8ling\"},{\"@type\":\"BreadcrumbList\",\"@id\":\"https:\/\/www.henrikskovvvs.dk\/index.php\/varmepumper\/#breadcrumb\",\"itemListElement\":[{\"@type\":\"ListItem\",\"position\":1,\"name\":\"Home\",\"item\":\"https:\/\/www.henrikskovvvs.dk\/\"},{\"@type\":\"ListItem\",\"position\":2,\"name\":\"Varmepumper\"}]},{\"@type\":\"WebSite\",\"@id\":\"https:\/\/www.henrikskovvvs.dk\/#website\",\"url\":\"https:\/\/www.henrikskovvvs.dk\/\",\"name\":\"Henrik Skov VVS\",\"description\":\"\",\"publisher\":{\"@id\":\"https:\/\/www.henrikskovvvs.dk\/#organization\"},\"potentialAction\":[{\"@type\":\"SearchAction\",\"target\":{\"@type\":\"EntryPoint\",\"urlTemplate\":\"https:\/\/www.henrikskovvvs.dk\/?s={search_term_string}\"},\"query-input\":{\"@type\":\"PropertyValueSpecification\",\"valueRequired\":true,\"valueName\":\"search_term_string\"}}],\"inLanguage\":\"en-US\"},{\"@type\":\"Organization\",\"@id\":\"https:\/\/www.henrikskovvvs.dk\/#organization\",\"name\":\"Henrik Skov VVS\",\"url\":\"https:\/\/www.henrikskovvvs.dk\/\",\"logo\":{\"@type\":\"ImageObject\",\"inLanguage\":\"en-US\",\"@id\":\"https:\/\/www.henrikskovvvs.dk\/#\/schema\/logo\/image\/\",\"url\":\"https:\/\/www.henrikskovvvs.dk\/wp-content\/uploads\/2022\/07\/Henrik-Skov-VVS_logo.svg\",\"contentUrl\":\"https:\/\/www.henrikskovvvs.dk\/wp-content\/uploads\/2022\/07\/Henrik-Skov-VVS_logo.svg\",\"width\":160,\"height\":160,\"caption\":\"Henrik Skov VVS\"},\"image\":{\"@id\":\"https:\/\/www.henrikskovvvs.dk\/#\/schema\/logo\/image\/\"}}]}<\/script>\n<!-- \/ Yoast SEO plugin. -->","yoast_head_json":{"title":"Varmepumpe luft til vand og varmepumpe luft til luft - Henrik Skov VVS","description":"Henrik Skov VVS er din autoriserede ekspert i varmepumper. Kvalitet og service vejer tungere end pris. Vi er ikke billigst, men vi er bedst.","robots":{"index":"index","follow":"follow","max-snippet":"max-snippet:-1","max-image-preview":"max-image-preview:large","max-video-preview":"max-video-preview:-1"},"canonical":"https:\/\/www.henrikskovvvs.dk\/index.php\/varmepumper\/","og_locale":"en_US","og_type":"article","og_title":"Varmepumpe luft til vand og varmepumpe luft til luft - Henrik Skov VVS","og_description":"Henrik Skov VVS er din autoriserede ekspert i varmepumper. Kvalitet og service vejer tungere end pris. Vi er ikke billigst, men vi er bedst.","og_url":"https:\/\/www.henrikskovvvs.dk\/index.php\/varmepumper\/","og_site_name":"Henrik Skov VVS","article_modified_time":"2026-01-16T14:00:53+00:00","og_image":[{"width":1181,"height":636,"url":"https:\/\/www.henrikskovvvs.dk\/wp-content\/uploads\/2022\/09\/varmepumper-fritlagt_tiny.png","type":"image\/png"}],"twitter_card":"summary_large_image","twitter_misc":{"Est. reading time":"2 minutes"},"schema":{"@context":"https:\/\/schema.org","@graph":[{"@type":"WebPage","@id":"https:\/\/www.henrikskovvvs.dk\/index.php\/varmepumper\/","url":"https:\/\/www.henrikskovvvs.dk\/index.php\/varmepumper\/","name":"Varmepumpe luft til vand og varmepumpe luft til luft - Henrik Skov VVS","isPartOf":{"@id":"https:\/\/www.henrikskovvvs.dk\/#website"},"primaryImageOfPage":{"@id":"https:\/\/www.henrikskovvvs.dk\/index.php\/varmepumper\/#primaryimage"},"image":{"@id":"https:\/\/www.henrikskovvvs.dk\/index.php\/varmepumper\/#primaryimage"},"thumbnailUrl":"https:\/\/www.henrikskovvvs.dk\/wp-content\/uploads\/2022\/09\/varmepumper-fritlagt_tiny.png","datePublished":"2022-09-01T09:15:49+00:00","dateModified":"2026-01-16T14:00:53+00:00","description":"Henrik Skov VVS er din autoriserede ekspert i varmepumper. Kvalitet og service vejer tungere end pris. Vi er ikke billigst, men vi er bedst.","breadcrumb":{"@id":"https:\/\/www.henrikskovvvs.dk\/index.php\/varmepumper\/#breadcrumb"},"inLanguage":"en-US","potentialAction":[{"@type":"ReadAction","target":["https:\/\/www.henrikskovvvs.dk\/index.php\/varmepumper\/"]}]},{"@type":"ImageObject","inLanguage":"en-US","@id":"https:\/\/www.henrikskovvvs.dk\/index.php\/varmepumper\/#primaryimage","url":"https:\/\/www.henrikskovvvs.dk\/wp-content\/uploads\/2022\/09\/varmepumper-fritlagt_tiny.png","contentUrl":"https:\/\/www.henrikskovvvs.dk\/wp-content\/uploads\/2022\/09\/varmepumper-fritlagt_tiny.png","width":1181,"height":636,"caption":"Panasonic varmepumpe til opvarmning og k\u00f8ling"},{"@type":"BreadcrumbList","@id":"https:\/\/www.henrikskovvvs.dk\/index.php\/varmepumper\/#breadcrumb","itemListElement":[{"@type":"ListItem","position":1,"name":"Home","item":"https:\/\/www.henrikskovvvs.dk\/"},{"@type":"ListItem","position":2,"name":"Varmepumper"}]},{"@type":"WebSite","@id":"https:\/\/www.henrikskovvvs.dk\/#website","url":"https:\/\/www.henrikskovvvs.dk\/","name":"Henrik Skov VVS","description":"","publisher":{"@id":"https:\/\/www.henrikskovvvs.dk\/#organization"},"potentialAction":[{"@type":"SearchAction","target":{"@type":"EntryPoint","urlTemplate":"https:\/\/www.henrikskovvvs.dk\/?s={search_term_string}"},"query-input":{"@type":"PropertyValueSpecification","valueRequired":true,"valueName":"search_term_string"}}],"inLanguage":"en-US"},{"@type":"Organization","@id":"https:\/\/www.henrikskovvvs.dk\/#organization","name":"Henrik Skov VVS","url":"https:\/\/www.henrikskovvvs.dk\/","logo":{"@type":"ImageObject","inLanguage":"en-US","@id":"https:\/\/www.henrikskovvvs.dk\/#\/schema\/logo\/image\/","url":"https:\/\/www.henrikskovvvs.dk\/wp-content\/uploads\/2022\/07\/Henrik-Skov-VVS_logo.svg","contentUrl":"https:\/\/www.henrikskovvvs.dk\/wp-content\/uploads\/2022\/07\/Henrik-Skov-VVS_logo.svg","width":160,"height":160,"caption":"Henrik Skov VVS"},"image":{"@id":"https:\/\/www.henrikskovvvs.dk\/#\/schema\/logo\/image\/"}}]}},"_links":{"self":[{"href":"https:\/\/www.henrikskovvvs.dk\/index.php\/wp-json\/wp\/v2\/pages\/1575","targetHints":{"allow":["GET"]}}],"collection":[{"href":"https:\/\/www.henrikskovvvs.dk\/index.php\/wp-json\/wp\/v2\/pages"}],"about":[{"href":"https:\/\/www.henrikskovvvs.dk\/index.php\/wp-json\/wp\/v2\/types\/page"}],"author":[{"embeddable":true,"href":"https:\/\/www.henrikskovvvs.dk\/index.php\/wp-json\/wp\/v2\/users\/1"}],"replies":[{"embeddable":true,"href":"https:\/\/www.henrikskovvvs.dk\/index.php\/wp-json\/wp\/v2\/comments?post=1575"}],"version-history":[{"count":2,"href":"https:\/\/www.henrikskovvvs.dk\/index.php\/wp-json\/wp\/v2\/pages\/1575\/revisions"}],"predecessor-version":[{"id":1937,"href":"https:\/\/www.henrikskovvvs.dk\/index.php\/wp-json\/wp\/v2\/pages\/1575\/revisions\/1937"}],"wp:attachment":[{"href":"https:\/\/www.henrikskovvvs.dk\/index.php\/wp-json\/wp\/v2\/media?parent=1575"}],"curies":[{"name":"wp","href":"https:\/\/api.w.org\/{rel}","templated":true}]}}