{"id":1483,"date":"2022-07-08T07:57:03","date_gmt":"2022-07-08T07:57:03","guid":{"rendered":"https:\/\/www.henrikskovvvs.dk\/?page_id=1483"},"modified":"2026-01-16T14:00:16","modified_gmt":"2026-01-16T14:00:16","slug":"ejendomsservice","status":"publish","type":"page","link":"https:\/\/www.henrikskovvvs.dk\/index.php\/ejendomsservice\/","title":{"rendered":"Ejendomsservice"},"content":{"rendered":"\n<div class=\"wp-block-group alignfull trekant has-light-blue-background-color has-background\"><div class=\"wp-block-group__inner-container is-layout-flow wp-block-group-is-layout-flow\">\n<div class=\"wp-block-columns alignwide is-layout-flex wp-container-core-columns-is-layout-9d6595d7 wp-block-columns-is-layout-flex\">\n<div class=\"wp-block-column is-layout-flow wp-block-column-is-layout-flow\" style=\"flex-basis:1200px\">\n<h1 class=\"wp-block-heading mb-0 has-white-color has-text-color\" style=\"font-size:1.5rem\">Ejendomsservice<\/h1>\n\n\n\n<h2 class=\"wp-block-heading has-white-color has-text-color\">Med en serviceaftale hos os <br>kan du trygt l\u00e6ne dig tilbage<\/h2>\n\n\n\n<div class=\"wp-block-columns is-layout-flex wp-container-core-columns-is-layout-9d6595d7 wp-block-columns-is-layout-flex\">\n<div class=\"wp-block-column is-layout-flow wp-block-column-is-layout-flow\" style=\"flex-basis:800px\">\n<p class=\"has-white-color has-text-color\">I kan betragte os som en moderne gas-, vand- og varmemester, der holder styr p\u00e5 vedligeholdelsen af jeres ejendom. Vi sikrer, at installationerne altid virker og lever op til vores h\u00f8je krav. Med en aftale om regelm\u00e6ssig ejendomsservice med Henrik Skov VVS, er du garanteret en velk\u00f8rende boligforening eller andet ejendomskompleks.<\/p>\n<\/div>\n<\/div>\n\n\n\n<div style=\"height:30px\" aria-hidden=\"true\" class=\"wp-block-spacer\"><\/div>\n\n\n\n<figure class=\"wp-block-image size-large offset-bottom\"><img loading=\"lazy\" decoding=\"async\" width=\"1920\" height=\"1080\" src=\"https:\/\/www.henrikskovvvs.dk\/wp-content\/uploads\/2022\/07\/220609_5167_JJ_Henrik_Skov_VVS_0010-edited.jpg\" alt=\"VVS-installat\u00f8r st\u00e5r foran firmabil med logoet Henrik Skov VVS ApS, parkeret foran en bygning i dagslys.\" class=\"wp-image-1502\" srcset=\"https:\/\/www.henrikskovvvs.dk\/wp-content\/uploads\/2022\/07\/220609_5167_JJ_Henrik_Skov_VVS_0010-edited.jpg 1920w, https:\/\/www.henrikskovvvs.dk\/wp-content\/uploads\/2022\/07\/220609_5167_JJ_Henrik_Skov_VVS_0010-edited-500x281.jpg 500w, https:\/\/www.henrikskovvvs.dk\/wp-content\/uploads\/2022\/07\/220609_5167_JJ_Henrik_Skov_VVS_0010-edited-1580x889.jpg 1580w, https:\/\/www.henrikskovvvs.dk\/wp-content\/uploads\/2022\/07\/220609_5167_JJ_Henrik_Skov_VVS_0010-edited-200x113.jpg 200w, https:\/\/www.henrikskovvvs.dk\/wp-content\/uploads\/2022\/07\/220609_5167_JJ_Henrik_Skov_VVS_0010-edited-768x432.jpg 768w, https:\/\/www.henrikskovvvs.dk\/wp-content\/uploads\/2022\/07\/220609_5167_JJ_Henrik_Skov_VVS_0010-edited-1536x864.jpg 1536w\" sizes=\"auto, (max-width: 1920px) 100vw, 1920px\" \/><\/figure>\n<\/div>\n<\/div>\n<\/div><\/div>\n\n\n\n<section class=\"wp-block-group alignfull offset-top\"><div class=\"wp-block-group__inner-container is-layout-flow wp-block-group-is-layout-flow\">\n<div class=\"wp-block-columns alignwide is-layout-flex wp-container-core-columns-is-layout-9d6595d7 wp-block-columns-is-layout-flex\">\n<div class=\"wp-block-column is-layout-flow wp-block-column-is-layout-flow\">\n<h2 class=\"wp-block-heading has-dark-blue-color has-text-color\" style=\"font-size:1.5rem\">Pr\u00e6ventivt og klimavenligt<\/h2>\n\n\n\n<p class=\"has-dark-blue-color has-text-color\">Med en fast serviceaftale opn\u00e5r vi indg\u00e5ende kendskab til jeres ejendom. Det betyder, at vi i h\u00f8jere grad kan r\u00e5dgive om og udf\u00f8re pr\u00e6ventivt vedligeholdelsesarbejde, s\u00e5 dine installationer holder l\u00e6ngst muligt. Det er b\u00e5de godt for \u00f8konomien og milj\u00f8et. I visse tilf\u00e6lde vil vi vurdere, at en udskiftning eller opdatering er n\u00f8dvendig og i de tilf\u00e6lde vil vi r\u00e5dgive dig, s\u00e5 du f\u00e5r den mest b\u00e6redygtige l\u00f8sning \u2013 b\u00e5de for din forretning og fremtid.<\/p>\n<\/div>\n\n\n\n<div class=\"wp-block-column is-layout-flow wp-block-column-is-layout-flow\">\n<h2 class=\"wp-block-heading has-dark-blue-color has-text-color\" style=\"font-size:1.5rem\">Lav jeres egen aftale om ejendomsservice<\/h2>\n\n\n\n<p class=\"has-dark-blue-color has-text-color\">For os er der ingen opgave, der er for stor og n\u00e6sten heller ingen, der er for lille. Derfor kan vi helt sikkert tilbyde jer en aftale, som passer netop jer og jeres behov og som emmer af kvalitet, service og ordentlighed.<\/p>\n<\/div>\n<\/div>\n<\/div><\/section>\n\n\n\n<div class=\"wp-block-group alignfull has-dark-blue-background-color has-background\"><div class=\"wp-block-group__inner-container is-layout-flow wp-block-group-is-layout-flow\">\n<div class=\"wp-block-columns is-layout-flex wp-container-core-columns-is-layout-9d6595d7 wp-block-columns-is-layout-flex\">\n<div class=\"wp-block-column is-layout-flow wp-block-column-is-layout-flow\">\n<div style=\"height:80px\" aria-hidden=\"true\" class=\"wp-block-spacer\"><\/div>\n\n\n<div class=\"wp-block-image offset-bottom\">\n<figure class=\"aligncenter size-full\"><img loading=\"lazy\" decoding=\"async\" width=\"1528\" height=\"512\" src=\"https:\/\/www.henrikskovvvs.dk\/wp-content\/uploads\/2022\/07\/Screenshot_15.jpg\" alt=\"Til venstre ses en kvinde, der arbejder ved en computer p\u00e5 et kontor med to sk\u00e6rme. Til h\u00f8jre ses en mand, der l\u00e6sser eller afl\u00e6sser udstyr fra en hvid firmabil parkeret foran et hus.\" class=\"wp-image-1462\" srcset=\"https:\/\/www.henrikskovvvs.dk\/wp-content\/uploads\/2022\/07\/Screenshot_15.jpg 1528w, https:\/\/www.henrikskovvvs.dk\/wp-content\/uploads\/2022\/07\/Screenshot_15-500x168.jpg 500w, https:\/\/www.henrikskovvvs.dk\/wp-content\/uploads\/2022\/07\/Screenshot_15-200x67.jpg 200w, https:\/\/www.henrikskovvvs.dk\/wp-content\/uploads\/2022\/07\/Screenshot_15-768x257.jpg 768w\" sizes=\"auto, (max-width: 1528px) 100vw, 1528px\" \/><\/figure><\/div><\/div>\n<\/div>\n<\/div><\/div>\n\n\n\n<div class=\"wp-block-group alignfull offset-top\"><div class=\"wp-block-group__inner-container is-layout-flow wp-block-group-is-layout-flow\">\n<div class=\"wp-block-columns is-layout-flex wp-container-core-columns-is-layout-9d6595d7 wp-block-columns-is-layout-flex\">\n<div class=\"wp-block-column is-layout-flow wp-block-column-is-layout-flow\">\n<h2 class=\"wp-block-heading has-text-align-center has-dark-blue-color has-text-color\" style=\"font-size:3.5rem\">Vil du vide mere?<\/h2>\n\n\n\n<div style=\"height:20px\" aria-hidden=\"true\" class=\"wp-block-spacer\"><\/div>\n\n\n\n<div class=\"wp-block-buttons is-content-justification-center is-layout-flex wp-container-core-buttons-is-layout-16018d1d wp-block-buttons-is-layout-flex\">\n<div class=\"wp-block-button\"><a class=\"wp-block-button__link has-light-blue-background-color has-background wp-element-button\" href=\"https:\/\/www.henrikskovvvs.dk\/index.php\/kontakt\/\">Kontakt<\/a><\/div>\n<\/div>\n<\/div>\n<\/div>\n<\/div><\/div>\n","protected":false},"excerpt":{"rendered":"<p>Ejendomsservice Med en serviceaftale hos os kan du trygt l\u00e6ne dig tilbage I kan betragte os som en moderne gas-, [&hellip;]<\/p>\n","protected":false},"author":1,"featured_media":0,"parent":0,"menu_order":0,"comment_status":"closed","ping_status":"closed","template":"","meta":{"_acf_changed":false,"om_disable_all_campaigns":false,"inline_featured_image":false,"footnotes":""},"class_list":["post-1483","page","type-page","status-publish","hentry"],"acf":[],"yoast_head":"<!-- This site is optimized with the Yoast SEO plugin v24.3 - https:\/\/yoast.com\/wordpress\/plugins\/seo\/ -->\n<title>Ejendomsservice Aftaler: Kvalitet, Pr\u00e6ventiv Pleje og B\u00e6redygtighed hos Henrik Skov VVS<\/title>\n<meta name=\"description\" content=\"Opdag p\u00e5lidelig ejendomsstyring med Henrik Skov VVS. Vores serviceaftaler sikrer effektiv vedligeholdelse for en b\u00e6redygtig og velfungerende ejendom\" \/>\n<meta name=\"robots\" content=\"index, follow, max-snippet:-1, max-image-preview:large, max-video-preview:-1\" \/>\n<link rel=\"canonical\" href=\"https:\/\/www.henrikskovvvs.dk\/index.php\/ejendomsservice\/\" \/>\n<meta property=\"og:locale\" content=\"en_US\" \/>\n<meta property=\"og:type\" content=\"article\" \/>\n<meta property=\"og:title\" content=\"Ejendomsservice Aftaler: Kvalitet, Pr\u00e6ventiv Pleje og B\u00e6redygtighed hos Henrik Skov VVS\" \/>\n<meta property=\"og:description\" content=\"Opdag p\u00e5lidelig ejendomsstyring med Henrik Skov VVS. Vores serviceaftaler sikrer effektiv vedligeholdelse for en b\u00e6redygtig og velfungerende ejendom\" \/>\n<meta property=\"og:url\" content=\"https:\/\/www.henrikskovvvs.dk\/index.php\/ejendomsservice\/\" \/>\n<meta property=\"og:site_name\" content=\"Henrik Skov VVS\" \/>\n<meta property=\"article:modified_time\" content=\"2026-01-16T14:00:16+00:00\" \/>\n<meta property=\"og:image\" content=\"https:\/\/www.henrikskovvvs.dk\/wp-content\/uploads\/2022\/07\/220609_5167_JJ_Henrik_Skov_VVS_0010-edited.jpg\" \/>\n\t<meta property=\"og:image:width\" content=\"1920\" \/>\n\t<meta property=\"og:image:height\" content=\"1080\" \/>\n\t<meta property=\"og:image:type\" content=\"image\/jpeg\" \/>\n<meta name=\"twitter:card\" content=\"summary_large_image\" \/>\n<meta name=\"twitter:label1\" content=\"Est. reading time\" \/>\n\t<meta name=\"twitter:data1\" content=\"2 minutes\" \/>\n<script type=\"application\/ld+json\" class=\"yoast-schema-graph\">{\"@context\":\"https:\/\/schema.org\",\"@graph\":[{\"@type\":\"WebPage\",\"@id\":\"https:\/\/www.henrikskovvvs.dk\/index.php\/ejendomsservice\/\",\"url\":\"https:\/\/www.henrikskovvvs.dk\/index.php\/ejendomsservice\/\",\"name\":\"Ejendomsservice Aftaler: Kvalitet, Pr\u00e6ventiv Pleje og B\u00e6redygtighed hos Henrik Skov VVS\",\"isPartOf\":{\"@id\":\"https:\/\/www.henrikskovvvs.dk\/#website\"},\"primaryImageOfPage\":{\"@id\":\"https:\/\/www.henrikskovvvs.dk\/index.php\/ejendomsservice\/#primaryimage\"},\"image\":{\"@id\":\"https:\/\/www.henrikskovvvs.dk\/index.php\/ejendomsservice\/#primaryimage\"},\"thumbnailUrl\":\"https:\/\/www.henrikskovvvs.dk\/wp-content\/uploads\/2022\/07\/220609_5167_JJ_Henrik_Skov_VVS_0010-edited.jpg\",\"datePublished\":\"2022-07-08T07:57:03+00:00\",\"dateModified\":\"2026-01-16T14:00:16+00:00\",\"description\":\"Opdag p\u00e5lidelig ejendomsstyring med Henrik Skov VVS. Vores serviceaftaler sikrer effektiv vedligeholdelse for en b\u00e6redygtig og velfungerende ejendom\",\"breadcrumb\":{\"@id\":\"https:\/\/www.henrikskovvvs.dk\/index.php\/ejendomsservice\/#breadcrumb\"},\"inLanguage\":\"en-US\",\"potentialAction\":[{\"@type\":\"ReadAction\",\"target\":[\"https:\/\/www.henrikskovvvs.dk\/index.php\/ejendomsservice\/\"]}]},{\"@type\":\"ImageObject\",\"inLanguage\":\"en-US\",\"@id\":\"https:\/\/www.henrikskovvvs.dk\/index.php\/ejendomsservice\/#primaryimage\",\"url\":\"https:\/\/www.henrikskovvvs.dk\/wp-content\/uploads\/2022\/07\/220609_5167_JJ_Henrik_Skov_VVS_0010-edited.jpg\",\"contentUrl\":\"https:\/\/www.henrikskovvvs.dk\/wp-content\/uploads\/2022\/07\/220609_5167_JJ_Henrik_Skov_VVS_0010-edited.jpg\",\"width\":1920,\"height\":1080,\"caption\":\"Virksomhedsmedarbejder Henrik Skov VVS st\u00e5r foran en hvid firmavarevogn\"},{\"@type\":\"BreadcrumbList\",\"@id\":\"https:\/\/www.henrikskovvvs.dk\/index.php\/ejendomsservice\/#breadcrumb\",\"itemListElement\":[{\"@type\":\"ListItem\",\"position\":1,\"name\":\"Home\",\"item\":\"https:\/\/www.henrikskovvvs.dk\/\"},{\"@type\":\"ListItem\",\"position\":2,\"name\":\"Ejendomsservice\"}]},{\"@type\":\"WebSite\",\"@id\":\"https:\/\/www.henrikskovvvs.dk\/#website\",\"url\":\"https:\/\/www.henrikskovvvs.dk\/\",\"name\":\"Henrik Skov VVS\",\"description\":\"\",\"publisher\":{\"@id\":\"https:\/\/www.henrikskovvvs.dk\/#organization\"},\"potentialAction\":[{\"@type\":\"SearchAction\",\"target\":{\"@type\":\"EntryPoint\",\"urlTemplate\":\"https:\/\/www.henrikskovvvs.dk\/?s={search_term_string}\"},\"query-input\":{\"@type\":\"PropertyValueSpecification\",\"valueRequired\":true,\"valueName\":\"search_term_string\"}}],\"inLanguage\":\"en-US\"},{\"@type\":\"Organization\",\"@id\":\"https:\/\/www.henrikskovvvs.dk\/#organization\",\"name\":\"Henrik Skov VVS\",\"url\":\"https:\/\/www.henrikskovvvs.dk\/\",\"logo\":{\"@type\":\"ImageObject\",\"inLanguage\":\"en-US\",\"@id\":\"https:\/\/www.henrikskovvvs.dk\/#\/schema\/logo\/image\/\",\"url\":\"https:\/\/www.henrikskovvvs.dk\/wp-content\/uploads\/2022\/07\/Henrik-Skov-VVS_logo.svg\",\"contentUrl\":\"https:\/\/www.henrikskovvvs.dk\/wp-content\/uploads\/2022\/07\/Henrik-Skov-VVS_logo.svg\",\"width\":160,\"height\":160,\"caption\":\"Henrik Skov VVS\"},\"image\":{\"@id\":\"https:\/\/www.henrikskovvvs.dk\/#\/schema\/logo\/image\/\"}}]}<\/script>\n<!-- \/ Yoast SEO plugin. -->","yoast_head_json":{"title":"Ejendomsservice Aftaler: Kvalitet, Pr\u00e6ventiv Pleje og B\u00e6redygtighed hos Henrik Skov VVS","description":"Opdag p\u00e5lidelig ejendomsstyring med Henrik Skov VVS. Vores serviceaftaler sikrer effektiv vedligeholdelse for en b\u00e6redygtig og velfungerende ejendom","robots":{"index":"index","follow":"follow","max-snippet":"max-snippet:-1","max-image-preview":"max-image-preview:large","max-video-preview":"max-video-preview:-1"},"canonical":"https:\/\/www.henrikskovvvs.dk\/index.php\/ejendomsservice\/","og_locale":"en_US","og_type":"article","og_title":"Ejendomsservice Aftaler: Kvalitet, Pr\u00e6ventiv Pleje og B\u00e6redygtighed hos Henrik Skov VVS","og_description":"Opdag p\u00e5lidelig ejendomsstyring med Henrik Skov VVS. Vores serviceaftaler sikrer effektiv vedligeholdelse for en b\u00e6redygtig og velfungerende ejendom","og_url":"https:\/\/www.henrikskovvvs.dk\/index.php\/ejendomsservice\/","og_site_name":"Henrik Skov VVS","article_modified_time":"2026-01-16T14:00:16+00:00","og_image":[{"width":1920,"height":1080,"url":"https:\/\/www.henrikskovvvs.dk\/wp-content\/uploads\/2022\/07\/220609_5167_JJ_Henrik_Skov_VVS_0010-edited.jpg","type":"image\/jpeg"}],"twitter_card":"summary_large_image","twitter_misc":{"Est. reading time":"2 minutes"},"schema":{"@context":"https:\/\/schema.org","@graph":[{"@type":"WebPage","@id":"https:\/\/www.henrikskovvvs.dk\/index.php\/ejendomsservice\/","url":"https:\/\/www.henrikskovvvs.dk\/index.php\/ejendomsservice\/","name":"Ejendomsservice Aftaler: Kvalitet, Pr\u00e6ventiv Pleje og B\u00e6redygtighed hos Henrik Skov VVS","isPartOf":{"@id":"https:\/\/www.henrikskovvvs.dk\/#website"},"primaryImageOfPage":{"@id":"https:\/\/www.henrikskovvvs.dk\/index.php\/ejendomsservice\/#primaryimage"},"image":{"@id":"https:\/\/www.henrikskovvvs.dk\/index.php\/ejendomsservice\/#primaryimage"},"thumbnailUrl":"https:\/\/www.henrikskovvvs.dk\/wp-content\/uploads\/2022\/07\/220609_5167_JJ_Henrik_Skov_VVS_0010-edited.jpg","datePublished":"2022-07-08T07:57:03+00:00","dateModified":"2026-01-16T14:00:16+00:00","description":"Opdag p\u00e5lidelig ejendomsstyring med Henrik Skov VVS. Vores serviceaftaler sikrer effektiv vedligeholdelse for en b\u00e6redygtig og velfungerende ejendom","breadcrumb":{"@id":"https:\/\/www.henrikskovvvs.dk\/index.php\/ejendomsservice\/#breadcrumb"},"inLanguage":"en-US","potentialAction":[{"@type":"ReadAction","target":["https:\/\/www.henrikskovvvs.dk\/index.php\/ejendomsservice\/"]}]},{"@type":"ImageObject","inLanguage":"en-US","@id":"https:\/\/www.henrikskovvvs.dk\/index.php\/ejendomsservice\/#primaryimage","url":"https:\/\/www.henrikskovvvs.dk\/wp-content\/uploads\/2022\/07\/220609_5167_JJ_Henrik_Skov_VVS_0010-edited.jpg","contentUrl":"https:\/\/www.henrikskovvvs.dk\/wp-content\/uploads\/2022\/07\/220609_5167_JJ_Henrik_Skov_VVS_0010-edited.jpg","width":1920,"height":1080,"caption":"Virksomhedsmedarbejder Henrik Skov VVS st\u00e5r foran en hvid firmavarevogn"},{"@type":"BreadcrumbList","@id":"https:\/\/www.henrikskovvvs.dk\/index.php\/ejendomsservice\/#breadcrumb","itemListElement":[{"@type":"ListItem","position":1,"name":"Home","item":"https:\/\/www.henrikskovvvs.dk\/"},{"@type":"ListItem","position":2,"name":"Ejendomsservice"}]},{"@type":"WebSite","@id":"https:\/\/www.henrikskovvvs.dk\/#website","url":"https:\/\/www.henrikskovvvs.dk\/","name":"Henrik Skov VVS","description":"","publisher":{"@id":"https:\/\/www.henrikskovvvs.dk\/#organization"},"potentialAction":[{"@type":"SearchAction","target":{"@type":"EntryPoint","urlTemplate":"https:\/\/www.henrikskovvvs.dk\/?s={search_term_string}"},"query-input":{"@type":"PropertyValueSpecification","valueRequired":true,"valueName":"search_term_string"}}],"inLanguage":"en-US"},{"@type":"Organization","@id":"https:\/\/www.henrikskovvvs.dk\/#organization","name":"Henrik Skov VVS","url":"https:\/\/www.henrikskovvvs.dk\/","logo":{"@type":"ImageObject","inLanguage":"en-US","@id":"https:\/\/www.henrikskovvvs.dk\/#\/schema\/logo\/image\/","url":"https:\/\/www.henrikskovvvs.dk\/wp-content\/uploads\/2022\/07\/Henrik-Skov-VVS_logo.svg","contentUrl":"https:\/\/www.henrikskovvvs.dk\/wp-content\/uploads\/2022\/07\/Henrik-Skov-VVS_logo.svg","width":160,"height":160,"caption":"Henrik Skov VVS"},"image":{"@id":"https:\/\/www.henrikskovvvs.dk\/#\/schema\/logo\/image\/"}}]}},"_links":{"self":[{"href":"https:\/\/www.henrikskovvvs.dk\/index.php\/wp-json\/wp\/v2\/pages\/1483","targetHints":{"allow":["GET"]}}],"collection":[{"href":"https:\/\/www.henrikskovvvs.dk\/index.php\/wp-json\/wp\/v2\/pages"}],"about":[{"href":"https:\/\/www.henrikskovvvs.dk\/index.php\/wp-json\/wp\/v2\/types\/page"}],"author":[{"embeddable":true,"href":"https:\/\/www.henrikskovvvs.dk\/index.php\/wp-json\/wp\/v2\/users\/1"}],"replies":[{"embeddable":true,"href":"https:\/\/www.henrikskovvvs.dk\/index.php\/wp-json\/wp\/v2\/comments?post=1483"}],"version-history":[{"count":11,"href":"https:\/\/www.henrikskovvvs.dk\/index.php\/wp-json\/wp\/v2\/pages\/1483\/revisions"}],"predecessor-version":[{"id":1936,"href":"https:\/\/www.henrikskovvvs.dk\/index.php\/wp-json\/wp\/v2\/pages\/1483\/revisions\/1936"}],"wp:attachment":[{"href":"https:\/\/www.henrikskovvvs.dk\/index.php\/wp-json\/wp\/v2\/media?parent=1483"}],"curies":[{"name":"wp","href":"https:\/\/api.w.org\/{rel}","templated":true}]}}